{"id":148725,"date":"2021-01-15T10:58:01","date_gmt":"2021-01-15T10:58:01","guid":{"rendered":"https:\/\/codengine3.ch\/?product=import-placeholder-for-205235"},"modified":"2024-04-24T17:49:56","modified_gmt":"2024-04-24T15:49:56","slug":"ibiza-formentera","status":"publish","type":"product","link":"https:\/\/pizbube.ch\/en\/shop\/ibiza-formentera\/","title":{"rendered":"Ibiza &#8211; Die sch\u00f6nsten Inselwanderungen"},"content":{"rendered":"<p><span class=\"value\">Lange Zeit als ausgeflippte Szene-Insel f\u00fcr Hippies und Techno-Freaks verschrien, hat sich Ibiza inzwischen auch unter Naturfreunden und Wanderern einen Namen gemacht. Der Rother Wanderf\u00fchrer Ibiza stellt 32 abwechslungsreiche Touren an den K\u00fcsten und im Hinterland vor.<\/span><\/p>\n<p>Abseits der Ferienst\u00e4dte \u00fcberrascht eine b\u00e4uerlich gepr\u00e4gte Kulturlandschaft. Bewaldete H\u00fcgelketten und vor allem die \u00fcberaus malerische K\u00fcstenlandschaft machen den besonderen Reiz der Baleareninsel aus. Sanft geschwungene Buchten wechseln mit bizarr modellierten Steilk\u00fcsten und vorgelagerten Felseilanden. Manche der t\u00fcrkisfarbenen Badepl\u00e4tze sind nur zu Fu\u00df erreichbar, vor allem der Norden h\u00e4lt etliche unber\u00fchrte Naturparadiese bereit.<\/p>\n<p>Exakte Wegbeschreibungen, aussagekr\u00e4ftige H\u00f6henprofile, Wanderk\u00e4rtchen und GPS-Daten zum Download machen jede Wanderung leicht nachvollziehbar. Hinweise zu Unterkunftsorten, Sehensw\u00fcrdigkeiten und Str\u00e4nden sowie Ausflugstipps runden den Wanderf\u00fchrer ab.<\/p>\n<p>144 Seiten<br \/>\n32 Wanderk\u00e4rtchen im Ma\u00dfstab 1:25.000 und 1:50.000, zwei \u00dcbersichtskarten im Ma\u00dfstab 1:200.000 und 1:500.000<br \/>\n3., aktualisierte Auflage 2019<\/p>","protected":false},"excerpt":{"rendered":"<p>Lange Zeit als ausgeflippte Szene-Insel f\u00fcr Hippies und Techno-Freaks verschrien, hat sich Ibiza inzwischen auch unter Naturfreunden und Wanderern einen Namen gemacht. Der Rother Wanderf\u00fchrer Ibiza stellt 32 abwechslungsreiche Touren an den K\u00fcsten und im Hinterland vor. Abseits der Ferienst\u00e4dte \u00fcberrascht eine b\u00e4uerlich gepr\u00e4gte Kulturlandschaft. Bewaldete H\u00fcgelketten und vor allem die \u00fcberaus malerische K\u00fcstenlandschaft machen [&#8230;]\n","protected":false},"featured_media":172715,"template":"","meta":[],"product_brand":[],"product_cat":[21605],"product_tag":[],"class_list":{"0":"post-148725","1":"product","2":"type-product","3":"status-publish","4":"has-post-thumbnail","6":"product_cat-wanderfuehrer-trekking","7":"pa_autor-goetz-2","8":"pa_erscheinungsjahr-21586","9":"pa_region-spanien","10":"pa_sprache-de","12":"first","13":"instock","14":"taxable","15":"shipping-taxable","16":"purchasable","17":"product-type-simple"},"_links":{"self":[{"href":"https:\/\/pizbube.ch\/en\/wp-json\/wp\/v2\/product\/148725","targetHints":{"allow":["GET"]}}],"collection":[{"href":"https:\/\/pizbube.ch\/en\/wp-json\/wp\/v2\/product"}],"about":[{"href":"https:\/\/pizbube.ch\/en\/wp-json\/wp\/v2\/types\/product"}],"wp:featuredmedia":[{"embeddable":true,"href":"https:\/\/pizbube.ch\/en\/wp-json\/wp\/v2\/media\/172715"}],"wp:attachment":[{"href":"https:\/\/pizbube.ch\/en\/wp-json\/wp\/v2\/media?parent=148725"}],"wp:term":[{"taxonomy":"product_brand","embeddable":true,"href":"https:\/\/pizbube.ch\/en\/wp-json\/wp\/v2\/product_brand?post=148725"},{"taxonomy":"product_cat","embeddable":true,"href":"https:\/\/pizbube.ch\/en\/wp-json\/wp\/v2\/product_cat?post=148725"},{"taxonomy":"product_tag","embeddable":true,"href":"https:\/\/pizbube.ch\/en\/wp-json\/wp\/v2\/product_tag?post=148725"}],"curies":[{"name":"wp","href":"https:\/\/api.w.org\/{rel}","templated":true}]}}