{"id":148726,"date":"2021-01-15T10:58:01","date_gmt":"2021-01-15T10:58:01","guid":{"rendered":"https:\/\/codengine3.ch\/?product=import-placeholder-for-207127"},"modified":"2025-11-20T12:21:51","modified_gmt":"2025-11-20T11:21:51","slug":"tanz-auf-dem-vulkan-kletter-reise-fuehrer-teneriffa","status":"publish","type":"product","link":"https:\/\/pizbube.ch\/en\/shop\/tanz-auf-dem-vulkan-kletter-reise-fuehrer-teneriffa\/","title":{"rendered":"Tanz auf dem Vulkan &#8211; Kletter-Reise-F\u00fchrer Teneriffa"},"content":{"rendered":"<p>Teneriffa Kletter- und Reisef\u00fchrer<\/p>\n<p>Winterk\u00e4lte &#8211; Du kannst kommen! Hier ist das b\u00fccherne Rezept gegen<br \/>\nErk\u00e4ltungen, Dunkel-Depressionen und Schneematsch-Phobien: die Anleitung zum<br \/>\nTanz auf dem Vulkan. Gemeint ist der Pico de Teide, der mit seinen \u00fcber 3700<br \/>\nMetern nicht nur der h\u00f6chste Berg Spaniens ist, sondern mit seiner Lage in den<br \/>\nmaritimen Subtropen Klettergebiete zu seinen F\u00fc\u00dfen versammelt, die weltweit<br \/>\nihresgleichen suchen.<\/p>\n<p>Der vertikale Tanz an den gelben, grauen und roten Felsen Teneriffas ist f\u00fcr<br \/>\njede Urlaubszeit eine sichere Option, denn nicht umsonst nennt man sie die<br \/>\n&#8218;Insel des ewigen Fr\u00fchlings&#8216;.<\/p>\n<p>Der erste kombinierte Kletterf\u00fchrer und Reisef\u00fchrer f\u00fcr Teneriffa!<br \/>\n288 Seiten, viele Topos, Fotos und Comics. Komplett farbig, ausf\u00fchrlicher<br \/>\nReisef\u00fchrerteil!<\/p>","protected":false},"excerpt":{"rendered":"<p>Teneriffa Kletter- und Reisef\u00fchrer Winterk\u00e4lte &#8211; Du kannst kommen! Hier ist das b\u00fccherne Rezept gegen Erk\u00e4ltungen, Dunkel-Depressionen und Schneematsch-Phobien: die Anleitung zum Tanz auf dem Vulkan. Gemeint ist der Pico de Teide, der mit seinen \u00fcber 3700 Metern nicht nur der h\u00f6chste Berg Spaniens ist, sondern mit seiner Lage in den maritimen Subtropen Klettergebiete zu [&#8230;]\n","protected":false},"featured_media":159283,"template":"","meta":[],"product_brand":[],"product_cat":[21539],"product_tag":[26973,27649,26900],"class_list":{"0":"post-148726","1":"product","2":"type-product","3":"status-publish","4":"has-post-thumbnail","6":"product_cat-fuehrerliteratur-sportklettern-bouldern","7":"product_tag-tenerifa","8":"product_tag-tenerife","9":"product_tag-teneriffe","10":"pa_autor-hupe-krug","11":"pa_erscheinungsjahr-21610","12":"pa_region-spanien","13":"pa_sprache-de","15":"first","16":"instock","17":"taxable","18":"shipping-taxable","19":"purchasable","20":"product-type-simple"},"_links":{"self":[{"href":"https:\/\/pizbube.ch\/en\/wp-json\/wp\/v2\/product\/148726","targetHints":{"allow":["GET"]}}],"collection":[{"href":"https:\/\/pizbube.ch\/en\/wp-json\/wp\/v2\/product"}],"about":[{"href":"https:\/\/pizbube.ch\/en\/wp-json\/wp\/v2\/types\/product"}],"wp:featuredmedia":[{"embeddable":true,"href":"https:\/\/pizbube.ch\/en\/wp-json\/wp\/v2\/media\/159283"}],"wp:attachment":[{"href":"https:\/\/pizbube.ch\/en\/wp-json\/wp\/v2\/media?parent=148726"}],"wp:term":[{"taxonomy":"product_brand","embeddable":true,"href":"https:\/\/pizbube.ch\/en\/wp-json\/wp\/v2\/product_brand?post=148726"},{"taxonomy":"product_cat","embeddable":true,"href":"https:\/\/pizbube.ch\/en\/wp-json\/wp\/v2\/product_cat?post=148726"},{"taxonomy":"product_tag","embeddable":true,"href":"https:\/\/pizbube.ch\/en\/wp-json\/wp\/v2\/product_tag?post=148726"}],"curies":[{"name":"wp","href":"https:\/\/api.w.org\/{rel}","templated":true}]}}