{"id":148730,"date":"2021-01-15T10:58:01","date_gmt":"2021-01-15T10:58:01","guid":{"rendered":"https:\/\/codengine3.ch\/?product=import-placeholder-for-208606"},"modified":"2023-02-25T09:06:39","modified_gmt":"2023-02-25T08:06:39","slug":"albania-vermoshi-tamare-razma-thethi-hiking-and-biking-1-150000","status":"publish","type":"product","link":"https:\/\/pizbube.ch\/en\/shop\/albania-vermoshi-tamare-razma-thethi-hiking-and-biking-1-150000\/","title":{"rendered":"Albania: Vermoshi &#8211; Tamare &#8211; Razma &#8211; Thethi, Hiking and Biking [1] 1:50`000"},"content":{"rendered":"<p>Wander- und Radkarte Nordalbanien mit Tourenbeschreibungen auf der Kartenr\u00fcckseite &#8211; GPS-genau!<br \/>\nBlatt 1<\/p>\n<p>Diese 9-teilige Rad- und Wanderkartenserie im Ma\u00dfstab 1:50.000 bildet die attraktivsten Regionen Albaniens ab.<br \/>\nDie Kartenreihe wurde in Zusammenarbeit mit unserem Partner Prof. As. Dr. Kujtim Onuzi in Tirana (Albanien) erarbeitet und ver\u00f6ffentlicht, und von der Austrian Development Agency (ADA) gef\u00f6rdert.<\/p>\n<p>Dar\u00fcber hinaus wurden die Karten von den \u00f6rtlichen Tourismusverb\u00e4nden und \u2013institutionen mit wertvollen Inhalten von touristischem Interesse, wie z.B. \u00dcbernachtungsm\u00f6glichkeiten, sehenswerte H\u00f6hlen und Aussichtspunkte, erg\u00e4nzt.<\/p>\n<p>Auf den Kartenvorderseiten sind nummerierte farblich voneinander getrennte Rad- und Wandertouren markiert, die auf den Kartenr\u00fcckseiten ausf\u00fchrlich in albanischer und englischer Sprache beschrieben und erl\u00e4utert werden. Zus\u00e4tzliche Fotos aus der jeweiligen Region geben einen bildhaften Eindruck.<\/p>\n<p>Die markierten Routen bieten dem Nutzer die M\u00f6glichkeit, sowohl kurze Ausfl\u00fcge als auch mehrt\u00e4gige Touren zu unternehmen.<br \/>\nDiese werden zus\u00e4tzlich durch n\u00fctzliche Tipps, wie z.B. Beschaffenheit der Stra\u00dfenoberfl\u00e4che und teils H\u00f6henprofile, erg\u00e4nzt.<br \/>\nAlle Rad- und Wanderwege wurden vor Ort von lokalen Spezialisten recherchiert, per GPS erfasst und nach Schwierigkeitsgraden klassifiziert.<\/p>\n<p>&nbsp;<\/p>\n<p>Vermoshi, Tamare, Razma, Thethi &#8211; area of northern Albania at 1:50,000 in a<br \/>\nseries of GPS compatible contoured maps from Huber Verlag showing hiking and<br \/>\ncycling routes, climbing sites, tourist accommodation, etc. Descriptions cover<br \/>\n16 hiking trails and six cycling routes between 14km and 152km long. Route<br \/>\nprofiles are provided for most of the hiking paths and all the cycle tours.<br \/>\nSeveral climbing sites are also marked.<\/p>\n<p>Maps in this series, prepared in cooperation with the Albanian Alps<br \/>\nAssociations and the National Society for Mountainous Studies, have contours<br \/>\nat 50m intervals, with spot heights, graphic relief for exposed rocky areas<br \/>\nand colouring showing woodlands. Recommended hiking and cycling routes are<br \/>\nprominently marked and cross-referenced to descriptions on the reverse side.<br \/>\nInteresting towns and villages are highlighted and symbols indicate hotels and<br \/>\nother tourist accommodation, sites for climbing and\/or kayaking, museums,<br \/>\narchaeological remains, medical facilities, etc. The maps have a 1-km UTM<br \/>\ngrid. On the reverse are detailed descriptions of the recommended hiking and<br \/>\ncycling trails accompanied in some titles by route profiles. Map legend and<br \/>\nall the text include English.<\/p>","protected":false},"excerpt":{"rendered":"<p>Wander- und Radkarte Nordalbanien mit Tourenbeschreibungen auf der Kartenr\u00fcckseite &#8211; GPS-genau! Blatt 1 Diese 9-teilige Rad- und Wanderkartenserie im Ma\u00dfstab 1:50.000 bildet die attraktivsten Regionen Albaniens ab. Die Kartenreihe wurde in Zusammenarbeit mit unserem Partner Prof. As. Dr. Kujtim Onuzi in Tirana (Albanien) erarbeitet und ver\u00f6ffentlicht, und von der Austrian Development Agency (ADA) gef\u00f6rdert. Dar\u00fcber [&#8230;]\n","protected":false},"featured_media":40703,"template":"","meta":[],"product_brand":[],"product_cat":[21543],"product_tag":[27234],"class_list":{"0":"post-148730","1":"product","2":"type-product","3":"status-publish","4":"has-post-thumbnail","6":"product_cat-landkarten","7":"product_tag-albanien","8":"pa_autor-huber","9":"pa_erscheinungsjahr-21558","10":"pa_region-osteuropa","11":"pa_sprache-en","13":"first","14":"instock","15":"taxable","16":"shipping-taxable","17":"purchasable","18":"product-type-simple"},"_links":{"self":[{"href":"https:\/\/pizbube.ch\/en\/wp-json\/wp\/v2\/product\/148730","targetHints":{"allow":["GET"]}}],"collection":[{"href":"https:\/\/pizbube.ch\/en\/wp-json\/wp\/v2\/product"}],"about":[{"href":"https:\/\/pizbube.ch\/en\/wp-json\/wp\/v2\/types\/product"}],"wp:featuredmedia":[{"embeddable":true,"href":"https:\/\/pizbube.ch\/en\/wp-json\/wp\/v2\/media\/40703"}],"wp:attachment":[{"href":"https:\/\/pizbube.ch\/en\/wp-json\/wp\/v2\/media?parent=148730"}],"wp:term":[{"taxonomy":"product_brand","embeddable":true,"href":"https:\/\/pizbube.ch\/en\/wp-json\/wp\/v2\/product_brand?post=148730"},{"taxonomy":"product_cat","embeddable":true,"href":"https:\/\/pizbube.ch\/en\/wp-json\/wp\/v2\/product_cat?post=148730"},{"taxonomy":"product_tag","embeddable":true,"href":"https:\/\/pizbube.ch\/en\/wp-json\/wp\/v2\/product_tag?post=148730"}],"curies":[{"name":"wp","href":"https:\/\/api.w.org\/{rel}","templated":true}]}}