{"id":148731,"date":"2021-01-15T10:58:01","date_gmt":"2021-01-15T10:58:01","guid":{"rendered":"https:\/\/codengine3.ch\/?product=import-placeholder-for-208194"},"modified":"2026-01-21T10:01:04","modified_gmt":"2026-01-21T09:01:04","slug":"peaks-of-the-balkans","status":"publish","type":"product","link":"https:\/\/pizbube.ch\/en\/shop\/peaks-of-the-balkans\/","title":{"rendered":"Peaks of the Balkans"},"content":{"rendered":"<p><span class=\"value\">2011 wurde mit dem Peaks of the Balkans ein abenteuerlicher neuer Fernwanderweg im Dreil\u00e4ndereck zwischen Albanien, Kosovo und Montenegro er\u00f6ffnet. Dieser Wanderf\u00fchrer liefert eine genaue Beschreibung des knapp 187 km langen Weges durch die faszinierende Landschaft rund um die &#171;Gipfel des Balkans&#187;. <\/span><\/p>\n<p><span class=\"value\">Mit vielen Tipps zu Themen wie Anreise, Grenz\u00fcbertritten und Reisewetter, Hinweisen zu Unterk\u00fcnften und Exkursen zu Land und Leuten beinhaltet das Buch alle Informationen, die man f\u00fcr eine Wanderung auf diesem Weg braucht. <\/span><\/p>\n<p><span class=\"value\">Bei der Orientierung helfen neben der detaillierten Beschreibung genaue Karten und H\u00f6henprofile zu jeder Etappe. Zahlreiche Fotos verst\u00e4rken die Wander- und Abenteuerlust.<\/span><\/p>\n<p>2. \u00fcberarbeitete Auflage 2026<\/p>","protected":false},"excerpt":{"rendered":"<p>2011 wurde mit dem Peaks of the Balkans ein abenteuerlicher neuer Fernwanderweg im Dreil\u00e4ndereck zwischen Albanien, Kosovo und Montenegro er\u00f6ffnet. Dieser Wanderf\u00fchrer liefert eine genaue Beschreibung des knapp 187 km langen Weges durch die faszinierende Landschaft rund um die &#171;Gipfel des Balkans&#187;. Mit vielen Tipps zu Themen wie Anreise, Grenz\u00fcbertritten und Reisewetter, Hinweisen zu Unterk\u00fcnften [&#8230;]\n","protected":false},"featured_media":182891,"template":"","meta":[],"product_brand":[],"product_cat":[21605],"product_tag":[],"class_list":{"0":"post-148731","1":"product","2":"type-product","3":"status-publish","4":"has-post-thumbnail","6":"product_cat-wanderfuehrer-trekking","7":"pa_autor-dohren","8":"pa_erscheinungsjahr-27654","9":"pa_region-osteuropa","10":"pa_sprache-de","12":"first","13":"instock","14":"taxable","15":"shipping-taxable","16":"purchasable","17":"product-type-simple"},"_links":{"self":[{"href":"https:\/\/pizbube.ch\/en\/wp-json\/wp\/v2\/product\/148731","targetHints":{"allow":["GET"]}}],"collection":[{"href":"https:\/\/pizbube.ch\/en\/wp-json\/wp\/v2\/product"}],"about":[{"href":"https:\/\/pizbube.ch\/en\/wp-json\/wp\/v2\/types\/product"}],"wp:featuredmedia":[{"embeddable":true,"href":"https:\/\/pizbube.ch\/en\/wp-json\/wp\/v2\/media\/182891"}],"wp:attachment":[{"href":"https:\/\/pizbube.ch\/en\/wp-json\/wp\/v2\/media?parent=148731"}],"wp:term":[{"taxonomy":"product_brand","embeddable":true,"href":"https:\/\/pizbube.ch\/en\/wp-json\/wp\/v2\/product_brand?post=148731"},{"taxonomy":"product_cat","embeddable":true,"href":"https:\/\/pizbube.ch\/en\/wp-json\/wp\/v2\/product_cat?post=148731"},{"taxonomy":"product_tag","embeddable":true,"href":"https:\/\/pizbube.ch\/en\/wp-json\/wp\/v2\/product_tag?post=148731"}],"curies":[{"name":"wp","href":"https:\/\/api.w.org\/{rel}","templated":true}]}}