{"id":148732,"date":"2021-01-15T10:58:01","date_gmt":"2021-01-15T10:58:01","guid":{"rendered":"https:\/\/codengine3.ch\/?product=import-placeholder-for-207822"},"modified":"2024-02-02T09:33:39","modified_gmt":"2024-02-02T08:33:39","slug":"peaks-of-the-balkans-map-160000","status":"publish","type":"product","link":"https:\/\/pizbube.ch\/en\/shop\/peaks-of-the-balkans-map-160000\/","title":{"rendered":"Peaks of the Balkans &#8211; map 1:60`000"},"content":{"rendered":"<p>Cross border Hiking Albania &#8211; Kosovo &#8211; Montenegro<\/p>\n<p>The transnational &#171;Peaks of the Balkans Trail&#187; guides through some of the<br \/>\nmost out of the way and wild mountain areas of the western Balkans.<\/p>\n<p>The &#171;Peaks of the Balkans&#187; walking map showing the trail through the mountains<br \/>\nin the border region of Albania, Kosovo, Montenegro, and contains a detailed<br \/>\ndescription of the various parts of the route including elevation profiles.<\/p>\n<p>Scale 1:60 000<\/p>\n<p><span class=\"value\">Der transnationale &#171;Peaks des Balkans Trail&#187; f\u00fchrt durch eine der abgelegensten und wildesten Bergregionen des westlichen Balkans. <\/span><\/p>\n<p><span class=\"value\">Die &#171;Peaks of the Balkans&#187; Wanderkarte zeigt die Wanderroute durch die Berge im Dreil\u00e4ndereck Albanien, Kosovo und Montenegro und enth\u00e4lt eine detaillierte Beschreibung der einzelnen Wegabschnitte inkl. H\u00f6henprofilen.<br \/>\nPeaks of the Balkan cross border hiking Albania &#8211; Kosovo &#8211; Montenegro<\/span><\/p>","protected":false},"excerpt":{"rendered":"<p>Cross border Hiking Albania &#8211; Kosovo &#8211; Montenegro The transnational &#171;Peaks of the Balkans Trail&#187; guides through some of the most out of the way and wild mountain areas of the western Balkans. The &#171;Peaks of the Balkans&#187; walking map showing the trail through the mountains in the border region of Albania, Kosovo, Montenegro, and [&#8230;]\n","protected":false},"featured_media":159010,"template":"","meta":[],"product_brand":[],"product_cat":[21543],"product_tag":[],"class_list":{"0":"post-148732","1":"product","2":"type-product","3":"status-publish","4":"has-post-thumbnail","6":"product_cat-landkarten","7":"pa_autor-huber","8":"pa_erscheinungsjahr-25440","9":"pa_region-osteuropa","10":"pa_sprache-en-de","12":"first","13":"instock","14":"taxable","15":"shipping-taxable","16":"purchasable","17":"product-type-simple"},"_links":{"self":[{"href":"https:\/\/pizbube.ch\/en\/wp-json\/wp\/v2\/product\/148732","targetHints":{"allow":["GET"]}}],"collection":[{"href":"https:\/\/pizbube.ch\/en\/wp-json\/wp\/v2\/product"}],"about":[{"href":"https:\/\/pizbube.ch\/en\/wp-json\/wp\/v2\/types\/product"}],"wp:featuredmedia":[{"embeddable":true,"href":"https:\/\/pizbube.ch\/en\/wp-json\/wp\/v2\/media\/159010"}],"wp:attachment":[{"href":"https:\/\/pizbube.ch\/en\/wp-json\/wp\/v2\/media?parent=148732"}],"wp:term":[{"taxonomy":"product_brand","embeddable":true,"href":"https:\/\/pizbube.ch\/en\/wp-json\/wp\/v2\/product_brand?post=148732"},{"taxonomy":"product_cat","embeddable":true,"href":"https:\/\/pizbube.ch\/en\/wp-json\/wp\/v2\/product_cat?post=148732"},{"taxonomy":"product_tag","embeddable":true,"href":"https:\/\/pizbube.ch\/en\/wp-json\/wp\/v2\/product_tag?post=148732"}],"curies":[{"name":"wp","href":"https:\/\/api.w.org\/{rel}","templated":true}]}}