{"id":148733,"date":"2021-01-15T10:58:01","date_gmt":"2021-01-15T10:58:01","guid":{"rendered":"https:\/\/codengine3.ch\/?product=import-placeholder-for-207848"},"modified":"2023-02-15T15:57:36","modified_gmt":"2023-02-15T14:57:36","slug":"albania-tropoja-b-curri-valbona-hiking-and-biking-2-150000","status":"publish","type":"product","link":"https:\/\/pizbube.ch\/en\/shop\/albania-tropoja-b-curri-valbona-hiking-and-biking-2-150000\/","title":{"rendered":"Albania: Tropoja &#8211; B. Curri &#8211; Valbona Hiking and Biking [2] 1:50`000"},"content":{"rendered":"<p>Tropoja, B.Curri, Valbona (Blatt 2)<\/p>\n<p>Wander- und Radkarte Nordalbanien mit Tourenbeschreibungen auf der Kartenr\u00fcckseite- GPS-genau!<br \/>\nDiese 9-teilige Rad- und Wanderkartenserie im Ma\u00dfstab 1:50.000 bildet die attraktivsten Regionen Albaniens ab.<br \/>\nDie Kartenreihe wurde in Zusammenarbeit mit unserem Partner Prof. As. Dr. Kujtim Onuzi in Tirana (Albanien) erarbeitet und ver\u00f6ffentlicht, und von der Austrian Development Agency (ADA) gef\u00f6rdert.<\/p>\n<p>Dar\u00fcber hinaus wurden die Karten von den \u00f6rtlichen Tourismusverb\u00e4nden und \u2013institutionen mit wertvollen Inhalten von touristischem Interesse, wie z.B. \u00dcbernachtungsm\u00f6glichkeiten, sehenswerte H\u00f6hlen und Aussichtspunkte, erg\u00e4nzt.<\/p>\n<p>Auf den Kartenvorderseiten sind nummerierte farblich voneinander getrennte Rad- und Wandertouren markiert, die auf den Kartenr\u00fcckseiten ausf\u00fchrlich in albanischer und englischer Sprache beschrieben und erl\u00e4utert werden. Zus\u00e4tzliche Fotos aus der jeweiligen Region geben einen bildhaften Eindruck.<\/p>\n<p>Die markierten Routen bieten dem Nutzer die M\u00f6glichkeit, sowohl kurze Ausfl\u00fcge als auch mehrt\u00e4gige Touren zu unternehmen.<br \/>\nDiese werden zus\u00e4tzlich durch n\u00fctzliche Tipps, wie z.B. Beschaffenheit der Stra\u00dfenoberfl\u00e4che und teils H\u00f6henprofile, erg\u00e4nzt.<\/p>\n<p>&nbsp;<\/p>\n<p>Tropoja &#8211; B. Curri &#8211; Valbona area of northern Albania at 1:50,000 in a series<br \/>\nof GPS compatible contoured maps showing hiking and cycling routes, climbing<br \/>\nsites, tourist accommodation, etc, with detailed descriptions of recommended<br \/>\ntours.<\/p>\n<p>The map has contours at 50m intervals, with spot heights, graphic relief for<br \/>\nexposed rocky areas and colouring showing woodlands. Recommended hiking and<br \/>\ncycling routes are prominently marked and cross-referenced to descriptions on<br \/>\nthe reverse side. Interesting towns and villages are highlighted and symbols<br \/>\nindicate hotels and other tourist accommodation, sites for climbing and\/or<br \/>\nkayaking, museums, archaeological remains, medical facilities, etc. The maps<br \/>\nhave a 1-km UTM grid.<\/p>\n<p>On the reverse are detailed descriptions of the recommended hiking and cycling<br \/>\ntrails accompanied in some titles by route profiles. Map legend and all the<br \/>\ntext include English.<\/p>","protected":false},"excerpt":{"rendered":"<p>Tropoja, B.Curri, Valbona (Blatt 2) Wander- und Radkarte Nordalbanien mit Tourenbeschreibungen auf der Kartenr\u00fcckseite- GPS-genau! Diese 9-teilige Rad- und Wanderkartenserie im Ma\u00dfstab 1:50.000 bildet die attraktivsten Regionen Albaniens ab. Die Kartenreihe wurde in Zusammenarbeit mit unserem Partner Prof. As. Dr. Kujtim Onuzi in Tirana (Albanien) erarbeitet und ver\u00f6ffentlicht, und von der Austrian Development Agency (ADA) [&#8230;]\n","protected":false},"featured_media":38607,"template":"","meta":[],"product_brand":[],"product_cat":[21543],"product_tag":[27234],"class_list":{"0":"post-148733","1":"product","2":"type-product","3":"status-publish","4":"has-post-thumbnail","6":"product_cat-landkarten","7":"product_tag-albanien","8":"pa_autor-huber","9":"pa_erscheinungsjahr-21621","10":"pa_region-osteuropa","11":"pa_sprache-de","13":"first","14":"instock","15":"taxable","16":"shipping-taxable","17":"purchasable","18":"product-type-simple"},"_links":{"self":[{"href":"https:\/\/pizbube.ch\/en\/wp-json\/wp\/v2\/product\/148733","targetHints":{"allow":["GET"]}}],"collection":[{"href":"https:\/\/pizbube.ch\/en\/wp-json\/wp\/v2\/product"}],"about":[{"href":"https:\/\/pizbube.ch\/en\/wp-json\/wp\/v2\/types\/product"}],"wp:featuredmedia":[{"embeddable":true,"href":"https:\/\/pizbube.ch\/en\/wp-json\/wp\/v2\/media\/38607"}],"wp:attachment":[{"href":"https:\/\/pizbube.ch\/en\/wp-json\/wp\/v2\/media?parent=148733"}],"wp:term":[{"taxonomy":"product_brand","embeddable":true,"href":"https:\/\/pizbube.ch\/en\/wp-json\/wp\/v2\/product_brand?post=148733"},{"taxonomy":"product_cat","embeddable":true,"href":"https:\/\/pizbube.ch\/en\/wp-json\/wp\/v2\/product_cat?post=148733"},{"taxonomy":"product_tag","embeddable":true,"href":"https:\/\/pizbube.ch\/en\/wp-json\/wp\/v2\/product_tag?post=148733"}],"curies":[{"name":"wp","href":"https:\/\/api.w.org\/{rel}","templated":true}]}}