{"id":148735,"date":"2021-01-15T10:58:01","date_gmt":"2021-01-15T10:58:01","guid":{"rendered":"https:\/\/codengine3.ch\/?product=import-placeholder-for-206708"},"modified":"2025-10-16T11:02:06","modified_gmt":"2025-10-16T09:02:06","slug":"albanien-kuestenwanderungen-hirtenpfade-und-gipfeltouren","status":"publish","type":"product","link":"https:\/\/pizbube.ch\/en\/shop\/albanien-kuestenwanderungen-hirtenpfade-und-gipfeltouren\/","title":{"rendered":"Albanien &#8211; K\u00fcstenwanderungen, Hirtenpfade und Gipfeltouren"},"content":{"rendered":"<p><span class=\"value\">Berge und Natur, die begeistert \u2013 beides gibt es in Albanien im \u00dcberfluss! Gleich hinter den Str\u00e4nden der blauen Albanischen Riviera erhebt sich die Bergwelt auf bis zu 2000 Meter H\u00f6he. Die Albanischen Alpen sind von einer wilden Sch\u00f6nheit \u2013 ein Dorado f\u00fcr entdeckungsfreudige Wanderer. Der Rother Wanderf\u00fchrer \u00bbAlbanien\u00ab stellt 43 Touren in der unber\u00fchrten Bergwelt Albaniens vor.<\/span><\/p>\n<p>Nach Jahren der Isolation w\u00e4chst die Zahl der Wanderwege in Albanien \u2013 langsam, aber stetig. Dieser Rother Wanderf\u00fchrer liefert eine umfangreiche Auswahl der sch\u00f6nsten Touren in allen Landesteilen. Das Tourenspektrum reicht von K\u00fcstenwanderungen am Ionischen Meer \u00fcber alte Hirtenpfade zu pittoresken Bergd\u00f6rfern bis hin zu anspruchsvollen Besteigungen der h\u00f6chsten Gipfel wie Korab, mit 2764 Metern H\u00f6he, und Jezerca, mit 2694 Metern H\u00f6he. Sowohl Genusswanderer als auch ambitionierte Bergsteiger finden im Wanderf\u00fchrer Albanien herrliche Tourenvorschl\u00e4ge. Viele Touren lassen sich zu Mehrtageswanderungen verbinden.<\/p>\n<p>Dieser Rother Wanderf\u00fchrer liefert alle wichtigen Informationen f\u00fcr einen perfekten Wanderurlaub in Albanien: ausf\u00fchrliche Wegbeschreibungen, Wanderk\u00e4rtchen mit eingezeichnetem Routenverlauf und aussagekr\u00e4ftige H\u00f6henprofile. Dazu kommen detaillierte Angaben zur Infrastruktur wie Einkehr- und N\u00e4chtigungsm\u00f6glichkeiten sowie Verkehrsanbindung. GPS-Daten stehen zum Download von der Internetseite des Rother Bergverlags bereit.<\/p>\n<p>Die Autoren Kathrin Bosse-Steinweg und Max Bosse, die auch den Rother Wanderf\u00fchrer \u00bbPeaks of the Balkans\u00ab verfasst haben, haben ihr Herz an den Balkan verloren. In ihrem Wanderf\u00fchrer zu Albanien liefern sie viel Wissenswertes zu Land und Leuten \u2013 inklusive Tipps zu den Spezialit\u00e4ten aus K\u00fcche und Keller, die den Abenteuerurlaub im \u00bbLand der Skipetaren\u00ab genussvoll abrunden.<\/p>\n<p>4. Auflage 2025<br \/>\n232 Seiten mit 179 Farbabbildungen<br \/>\n44 H\u00f6henprofile, 44 Wanderk\u00e4rtchen im Ma\u00dfstab 1:50.000 \/ 1:75.000, zwei<br \/>\n\u00dcbersichtskarten im Ma\u00dfstab 1:2.000.000 und 1:3.500.000, GPS-Tracks zum<br \/>\nDownload<\/p>","protected":false},"excerpt":{"rendered":"<p>Berge und Natur, die begeistert \u2013 beides gibt es in Albanien im \u00dcberfluss! Gleich hinter den Str\u00e4nden der blauen Albanischen Riviera erhebt sich die Bergwelt auf bis zu 2000 Meter H\u00f6he. Die Albanischen Alpen sind von einer wilden Sch\u00f6nheit \u2013 ein Dorado f\u00fcr entdeckungsfreudige Wanderer. Der Rother Wanderf\u00fchrer \u00bbAlbanien\u00ab stellt 43 Touren in der unber\u00fchrten [&#8230;]\n","protected":false},"featured_media":181777,"template":"","meta":[],"product_brand":[],"product_cat":[21605],"product_tag":[],"class_list":{"0":"post-148735","1":"product","2":"type-product","3":"status-publish","4":"has-post-thumbnail","6":"product_cat-wanderfuehrer-trekking","7":"pa_autor-bosse","8":"pa_erscheinungsjahr-27415","9":"pa_region-osteuropa","10":"pa_sprache-de","12":"first","13":"instock","14":"taxable","15":"shipping-taxable","16":"purchasable","17":"product-type-simple"},"_links":{"self":[{"href":"https:\/\/pizbube.ch\/en\/wp-json\/wp\/v2\/product\/148735","targetHints":{"allow":["GET"]}}],"collection":[{"href":"https:\/\/pizbube.ch\/en\/wp-json\/wp\/v2\/product"}],"about":[{"href":"https:\/\/pizbube.ch\/en\/wp-json\/wp\/v2\/types\/product"}],"wp:featuredmedia":[{"embeddable":true,"href":"https:\/\/pizbube.ch\/en\/wp-json\/wp\/v2\/media\/181777"}],"wp:attachment":[{"href":"https:\/\/pizbube.ch\/en\/wp-json\/wp\/v2\/media?parent=148735"}],"wp:term":[{"taxonomy":"product_brand","embeddable":true,"href":"https:\/\/pizbube.ch\/en\/wp-json\/wp\/v2\/product_brand?post=148735"},{"taxonomy":"product_cat","embeddable":true,"href":"https:\/\/pizbube.ch\/en\/wp-json\/wp\/v2\/product_cat?post=148735"},{"taxonomy":"product_tag","embeddable":true,"href":"https:\/\/pizbube.ch\/en\/wp-json\/wp\/v2\/product_tag?post=148735"}],"curies":[{"name":"wp","href":"https:\/\/api.w.org\/{rel}","templated":true}]}}