{"id":148736,"date":"2021-01-15T10:58:01","date_gmt":"2021-01-15T10:58:01","guid":{"rendered":"https:\/\/codengine3.ch\/?product=import-placeholder-for-204156"},"modified":"2021-01-15T14:30:22","modified_gmt":"2021-01-15T14:30:22","slug":"escalade-plaisir-autour-du-mont-blanc-volume1-dvd","status":"publish","type":"product","link":"https:\/\/pizbube.ch\/en\/shop\/escalade-plaisir-autour-du-mont-blanc-volume1-dvd\/","title":{"rendered":"escalade plaisir autour du Mont Blanc Volume1 DVD"},"content":{"rendered":"<p>Une selection de 12 voies d&#8217;escalade film\u00e9es et mont\u00e9es sous forme de clips<br \/>\nqui vous permettront de d\u00e9couvrir ou de red\u00e9couvrir l&#8217;ambiance d&#8217;une douxaine<br \/>\nde falaises proches de Chamonix, Annecy, Rummy, Courmayeur et Martigny.<br \/>\nDes fiches techniques sont incluses dans le DVD. Elles vous indiqueront<br \/>\nl&#8217;acc\u00e9s routier, l&#8217;approche, la difficult\u00e9 de la voie, le mat\u00e9riel n\u00e9c\u00e9ssaire,<br \/>\nl&#8217;exposition et des remarques personnelles.<\/p>","protected":false},"excerpt":{"rendered":"<p>Une selection de 12 voies d&#8217;escalade film\u00e9es et mont\u00e9es sous forme de clips qui vous permettront de d\u00e9couvrir ou de red\u00e9couvrir l&#8217;ambiance d&#8217;une douxaine de falaises proches de Chamonix, Annecy, Rummy, Courmayeur et Martigny. Des fiches techniques sont incluses dans le DVD. Elles vous indiqueront l&#8217;acc\u00e9s routier, l&#8217;approche, la difficult\u00e9 de la voie, le mat\u00e9riel [&#8230;]\n","protected":false},"featured_media":31927,"template":"","meta":[],"product_brand":[],"product_cat":[21628],"product_tag":[],"class_list":{"0":"post-148736","1":"product","2":"type-product","3":"status-publish","4":"has-post-thumbnail","6":"product_cat-video-dvd-multimedia","7":"pa_autor-etienne","8":"pa_erscheinungsjahr-21763","9":"pa_region-frankreich","10":"pa_sprache-fr","12":"first","13":"instock","14":"taxable","15":"shipping-taxable","16":"purchasable","17":"product-type-simple"},"_links":{"self":[{"href":"https:\/\/pizbube.ch\/en\/wp-json\/wp\/v2\/product\/148736","targetHints":{"allow":["GET"]}}],"collection":[{"href":"https:\/\/pizbube.ch\/en\/wp-json\/wp\/v2\/product"}],"about":[{"href":"https:\/\/pizbube.ch\/en\/wp-json\/wp\/v2\/types\/product"}],"wp:featuredmedia":[{"embeddable":true,"href":"https:\/\/pizbube.ch\/en\/wp-json\/wp\/v2\/media\/31927"}],"wp:attachment":[{"href":"https:\/\/pizbube.ch\/en\/wp-json\/wp\/v2\/media?parent=148736"}],"wp:term":[{"taxonomy":"product_brand","embeddable":true,"href":"https:\/\/pizbube.ch\/en\/wp-json\/wp\/v2\/product_brand?post=148736"},{"taxonomy":"product_cat","embeddable":true,"href":"https:\/\/pizbube.ch\/en\/wp-json\/wp\/v2\/product_cat?post=148736"},{"taxonomy":"product_tag","embeddable":true,"href":"https:\/\/pizbube.ch\/en\/wp-json\/wp\/v2\/product_tag?post=148736"}],"curies":[{"name":"wp","href":"https:\/\/api.w.org\/{rel}","templated":true}]}}