{"id":148739,"date":"2021-01-15T10:58:02","date_gmt":"2021-01-15T10:58:02","guid":{"rendered":"https:\/\/codengine3.ch\/?product=import-placeholder-for-207756"},"modified":"2024-06-14T11:15:47","modified_gmt":"2024-06-14T09:15:47","slug":"fiche-granite-3-pilier-rouge-de-blaitiere-secteur-pointe-josephine","status":"publish","type":"product","link":"https:\/\/pizbube.ch\/en\/shop\/fiche-granite-3-pilier-rouge-de-blaitiere-secteur-pointe-josephine\/","title":{"rendered":"Fiche Granite 3 &#8211; Pilier Rouge de Blaiti\u00e8re &#8211; secteur Pointe Jos\u00e9phine"},"content":{"rendered":"<p>Fiche 3: Pointe Jos\u00e9phine<\/p>\n<p>Le magnifique haut du Pilier Rouge de Blaiti\u00e8re avec, en parall\u00e8le de la<br \/>\nclassique &#171;Osez Jos\u00e9phine&#187;, 2 belles nouveaut\u00e9s, dont le long &#171;Tsarmania<br \/>\nII&#187;, haut de 14 longueurs au total, une fantastique voie trad en 6b max.<br \/>\nPhoto de couverture fiche 3 = L10 du new &#171;Shah perch\u00e9 II&#187; (6b)<\/p>\n<p>Croquis et photos en format XX(XXX)L, avec tous les pitons et spits (ou<br \/>\nbroches) positionn\u00e9s dans chaque longueur.<br \/>\nFiches plastifi\u00e9es pliables.<\/p>\n<p>A new form of topo:<br \/>\nLeporello of high quality paper (waterproof) with the up-to-date climbing<br \/>\nroutes of Michel Piola!<br \/>\nPhoto topo with all the infos you need for climbing them&#8230;<\/p>","protected":false},"excerpt":{"rendered":"<p>Fiche 3: Pointe Jos\u00e9phine Le magnifique haut du Pilier Rouge de Blaiti\u00e8re avec, en parall\u00e8le de la classique &#171;Osez Jos\u00e9phine&#187;, 2 belles nouveaut\u00e9s, dont le long &#171;Tsarmania II&#187;, haut de 14 longueurs au total, une fantastique voie trad en 6b max. Photo de couverture fiche 3 = L10 du new &#171;Shah perch\u00e9 II&#187; (6b) Croquis [&#8230;]\n","protected":false},"featured_media":173417,"template":"","meta":[],"product_brand":[],"product_cat":[21539],"product_tag":[],"class_list":{"0":"post-148739","1":"product","2":"type-product","3":"status-publish","4":"has-post-thumbnail","6":"product_cat-fuehrerliteratur-sportklettern-bouldern","7":"pa_autor-piola","8":"pa_erscheinungsjahr-21586","9":"pa_region-frankreich","10":"pa_sprache-fr-en","12":"first","13":"instock","14":"taxable","15":"shipping-taxable","16":"purchasable","17":"product-type-simple"},"_links":{"self":[{"href":"https:\/\/pizbube.ch\/en\/wp-json\/wp\/v2\/product\/148739","targetHints":{"allow":["GET"]}}],"collection":[{"href":"https:\/\/pizbube.ch\/en\/wp-json\/wp\/v2\/product"}],"about":[{"href":"https:\/\/pizbube.ch\/en\/wp-json\/wp\/v2\/types\/product"}],"wp:featuredmedia":[{"embeddable":true,"href":"https:\/\/pizbube.ch\/en\/wp-json\/wp\/v2\/media\/173417"}],"wp:attachment":[{"href":"https:\/\/pizbube.ch\/en\/wp-json\/wp\/v2\/media?parent=148739"}],"wp:term":[{"taxonomy":"product_brand","embeddable":true,"href":"https:\/\/pizbube.ch\/en\/wp-json\/wp\/v2\/product_brand?post=148739"},{"taxonomy":"product_cat","embeddable":true,"href":"https:\/\/pizbube.ch\/en\/wp-json\/wp\/v2\/product_cat?post=148739"},{"taxonomy":"product_tag","embeddable":true,"href":"https:\/\/pizbube.ch\/en\/wp-json\/wp\/v2\/product_tag?post=148739"}],"curies":[{"name":"wp","href":"https:\/\/api.w.org\/{rel}","templated":true}]}}