{"id":148740,"date":"2021-01-15T10:58:02","date_gmt":"2021-01-15T10:58:02","guid":{"rendered":"https:\/\/codengine3.ch\/?product=import-placeholder-for-207764"},"modified":"2024-06-14T11:16:36","modified_gmt":"2024-06-14T09:16:36","slug":"fiche-granite-6-chandelle-du-tacul-secteur-bonatti-tabou","status":"publish","type":"product","link":"https:\/\/pizbube.ch\/en\/shop\/fiche-granite-6-chandelle-du-tacul-secteur-bonatti-tabou\/","title":{"rendered":"Fiche Granite 6 &#8211; Chandelle du Tacul &#8211; secteur Bonatti-Tabou"},"content":{"rendered":"<p>Fiche 6: Chandelle du Tacul<\/p>\n<p>&#171;Bonatti&#187;, &#171;Tabou&#187;, &#171;Ligne blanche&#187; mais aussi le r\u00e9cent<br \/>\n&#171;Excomunicatio&#187;. Escalade sur un granit de r\u00eave au c\u0153ur de la Combe Maudite.<\/p>\n<p>Croquis et photos en format XX(XXX)L, avec tous les pitons et spits (ou<br \/>\nbroches) positionn\u00e9s dans chaque longueur.<br \/>\nFiches plastifi\u00e9es pliables.<\/p>\n<p>A new form of topo:<br \/>\nLeporello of high quality paper (waterproof) with the up-to-date climbing<br \/>\nroutes of Michel Piola!<br \/>\nPhoto topo with all the infos you need for climbing them&#8230;<\/p>","protected":false},"excerpt":{"rendered":"<p>Fiche 6: Chandelle du Tacul &#171;Bonatti&#187;, &#171;Tabou&#187;, &#171;Ligne blanche&#187; mais aussi le r\u00e9cent &#171;Excomunicatio&#187;. Escalade sur un granit de r\u00eave au c\u0153ur de la Combe Maudite. Croquis et photos en format XX(XXX)L, avec tous les pitons et spits (ou broches) positionn\u00e9s dans chaque longueur. Fiches plastifi\u00e9es pliables. A new form of topo: Leporello of high [&#8230;]\n","protected":false},"featured_media":173418,"template":"","meta":[],"product_brand":[],"product_cat":[21539],"product_tag":[],"class_list":{"0":"post-148740","1":"product","2":"type-product","3":"status-publish","4":"has-post-thumbnail","6":"product_cat-fuehrerliteratur-sportklettern-bouldern","7":"pa_autor-piola","8":"pa_erscheinungsjahr-21586","9":"pa_region-frankreich","10":"pa_sprache-fr-en","12":"first","13":"instock","14":"taxable","15":"shipping-taxable","16":"purchasable","17":"product-type-simple"},"_links":{"self":[{"href":"https:\/\/pizbube.ch\/en\/wp-json\/wp\/v2\/product\/148740","targetHints":{"allow":["GET"]}}],"collection":[{"href":"https:\/\/pizbube.ch\/en\/wp-json\/wp\/v2\/product"}],"about":[{"href":"https:\/\/pizbube.ch\/en\/wp-json\/wp\/v2\/types\/product"}],"wp:featuredmedia":[{"embeddable":true,"href":"https:\/\/pizbube.ch\/en\/wp-json\/wp\/v2\/media\/173418"}],"wp:attachment":[{"href":"https:\/\/pizbube.ch\/en\/wp-json\/wp\/v2\/media?parent=148740"}],"wp:term":[{"taxonomy":"product_brand","embeddable":true,"href":"https:\/\/pizbube.ch\/en\/wp-json\/wp\/v2\/product_brand?post=148740"},{"taxonomy":"product_cat","embeddable":true,"href":"https:\/\/pizbube.ch\/en\/wp-json\/wp\/v2\/product_cat?post=148740"},{"taxonomy":"product_tag","embeddable":true,"href":"https:\/\/pizbube.ch\/en\/wp-json\/wp\/v2\/product_tag?post=148740"}],"curies":[{"name":"wp","href":"https:\/\/api.w.org\/{rel}","templated":true}]}}