{"id":148742,"date":"2021-01-15T10:58:02","date_gmt":"2021-01-15T10:58:02","guid":{"rendered":"https:\/\/codengine3.ch\/?product=import-placeholder-for-208701"},"modified":"2024-06-14T11:20:26","modified_gmt":"2024-06-14T09:20:26","slug":"fiche-granite-5-aiguille-du-midi-secteur-rebuffat","status":"publish","type":"product","link":"https:\/\/pizbube.ch\/en\/shop\/fiche-granite-5-aiguille-du-midi-secteur-rebuffat\/","title":{"rendered":"Fiche Granite 5 &#8211; Aiguille du Midi &#8211; secteur R\u00c9BUFFAT"},"content":{"rendered":"<p>Aiguille du Midi: les nouvelles fiches arrivent&#8230;<\/p>\n<p>Fiche 5: face S &#8211; secteur R\u00c9BUFFAT<\/p>\n<p>R\u00e9buffat (la classique) &#8211; Contamine (la plus belle) &#8211; Claire de lune (la<br \/>\npetite derni\u00e8re) &#8211; De Mesmaeker (la plus technique) &#8211; Jules de chez Smith (ma<br \/>\npr\u00e9f\u00e9r\u00e9e) &#8211; Jeanne + A l&#8217;ombre des cocotiers (la plus orientale) &#8211; etc&#8230;.<br \/>\netc&#8230;<\/p>\n<p>Croquis et trac\u00e9s sur photos du double de grandeur par rapport aux topos<br \/>\nhabituels<\/p>\n<p>Photo de couverture; John Roberts dans la fissure de Super Dupont \/ photo Tim<br \/>\nNeil<\/p>\n<p>Quasi tous les relais ont \u00e9t\u00e9 revus (scellements) et la position des pitons et<br \/>\npoints fixes sont d\u00e9taill\u00e9s sur les croquis: impossible d\u00e9sormais de se<br \/>\ntromper dans le r\u00e9seau dense et croisements des voies si particuliers au<br \/>\nsecteur.<\/p>\n<p>A new form of topo:<br \/>\nLeporello of high quality paper (waterproof) with the up-to-date climbing<br \/>\nroutes of Michel Piola!<br \/>\nPhoto topo with all the infos you need for climbing them&#8230;<\/p>","protected":false},"excerpt":{"rendered":"<p>Aiguille du Midi: les nouvelles fiches arrivent&#8230; Fiche 5: face S &#8211; secteur R\u00c9BUFFAT R\u00e9buffat (la classique) &#8211; Contamine (la plus belle) &#8211; Claire de lune (la petite derni\u00e8re) &#8211; De Mesmaeker (la plus technique) &#8211; Jules de chez Smith (ma pr\u00e9f\u00e9r\u00e9e) &#8211; Jeanne + A l&#8217;ombre des cocotiers (la plus orientale) &#8211; etc&#8230;. etc&#8230; [&#8230;]\n","protected":false},"featured_media":173419,"template":"","meta":[],"product_brand":[],"product_cat":[21539],"product_tag":[],"class_list":{"0":"post-148742","1":"product","2":"type-product","3":"status-publish","4":"has-post-thumbnail","6":"product_cat-fuehrerliteratur-sportklettern-bouldern","7":"pa_autor-piola","8":"pa_erscheinungsjahr-21586","9":"pa_region-frankreich","10":"pa_sprache-fr-en","12":"first","13":"instock","14":"taxable","15":"shipping-taxable","16":"purchasable","17":"product-type-simple"},"_links":{"self":[{"href":"https:\/\/pizbube.ch\/en\/wp-json\/wp\/v2\/product\/148742","targetHints":{"allow":["GET"]}}],"collection":[{"href":"https:\/\/pizbube.ch\/en\/wp-json\/wp\/v2\/product"}],"about":[{"href":"https:\/\/pizbube.ch\/en\/wp-json\/wp\/v2\/types\/product"}],"wp:featuredmedia":[{"embeddable":true,"href":"https:\/\/pizbube.ch\/en\/wp-json\/wp\/v2\/media\/173419"}],"wp:attachment":[{"href":"https:\/\/pizbube.ch\/en\/wp-json\/wp\/v2\/media?parent=148742"}],"wp:term":[{"taxonomy":"product_brand","embeddable":true,"href":"https:\/\/pizbube.ch\/en\/wp-json\/wp\/v2\/product_brand?post=148742"},{"taxonomy":"product_cat","embeddable":true,"href":"https:\/\/pizbube.ch\/en\/wp-json\/wp\/v2\/product_cat?post=148742"},{"taxonomy":"product_tag","embeddable":true,"href":"https:\/\/pizbube.ch\/en\/wp-json\/wp\/v2\/product_tag?post=148742"}],"curies":[{"name":"wp","href":"https:\/\/api.w.org\/{rel}","templated":true}]}}