{"id":148744,"date":"2021-01-15T10:58:02","date_gmt":"2021-01-15T10:58:02","guid":{"rendered":"https:\/\/codengine3.ch\/?product=import-placeholder-for-206032"},"modified":"2023-06-24T09:57:18","modified_gmt":"2023-06-24T07:57:18","slug":"lizenz-zum-bouldern","status":"publish","type":"product","link":"https:\/\/pizbube.ch\/en\/shop\/lizenz-zum-bouldern\/","title":{"rendered":"Lizenz zum Bouldern"},"content":{"rendered":"<p>Jetzt ist die Zeit reif f\u00fcr ein v\u00f6llig neues Buch \u00fcbers Bouldern!<\/p>\n<p>Bouldern macht so viel Spa\u00df, das man eigentlich immer nur Bouldern m\u00f6chte!<br \/>\nBouldern leitet sich vom Englischen Wort f\u00fcr einen Felsblock ab und bezeichnet<br \/>\ndas Klettern ohne Seil und Klettergurt in Absprungh\u00f6he.<br \/>\nSowohl an Felsbl\u00f6cken als auch an k\u00fcnstlichen Strukturen erlebt Bouldern<br \/>\nweltweit seit Jahren eine rasante Entwicklung,<br \/>\nDabei ist Bouldern kein modischer Trendsport, sondern pures, urspr\u00fcngliches<br \/>\nKlettern f\u00fcr das man wenig mehr als Schuhe, eine Matte und etwas Magnesia<br \/>\nbraucht.<\/p>\n<p>Die Seilfreiheit macht wesentlich akrobatischere Bewegungen als beim<br \/>\nSportklettern m\u00f6glich, deshalb wird Bouldern auch als das &#8218;Labor der<br \/>\nKlettertechnik&#8216; bezeichnet.<br \/>\nZur L\u00f6sung moderner Boulderprobleme braucht man ein gutes Auge, intuitives<br \/>\nbiomechanisches Verst\u00e4ndniss und die K\u00f6rperbeherrschung eines Zirkusartisten.<\/p>\n<p>Um den Blick des Lesers zu entwickeln zeigt Lizenz zum Bouldern auf hunderten<br \/>\nPhotos die besten Boulderer unserer Zeit in konkreten Situationen.<br \/>\nDabei werden Details sichtbar, die bis dahin selbst den Akteuren verborgen<br \/>\nwaren. Lizenz zum Bouldern ist wie ein Blick \u00fcber die Schulter des modernen<br \/>\nBoulderns!<\/p>\n<p>Bouldern wird als besonders soziale Aktivit\u00e4t gesch\u00e4tzt. Die r\u00e4umliche N\u00e4he<br \/>\nerlaubt unmittelbare Kommunikation, wie sie beim Routenklettern nicht gegeben<br \/>\nist.<\/p>\n<p>Nur wenige Aktivit\u00e4ten erm\u00f6glichen eine solch gemeinschaftliche Erfahrung. Ob<br \/>\nWeltklasse und Anf\u00e4nger, vom gemeinsamen Bouldern profitieren alle!<\/p>","protected":false},"excerpt":{"rendered":"<p>Jetzt ist die Zeit reif f\u00fcr ein v\u00f6llig neues Buch \u00fcbers Bouldern! Bouldern macht so viel Spa\u00df, das man eigentlich immer nur Bouldern m\u00f6chte! Bouldern leitet sich vom Englischen Wort f\u00fcr einen Felsblock ab und bezeichnet das Klettern ohne Seil und Klettergurt in Absprungh\u00f6he. Sowohl an Felsbl\u00f6cken als auch an k\u00fcnstlichen Strukturen erlebt Bouldern weltweit [&#8230;]\n","protected":false},"featured_media":159965,"template":"","meta":[],"product_brand":[],"product_cat":[21538],"product_tag":[],"class_list":{"0":"post-148744","1":"product","2":"type-product","3":"status-publish","4":"has-post-thumbnail","6":"product_cat-lehrbuecher","7":"pa_autor-neumann","8":"pa_erscheinungsjahr-21830","9":"pa_region-klettertechnik","10":"pa_sprache-de","12":"first","13":"instock","14":"taxable","15":"shipping-taxable","16":"purchasable","17":"product-type-simple"},"_links":{"self":[{"href":"https:\/\/pizbube.ch\/en\/wp-json\/wp\/v2\/product\/148744","targetHints":{"allow":["GET"]}}],"collection":[{"href":"https:\/\/pizbube.ch\/en\/wp-json\/wp\/v2\/product"}],"about":[{"href":"https:\/\/pizbube.ch\/en\/wp-json\/wp\/v2\/types\/product"}],"wp:featuredmedia":[{"embeddable":true,"href":"https:\/\/pizbube.ch\/en\/wp-json\/wp\/v2\/media\/159965"}],"wp:attachment":[{"href":"https:\/\/pizbube.ch\/en\/wp-json\/wp\/v2\/media?parent=148744"}],"wp:term":[{"taxonomy":"product_brand","embeddable":true,"href":"https:\/\/pizbube.ch\/en\/wp-json\/wp\/v2\/product_brand?post=148744"},{"taxonomy":"product_cat","embeddable":true,"href":"https:\/\/pizbube.ch\/en\/wp-json\/wp\/v2\/product_cat?post=148744"},{"taxonomy":"product_tag","embeddable":true,"href":"https:\/\/pizbube.ch\/en\/wp-json\/wp\/v2\/product_tag?post=148744"}],"curies":[{"name":"wp","href":"https:\/\/api.w.org\/{rel}","templated":true}]}}