{"id":148747,"date":"2021-01-15T10:58:02","date_gmt":"2021-01-15T10:58:02","guid":{"rendered":"https:\/\/codengine3.ch\/?product=import-placeholder-for-207903"},"modified":"2022-11-24T14:30:57","modified_gmt":"2022-11-24T13:30:57","slug":"der-boulder-coach","status":"publish","type":"product","link":"https:\/\/pizbube.ch\/en\/shop\/der-boulder-coach\/","title":{"rendered":"Der Boulder-Coach"},"content":{"rendered":"<p>Technik \u00b7 Taktik \u00b7 Training<\/p>\n<p>Das einzige Buch, das Technik, Taktik und Training zusammen beinhaltet.<\/p>\n<p>Bewegungstechniken f\u00fcr das Bouldern an der Wand.<\/p>\n<p>Taktik: Strategie, Mentales Training, Boulderprobleme erkennen und l\u00f6sen.<br \/>\nTraining: Workout, Training am Boden und an Ger\u00e4ten f\u00fcr mehr Griffkraft und<br \/>\nCorepower.<\/p>\n<p>Guido K\u00f6stermeyer war Trainer der deutschen Sportkletter-Nationalmannschaft<br \/>\nund ist Mitglied im Bundeslehrteam Sportklettern des Deutschen Alpenvereins<br \/>\n(DAV). Er ist Leiter des Hochschulsports und Dozent an der Friedrich-<br \/>\nAlexander-Universit\u00e4t in Erlangen. Der Autor befasst sich speziell mit der<br \/>\nTrainings- und Bewegungslehre des Sportkletterns.<\/p>\n<p>144 Seiten , 250 Farbfotos , 5 Zeichnungen; broschiert<br \/>\n3. Auflage 2023<\/p>","protected":false},"excerpt":{"rendered":"<p>Technik \u00b7 Taktik \u00b7 Training Das einzige Buch, das Technik, Taktik und Training zusammen beinhaltet. Bewegungstechniken f\u00fcr das Bouldern an der Wand. Taktik: Strategie, Mentales Training, Boulderprobleme erkennen und l\u00f6sen. Training: Workout, Training am Boden und an Ger\u00e4ten f\u00fcr mehr Griffkraft und Corepower. Guido K\u00f6stermeyer war Trainer der deutschen Sportkletter-Nationalmannschaft und ist Mitglied im Bundeslehrteam [&#8230;]\n","protected":false},"featured_media":161742,"template":"","meta":[],"product_brand":[],"product_cat":[21538],"product_tag":[],"class_list":{"0":"post-148747","1":"product","2":"type-product","3":"status-publish","4":"has-post-thumbnail","6":"product_cat-lehrbuecher","7":"pa_autor-koestermeyer","8":"pa_erscheinungsjahr-27129","9":"pa_region-klettertechnik","10":"pa_sprache-de","12":"first","13":"instock","14":"taxable","15":"shipping-taxable","16":"purchasable","17":"product-type-simple"},"_links":{"self":[{"href":"https:\/\/pizbube.ch\/en\/wp-json\/wp\/v2\/product\/148747","targetHints":{"allow":["GET"]}}],"collection":[{"href":"https:\/\/pizbube.ch\/en\/wp-json\/wp\/v2\/product"}],"about":[{"href":"https:\/\/pizbube.ch\/en\/wp-json\/wp\/v2\/types\/product"}],"wp:featuredmedia":[{"embeddable":true,"href":"https:\/\/pizbube.ch\/en\/wp-json\/wp\/v2\/media\/161742"}],"wp:attachment":[{"href":"https:\/\/pizbube.ch\/en\/wp-json\/wp\/v2\/media?parent=148747"}],"wp:term":[{"taxonomy":"product_brand","embeddable":true,"href":"https:\/\/pizbube.ch\/en\/wp-json\/wp\/v2\/product_brand?post=148747"},{"taxonomy":"product_cat","embeddable":true,"href":"https:\/\/pizbube.ch\/en\/wp-json\/wp\/v2\/product_cat?post=148747"},{"taxonomy":"product_tag","embeddable":true,"href":"https:\/\/pizbube.ch\/en\/wp-json\/wp\/v2\/product_tag?post=148747"}],"curies":[{"name":"wp","href":"https:\/\/api.w.org\/{rel}","templated":true}]}}