{"id":148748,"date":"2021-01-15T10:58:02","date_gmt":"2021-01-15T10:58:02","guid":{"rendered":"https:\/\/codengine3.ch\/?product=import-placeholder-for-208419"},"modified":"2022-06-28T09:27:22","modified_gmt":"2022-06-28T07:27:22","slug":"grundlagen-zum-bouldern","status":"publish","type":"product","link":"https:\/\/pizbube.ch\/en\/shop\/grundlagen-zum-bouldern\/","title":{"rendered":"Grundlagen zum Bouldern"},"content":{"rendered":"<p>Begleitende Brosch\u00fcre f\u00fcr den Einstieg ins Bouldern<\/p>\n<p>Die 20 seitige Brosch\u00fcre stellt eine Zusammenfassung der wichtigsten Dinge f\u00fcr<br \/>\nEinsteiger im Bouldern dar und ist als Handout f\u00fcr Kursteilnehmer gedacht.<br \/>\nPrim\u00e4r richtet sie sich auch an Anf\u00e4nger, denen die Grundlegenden Dinge beim<br \/>\nBouldern vermittelt werden sollen.<\/p>\n<p>Die Brosch\u00fcre dient zur Unterst\u00fctzung von Kursen, kann aber auch einzeln an<br \/>\nInteressierte weitergegeben werden. Sie l\u00e4sst gen\u00fcgend Spielraum, eigene<br \/>\nKurskonzepte durchzuf\u00fchren und gibt den Trainern Sicherheit, dass alle<br \/>\nrelevanten Dinge, wenn auch nicht im Kurs, so wenigstens in der Brosch\u00fcre,<br \/>\nvermittelt werden.<\/p>","protected":false},"excerpt":{"rendered":"<p>Begleitende Brosch\u00fcre f\u00fcr den Einstieg ins Bouldern Die 20 seitige Brosch\u00fcre stellt eine Zusammenfassung der wichtigsten Dinge f\u00fcr Einsteiger im Bouldern dar und ist als Handout f\u00fcr Kursteilnehmer gedacht. Prim\u00e4r richtet sie sich auch an Anf\u00e4nger, denen die Grundlegenden Dinge beim Bouldern vermittelt werden sollen. Die Brosch\u00fcre dient zur Unterst\u00fctzung von Kursen, kann aber auch [&#8230;]\n","protected":false},"featured_media":40147,"template":"","meta":[],"product_brand":[],"product_cat":[21538],"product_tag":[],"class_list":{"0":"post-148748","1":"product","2":"type-product","3":"status-publish","4":"has-post-thumbnail","6":"product_cat-lehrbuecher","7":"pa_autor-schepers-krimmer-schoeffl","8":"pa_erscheinungsjahr-21550","9":"pa_region-klettertechnik","10":"pa_sprache-de","12":"first","13":"outofstock","14":"taxable","15":"shipping-taxable","16":"purchasable","17":"product-type-simple"},"_links":{"self":[{"href":"https:\/\/pizbube.ch\/en\/wp-json\/wp\/v2\/product\/148748","targetHints":{"allow":["GET"]}}],"collection":[{"href":"https:\/\/pizbube.ch\/en\/wp-json\/wp\/v2\/product"}],"about":[{"href":"https:\/\/pizbube.ch\/en\/wp-json\/wp\/v2\/types\/product"}],"wp:featuredmedia":[{"embeddable":true,"href":"https:\/\/pizbube.ch\/en\/wp-json\/wp\/v2\/media\/40147"}],"wp:attachment":[{"href":"https:\/\/pizbube.ch\/en\/wp-json\/wp\/v2\/media?parent=148748"}],"wp:term":[{"taxonomy":"product_brand","embeddable":true,"href":"https:\/\/pizbube.ch\/en\/wp-json\/wp\/v2\/product_brand?post=148748"},{"taxonomy":"product_cat","embeddable":true,"href":"https:\/\/pizbube.ch\/en\/wp-json\/wp\/v2\/product_cat?post=148748"},{"taxonomy":"product_tag","embeddable":true,"href":"https:\/\/pizbube.ch\/en\/wp-json\/wp\/v2\/product_tag?post=148748"}],"curies":[{"name":"wp","href":"https:\/\/api.w.org\/{rel}","templated":true}]}}