{"id":148749,"date":"2021-01-15T10:58:02","date_gmt":"2021-01-15T10:58:02","guid":{"rendered":"https:\/\/codengine3.ch\/?product=import-placeholder-for-200491"},"modified":"2023-08-30T09:25:59","modified_gmt":"2023-08-30T07:25:59","slug":"usa-suedwesten","status":"publish","type":"product","link":"https:\/\/pizbube.ch\/en\/shop\/usa-suedwesten\/","title":{"rendered":"USA &#8211; S\u00fcdwesten"},"content":{"rendered":"<p>Nationalparks und Naturlandschaften &#8211; 50 Touren<\/p>\n<p>Wilde K\u00fcstenabschnitte mit riesigen Mammutb\u00e4umen, die malerischen Bergketten<br \/>\nder High Sierra und der Rocky Mountains, farbenpr\u00e4chtige Canyons und einsame<br \/>\nW\u00fcstenabschnitte \u2013 der S\u00fcdwesten der USA ist f\u00fcr Natur- und Wanderbegeisterte<br \/>\nein unglaublich abwechslungsreiches und vielf\u00e4ltiges Reiseziel.<\/p>\n<p>In den weltber\u00fchmten Nationalparks findet der Wanderer alles, was das Herz<br \/>\nbegehrt. Von genussvollen Tagestrips auf gepflegten Wanderwegen bis zu<br \/>\nabenteuerlichen mehrt\u00e4gigen Trekkingrouten abseits der ausgetretenen Pfade \u2013<br \/>\ndieser Wanderf\u00fchrer pr\u00e4sentiert eine opulente Auswahl an Touren in den<br \/>\nbeliebten Nationalparks und Naturlandschaften.<\/p>\n<p>In diesem Rother Wanderf\u00fchrer findet sich ein bunter Querschnitt an<br \/>\nWanderungen in den bekannten Nationalparks, die im Programm der<br \/>\nnaturbegeisterten Traveler \u00fcblicherweise ganz oben stehen. Um dem gro\u00dfen<br \/>\nAndrang in den popul\u00e4ren Nationalparks ausweichen zu k\u00f6nnen, werden auch<br \/>\nalternative Routen und einige Geheimtipps vorgestellt.<\/p>\n<p>S\u00e4mtliche Touren und Etappen in diesem Wanderf\u00fchrer sind zuverl\u00e4ssig und<br \/>\ndetailliert beschrieben. Hinzu kommen aussagekr\u00e4ftige H\u00f6henprofile und genaue<br \/>\nWanderk\u00e4rtchen mit Routeneintrag. Au\u00dferdem stehen auf der Internetseite des<br \/>\nBergverlag Rother die GPS-Daten zum Download zur Verf\u00fcgung. Eine fundierte und<br \/>\nkenntnisreiche Einleitung mit ausf\u00fchrlichen Reise- und \u00dcbernachtungsinfos<br \/>\nsowie zum Wandern in diesen Breitengraden machen den Wanderf\u00fchrer zu einem<br \/>\nunentbehrlichen Begleiter!<\/p>\n<p>1. Auflage 2019<br \/>\n208 Seiten mit 158 Farbabbildungen<br \/>\n50 H\u00f6henprofile, 51 Wanderk\u00e4rtchen im Ma\u00dfstab 1.25.000, 1:50.000 und 1:75.000,<br \/>\nzwei \u00dcbersichtskarten, GPS-Tracks zum Download<\/p>","protected":false},"excerpt":{"rendered":"<ul>\n<li><strong><a href=\"https:\/\/pizbube.ch\/wp-content\/uploads\/attachments\/a_003\/2E99B727CBC80C2F1D88059C160E3156.pdf\" target=\"_blank\" rel=\"noopener\">PDF: USA_S\u00fcdwesten_Inhalt<\/a><\/strong><\/li>\n<\/ul>","protected":false},"featured_media":169281,"template":"","meta":[],"product_brand":[],"product_cat":[21605],"product_tag":[],"class_list":{"0":"post-148749","1":"product","2":"type-product","3":"status-publish","4":"has-post-thumbnail","6":"product_cat-wanderfuehrer-trekking","7":"pa_autor-hubo","8":"pa_erscheinungsjahr-21586","9":"pa_region-amerika-nord","10":"pa_sprache-de","12":"first","13":"instock","14":"taxable","15":"shipping-taxable","16":"purchasable","17":"product-type-simple"},"_links":{"self":[{"href":"https:\/\/pizbube.ch\/en\/wp-json\/wp\/v2\/product\/148749","targetHints":{"allow":["GET"]}}],"collection":[{"href":"https:\/\/pizbube.ch\/en\/wp-json\/wp\/v2\/product"}],"about":[{"href":"https:\/\/pizbube.ch\/en\/wp-json\/wp\/v2\/types\/product"}],"wp:featuredmedia":[{"embeddable":true,"href":"https:\/\/pizbube.ch\/en\/wp-json\/wp\/v2\/media\/169281"}],"wp:attachment":[{"href":"https:\/\/pizbube.ch\/en\/wp-json\/wp\/v2\/media?parent=148749"}],"wp:term":[{"taxonomy":"product_brand","embeddable":true,"href":"https:\/\/pizbube.ch\/en\/wp-json\/wp\/v2\/product_brand?post=148749"},{"taxonomy":"product_cat","embeddable":true,"href":"https:\/\/pizbube.ch\/en\/wp-json\/wp\/v2\/product_cat?post=148749"},{"taxonomy":"product_tag","embeddable":true,"href":"https:\/\/pizbube.ch\/en\/wp-json\/wp\/v2\/product_tag?post=148749"}],"curies":[{"name":"wp","href":"https:\/\/api.w.org\/{rel}","templated":true}]}}