{"id":148753,"date":"2021-01-15T10:58:02","date_gmt":"2021-01-15T10:58:02","guid":{"rendered":"https:\/\/codengine3.ch\/?product=import-placeholder-for-208409"},"modified":"2021-01-15T17:53:43","modified_gmt":"2021-01-15T17:53:43","slug":"toptrails-im-westen-nordamerikas","status":"publish","type":"product","link":"https:\/\/pizbube.ch\/en\/shop\/toptrails-im-westen-nordamerikas\/","title":{"rendered":"TopTrails im Westen Nordamerikas"},"content":{"rendered":"<p>30 Trekking- und Wandertouren von British Columbia bis Kalifornien  <\/p>\n<p>Natur und Wildnis, soweit das Auge reicht \u2013 die Nationalparks und Wilderness<br \/>\nAreas im Westen Nordamerikas versprechen Trekkingabenteuer ohnegleichen. Das<br \/>\nGebiet umfasst die kanadischen Rocky Mountains, Yellowstone und Grand Teton,<br \/>\nden pazifischen Nordwesten, Nordkalifornien sowie zentrales Kalifornien und<br \/>\nbietet unendliche Outdoor-M\u00f6glichkeiten in einzigartiger Natur. Eine Auswahl<br \/>\nan 30 Mehrtages- und Tageswanderungen stellt dieser Selection-Band vor.<\/p>\n<p>Die wahre Sch\u00f6nheit und Gr\u00f6\u00dfe der Nationalparks und Wilderness Areas erf\u00e4hrt<br \/>\nman erst, wenn man sich zu Fu\u00df in die Wildnis aufmacht: Die spektakul\u00e4ren<br \/>\nGebirge, dichten W\u00e4lder, tiefblauen Seen, schroffen K\u00fcsten und eindrucksvollen<br \/>\nW\u00fcsten sind atemberaubend, die Weite der Landschaft ist unvergleichlich.  <\/p>\n<p>Dieser Band pr\u00e4sentiert Trekkingtouren und Wanderungen in weltber\u00fchmten<br \/>\nNationalparks und unbekannteren Wilderness Areas. Sowohl Neulinge als auch<br \/>\nerfahrene Weitwanderer finden dabei die passende Tour, um die Wildnis im<br \/>\nWesten Nordamerikas hautnah zu sp\u00fcren.<\/p>\n<p>Die Touren werden mit allen notwendigen Informationen, exakten<br \/>\nWegbeschreibungen sowie Routenkarten und H\u00f6henprofilen vorgestellt. Au\u00dferdem<br \/>\nwird auf die Besonderheiten beim \u00bbBackpacking\u00ab, wie Trekking in Nordamerika<br \/>\nbezeichnet wird, eingegangen. Was muss beim Zelten in der freien Natur<br \/>\nbeachtet werden? Wie sch\u00fctzt man seinen Proviant vor B\u00e4ren? Wo bekommt man die<br \/>\nerforderlichen Genehmigungen f\u00fcr die Mehrtagestouren? Die hervorragenden<br \/>\nLandschaftsfotos machen Lust, sofort aufzubrechen. Mit diesem Buch sind<br \/>\nunvergessliche Naturerlebnisse garantiert!<\/p>\n<p>1. Auflage 2018; 288 Seiten mit 255 Farbabbildungen<br \/>\n30 Routenk\u00e4rtchen im Ma\u00dfstab 1:25.000 bis 1:150.000, 30 H\u00f6henprofile, 6<br \/>\n\u00dcbersichtskarten sowie eine Tourentabelle  <\/p>","protected":false},"excerpt":{"rendered":"<ul>\n<li><a href=\"https:\/\/youtu.be\/bU_VBBKWQmk\" target=\"_blank\" rel=\"noopener\">Video: TEMPLATE PIZ Attachment > Webvideo > Youtube [KOPIE]<\/a><\/li>\n<li><a href=\"https:\/\/pizbube.ch\/wp-content\/uploads\/attachments\/a_030\/DBC3881E032A14F299FC8D88DBBB558A.pdf\" target=\"_blank\" rel=\"noopener\">PDF: TopTrails im Westen Nordamerikas_Inhalt.pdf<\/a><\/li>\n<\/ul>\n","protected":false},"featured_media":40119,"template":"","meta":[],"product_brand":[],"product_cat":[21605],"product_tag":[],"class_list":{"0":"post-148753","1":"product","2":"type-product","3":"status-publish","4":"has-post-thumbnail","6":"product_cat-wanderfuehrer-trekking","7":"pa_autor-krage","8":"pa_erscheinungsjahr-21546","9":"pa_region-amerika-nord","10":"pa_sprache-de","12":"first","13":"instock","14":"taxable","15":"shipping-taxable","16":"purchasable","17":"product-type-simple"},"_links":{"self":[{"href":"https:\/\/pizbube.ch\/en\/wp-json\/wp\/v2\/product\/148753","targetHints":{"allow":["GET"]}}],"collection":[{"href":"https:\/\/pizbube.ch\/en\/wp-json\/wp\/v2\/product"}],"about":[{"href":"https:\/\/pizbube.ch\/en\/wp-json\/wp\/v2\/types\/product"}],"wp:featuredmedia":[{"embeddable":true,"href":"https:\/\/pizbube.ch\/en\/wp-json\/wp\/v2\/media\/40119"}],"wp:attachment":[{"href":"https:\/\/pizbube.ch\/en\/wp-json\/wp\/v2\/media?parent=148753"}],"wp:term":[{"taxonomy":"product_brand","embeddable":true,"href":"https:\/\/pizbube.ch\/en\/wp-json\/wp\/v2\/product_brand?post=148753"},{"taxonomy":"product_cat","embeddable":true,"href":"https:\/\/pizbube.ch\/en\/wp-json\/wp\/v2\/product_cat?post=148753"},{"taxonomy":"product_tag","embeddable":true,"href":"https:\/\/pizbube.ch\/en\/wp-json\/wp\/v2\/product_tag?post=148753"}],"curies":[{"name":"wp","href":"https:\/\/api.w.org\/{rel}","templated":true}]}}