{"id":148755,"date":"2021-01-15T10:58:02","date_gmt":"2021-01-15T10:58:02","guid":{"rendered":"https:\/\/codengine3.ch\/?product=import-placeholder-for-205906"},"modified":"2021-01-15T14:44:52","modified_gmt":"2021-01-15T14:44:52","slug":"langlauf-grenzenlos-ski-de-fond-sans-frontiere","status":"publish","type":"product","link":"https:\/\/pizbube.ch\/en\/shop\/langlauf-grenzenlos-ski-de-fond-sans-frontiere\/","title":{"rendered":"Langlauf grenzenlos \/ Ski de fond sans fronti\u00e8re"},"content":{"rendered":"<p>Skiwanderf\u00fchrer \/ LangLauf-Fernrouten im franz\u00f6sisch-schweizerischen Jura.  <\/p>\n<p>Erprobte Kenner des Langlaufski-Wanderns im Hochjura beschreiben eine Ferntour<br \/>\nauf pr\u00e4parierten Spuren, die von Giron (F), westlich von Genf, bis in die<br \/>\nGegend des Chasseral (CH) f\u00fchrt. Ausser der sorgf\u00e4ltig etappierten Hauptroute<br \/>\nvon 220 km L\u00e4nge werden auch Vorschl\u00e4ge f\u00fcr lohnende Alternativen vorgestellt.<br \/>\nBeschreibungen von 16 Tagesetappen mit Detailkarten und H\u00f6henprofilen<br \/>\n1 Etappen\u00fcbersicht; 1 Karte zum \u00f6ffentlichen Verkehr; 86 Farbfotos, 112 Seiten  <\/p>\n<p>Grande randonn\u00e9e hivernale \u00e0 travers le Jura franco-suisse.  <\/p>\n<p>Ce guide apporte des r\u00e9ponses d\u00e9taill\u00e9es \u00e0 ces questions. Des skieurs des fond<br \/>\nexp\u00e9riment\u00e9s, sp\u00e9cialis\u00e9s dans la randonn\u00e9e, proposent un itin\u00e9raire<br \/>\nempruntant principalement les pistes balis\u00e9es, de Giron (F), \u00e0 l&#8217;ouest de<br \/>\nGen\u00e8ve, jusqu&#8217;au pied du Chasseral (CH). En plus de l&#8217;itin\u00e9raire principal de<br \/>\n220 km, minutieusement d\u00e9coup\u00e9 en \u00e9tapes, d&#8217;autres variantes sont \u00e9galement<br \/>\npropos\u00e9es.<\/p>","protected":false},"excerpt":{"rendered":"<p>Skiwanderf\u00fchrer \/ LangLauf-Fernrouten im franz\u00f6sisch-schweizerischen Jura. Erprobte Kenner des Langlaufski-Wanderns im Hochjura beschreiben eine Ferntour auf pr\u00e4parierten Spuren, die von Giron (F), westlich von Genf, bis in die Gegend des Chasseral (CH) f\u00fchrt. Ausser der sorgf\u00e4ltig etappierten Hauptroute von 220 km L\u00e4nge werden auch Vorschl\u00e4ge f\u00fcr lohnende Alternativen vorgestellt. Beschreibungen von 16 Tagesetappen mit Detailkarten [&#8230;]\n","protected":false},"featured_media":34761,"template":"","meta":[],"product_brand":[],"product_cat":[21540],"product_tag":[],"class_list":{"0":"post-148755","1":"product","2":"type-product","3":"status-publish","4":"has-post-thumbnail","6":"product_cat-fuehrerliteratur-alpin-winter","7":"pa_autor-meyer-wunderlin","8":"pa_erscheinungsjahr-21693","9":"pa_region-schweiz","10":"pa_sprache-d","11":"pa_sprache-f","13":"first","14":"outofstock","15":"taxable","16":"shipping-taxable","17":"purchasable","18":"product-type-simple"},"_links":{"self":[{"href":"https:\/\/pizbube.ch\/en\/wp-json\/wp\/v2\/product\/148755","targetHints":{"allow":["GET"]}}],"collection":[{"href":"https:\/\/pizbube.ch\/en\/wp-json\/wp\/v2\/product"}],"about":[{"href":"https:\/\/pizbube.ch\/en\/wp-json\/wp\/v2\/types\/product"}],"wp:featuredmedia":[{"embeddable":true,"href":"https:\/\/pizbube.ch\/en\/wp-json\/wp\/v2\/media\/34761"}],"wp:attachment":[{"href":"https:\/\/pizbube.ch\/en\/wp-json\/wp\/v2\/media?parent=148755"}],"wp:term":[{"taxonomy":"product_brand","embeddable":true,"href":"https:\/\/pizbube.ch\/en\/wp-json\/wp\/v2\/product_brand?post=148755"},{"taxonomy":"product_cat","embeddable":true,"href":"https:\/\/pizbube.ch\/en\/wp-json\/wp\/v2\/product_cat?post=148755"},{"taxonomy":"product_tag","embeddable":true,"href":"https:\/\/pizbube.ch\/en\/wp-json\/wp\/v2\/product_tag?post=148755"}],"curies":[{"name":"wp","href":"https:\/\/api.w.org\/{rel}","templated":true}]}}