{"id":148760,"date":"2021-01-15T10:58:03","date_gmt":"2021-01-15T10:58:03","guid":{"rendered":"https:\/\/codengine3.ch\/?product=import-placeholder-for-201198"},"modified":"2023-03-11T09:45:50","modified_gmt":"2023-03-11T08:45:50","slug":"am-berg-bergretter-ueber-ihre-dramatischsten-stunden","status":"publish","type":"product","link":"https:\/\/pizbube.ch\/en\/shop\/am-berg-bergretter-ueber-ihre-dramatischsten-stunden\/","title":{"rendered":"Am Berg. &#8211; Bergretter \u00fcber Ihre dramatischsten Stunden."},"content":{"rendered":"<p>Bergretter. Dieses Buch erz\u00e4hlt 33 Geschichten von ihren Eins\u00e4tzen.<\/p>\n<p>Da ist die Geschichte von dem Mann, der drei Tage auf dem H\u00f6llentalferner in<br \/>\neiner Gletscherspalte verschwunden war. Und von dem Bergretter, dem er sein<br \/>\nLeben verdankt, weil er die Suche nach einem vermissten Unbekannten einfach<br \/>\nnicht aufgeben wollte. Und die Geschichte des H\u00f6hlenforschers, zu dessen<br \/>\nRettung sich sechs Nationen zusammentaten. Oder das R\u00e4tsel des Bergsteigers am<br \/>\nJubil\u00e4umsgrat, der sich im Schneesturm partout entkleiden wollte. Oder dem<br \/>\nLawinenhund, der seinem Herrchen mit dem Bus nachfuhr.<\/p>\n<p>Manche der Geschichten sind ernst. Manche heiter. Einige enden t\u00f6dlich. Manche<br \/>\nberichten vom Opfermut der Bergretter, in einigen F\u00e4llen sind Bergretter<br \/>\nselbst das Opfer, f\u00fcr die der freie Fall in die Tiefe und langer<br \/>\nKrankenhausaufenthalt oftmals eine Wende im Leben brachte.<\/p>","protected":false},"excerpt":{"rendered":"<p>Bergretter. Dieses Buch erz\u00e4hlt 33 Geschichten von ihren Eins\u00e4tzen. Da ist die Geschichte von dem Mann, der drei Tage auf dem H\u00f6llentalferner in einer Gletscherspalte verschwunden war. Und von dem Bergretter, dem er sein Leben verdankt, weil er die Suche nach einem vermissten Unbekannten einfach nicht aufgeben wollte. Und die Geschichte des H\u00f6hlenforschers, zu dessen [&#8230;]\n","protected":false},"featured_media":28409,"template":"","meta":[],"product_brand":[],"product_cat":[21542],"product_tag":[],"class_list":{"0":"post-148760","1":"product","2":"type-product","3":"status-publish","4":"has-post-thumbnail","6":"product_cat-sachbuecher-dokumentationen","7":"pa_autor-kaesbohrer","8":"pa_erscheinungsjahr-21586","9":"pa_region-deutschland","10":"pa_sprache-de","12":"first","13":"instock","14":"taxable","15":"shipping-taxable","16":"purchasable","17":"product-type-simple"},"_links":{"self":[{"href":"https:\/\/pizbube.ch\/en\/wp-json\/wp\/v2\/product\/148760","targetHints":{"allow":["GET"]}}],"collection":[{"href":"https:\/\/pizbube.ch\/en\/wp-json\/wp\/v2\/product"}],"about":[{"href":"https:\/\/pizbube.ch\/en\/wp-json\/wp\/v2\/types\/product"}],"wp:featuredmedia":[{"embeddable":true,"href":"https:\/\/pizbube.ch\/en\/wp-json\/wp\/v2\/media\/28409"}],"wp:attachment":[{"href":"https:\/\/pizbube.ch\/en\/wp-json\/wp\/v2\/media?parent=148760"}],"wp:term":[{"taxonomy":"product_brand","embeddable":true,"href":"https:\/\/pizbube.ch\/en\/wp-json\/wp\/v2\/product_brand?post=148760"},{"taxonomy":"product_cat","embeddable":true,"href":"https:\/\/pizbube.ch\/en\/wp-json\/wp\/v2\/product_cat?post=148760"},{"taxonomy":"product_tag","embeddable":true,"href":"https:\/\/pizbube.ch\/en\/wp-json\/wp\/v2\/product_tag?post=148760"}],"curies":[{"name":"wp","href":"https:\/\/api.w.org\/{rel}","templated":true}]}}