{"id":148766,"date":"2021-01-15T10:58:03","date_gmt":"2021-01-15T10:58:03","guid":{"rendered":"https:\/\/codengine3.ch\/?product=import-placeholder-for-203635"},"modified":"2023-02-17T08:57:48","modified_gmt":"2023-02-17T07:57:48","slug":"marokko-morocco-1-1000000","status":"publish","type":"product","link":"https:\/\/pizbube.ch\/en\/shop\/marokko-morocco-1-1000000\/","title":{"rendered":"Marokko Morocco 1: 1&#8217;000&#8217;000"},"content":{"rendered":"<p>Kartenbild 2seitig; Neueste Kartografie-Technik, detaillierte Darstellung des<br \/>\nTerrains (mit H\u00f6henlinien und -schichten), aktuellstes Stra\u00dfenbild, UTM- und<br \/>\nGradgitter (was die Karten GPS-tauglich macht) und ein ausf\u00fchrliches<br \/>\nOrtsregister.<\/p>\n<p>13. aktualisierte Auflage der folienbeschichteten Berndtson Stra\u00dfenkarte von<br \/>\nMarokko einschlie\u00dflich Gel\u00e4nderelief \/ H\u00f6hendarstellung, Gro\u00dfkilometrierung<br \/>\nund Ortsregister. Auf der R\u00fcckseite befinden sich Stadtpl\u00e4ne von Tanger,<br \/>\nRabat, F\u00e8s, Casablanca und Marrakech jeweils mit Register f\u00fcr Strassen, M\u00e4rkte<br \/>\nund Sehensw\u00fcrdigkeiten.<\/p>\n<p>Eine politische \u00dcbersichtskarte mit den Provinzgrenzen und Zeitzonen, eine<br \/>\nKlimatabelle sowie eine landeskundliche Einf\u00fchrung in 5 Sprachen runden diese<br \/>\nKarte ab.<\/p>","protected":false},"excerpt":{"rendered":"<p>Kartenbild 2seitig; Neueste Kartografie-Technik, detaillierte Darstellung des Terrains (mit H\u00f6henlinien und -schichten), aktuellstes Stra\u00dfenbild, UTM- und Gradgitter (was die Karten GPS-tauglich macht) und ein ausf\u00fchrliches Ortsregister. 13. aktualisierte Auflage der folienbeschichteten Berndtson Stra\u00dfenkarte von Marokko einschlie\u00dflich Gel\u00e4nderelief \/ H\u00f6hendarstellung, Gro\u00dfkilometrierung und Ortsregister. Auf der R\u00fcckseite befinden sich Stadtpl\u00e4ne von Tanger, Rabat, F\u00e8s, Casablanca und Marrakech [&#8230;]\n","protected":false},"featured_media":166235,"template":"","meta":[],"product_brand":[],"product_cat":[21543],"product_tag":[],"class_list":{"0":"post-148766","1":"product","2":"type-product","3":"status-publish","4":"has-post-thumbnail","6":"product_cat-landkarten","7":"pa_autor-reise-know-how","8":"pa_erscheinungsjahr-27129","9":"pa_region-afrika","10":"pa_sprache-de-en","12":"first","13":"instock","14":"taxable","15":"shipping-taxable","16":"purchasable","17":"product-type-simple"},"_links":{"self":[{"href":"https:\/\/pizbube.ch\/en\/wp-json\/wp\/v2\/product\/148766","targetHints":{"allow":["GET"]}}],"collection":[{"href":"https:\/\/pizbube.ch\/en\/wp-json\/wp\/v2\/product"}],"about":[{"href":"https:\/\/pizbube.ch\/en\/wp-json\/wp\/v2\/types\/product"}],"wp:featuredmedia":[{"embeddable":true,"href":"https:\/\/pizbube.ch\/en\/wp-json\/wp\/v2\/media\/166235"}],"wp:attachment":[{"href":"https:\/\/pizbube.ch\/en\/wp-json\/wp\/v2\/media?parent=148766"}],"wp:term":[{"taxonomy":"product_brand","embeddable":true,"href":"https:\/\/pizbube.ch\/en\/wp-json\/wp\/v2\/product_brand?post=148766"},{"taxonomy":"product_cat","embeddable":true,"href":"https:\/\/pizbube.ch\/en\/wp-json\/wp\/v2\/product_cat?post=148766"},{"taxonomy":"product_tag","embeddable":true,"href":"https:\/\/pizbube.ch\/en\/wp-json\/wp\/v2\/product_tag?post=148766"}],"curies":[{"name":"wp","href":"https:\/\/api.w.org\/{rel}","templated":true}]}}