{"id":148773,"date":"2021-01-15T10:58:09","date_gmt":"2021-01-15T10:58:09","guid":{"rendered":"https:\/\/codengine3.ch\/?product=import-placeholder-for-200499"},"modified":"2021-01-15T10:58:13","modified_gmt":"2021-01-15T10:58:13","slug":"la-verticalite-en-vesubie-valdeblore","status":"publish","type":"product","link":"https:\/\/pizbube.ch\/en\/shop\/la-verticalite-en-vesubie-valdeblore\/","title":{"rendered":"La verticalit\u00e9 en V\u00e9subie-Valdeblore"},"content":{"rendered":"<p>Via ferrata &#8211; Escalade &#8211; Canyon<\/p>\n<p>244 pages consacr\u00e9es \u00e0 la verticalit\u00e9, de la descente de canyon \u00e0 l\u0092escalade :<br \/>\nplus de 150 nouvelles voies d\u00e9crites, dont deux voies montagne embl\u00e9matiques<br \/>\ndu Mercantour.<\/p>\n<p>Ce topo s\u0092adresse \u00e0 tous, pratiquants d\u00e9butants ou confirm\u00e9s, touristes de<br \/>\npassage ou habitants des Alpes-Maritimes amoureux du Haut-pays. Il a \u00e9t\u00e9<br \/>\nr\u00e9alis\u00e9 par le comit\u00e9 territorial Alpes-Maritimes de la FFME, avec le soutien<br \/>\ndu Conseil d\u00e9partemental 06 et le Parc national du Mercantour.<\/p>","protected":false},"excerpt":{"rendered":"<p>Via ferrata &#8211; Escalade &#8211; Canyon 244 pages consacr\u00e9es \u00e0 la verticalit\u00e9, de la descente de canyon \u00e0 l\u0092escalade : plus de 150 nouvelles voies d\u00e9crites, dont deux voies montagne embl\u00e9matiques du Mercantour. Ce topo s\u0092adresse \u00e0 tous, pratiquants d\u00e9butants ou confirm\u00e9s, touristes de passage ou habitants des Alpes-Maritimes amoureux du Haut-pays. Il a \u00e9t\u00e9 [&#8230;]\n","protected":false},"featured_media":27074,"template":"","meta":[],"product_brand":[],"product_cat":[21539],"product_tag":[],"class_list":{"0":"post-148773","1":"product","2":"type-product","3":"status-publish","4":"has-post-thumbnail","6":"product_cat-fuehrerliteratur-sportklettern-bouldern","7":"pa_autor-ct-ffme-alpes-maritimes","8":"pa_erscheinungsjahr-21574","9":"pa_region-frankreich","10":"pa_sprache-fr","12":"first","13":"instock","14":"taxable","15":"shipping-taxable","16":"purchasable","17":"product-type-simple"},"_links":{"self":[{"href":"https:\/\/pizbube.ch\/en\/wp-json\/wp\/v2\/product\/148773","targetHints":{"allow":["GET"]}}],"collection":[{"href":"https:\/\/pizbube.ch\/en\/wp-json\/wp\/v2\/product"}],"about":[{"href":"https:\/\/pizbube.ch\/en\/wp-json\/wp\/v2\/types\/product"}],"wp:featuredmedia":[{"embeddable":true,"href":"https:\/\/pizbube.ch\/en\/wp-json\/wp\/v2\/media\/27074"}],"wp:attachment":[{"href":"https:\/\/pizbube.ch\/en\/wp-json\/wp\/v2\/media?parent=148773"}],"wp:term":[{"taxonomy":"product_brand","embeddable":true,"href":"https:\/\/pizbube.ch\/en\/wp-json\/wp\/v2\/product_brand?post=148773"},{"taxonomy":"product_cat","embeddable":true,"href":"https:\/\/pizbube.ch\/en\/wp-json\/wp\/v2\/product_cat?post=148773"},{"taxonomy":"product_tag","embeddable":true,"href":"https:\/\/pizbube.ch\/en\/wp-json\/wp\/v2\/product_tag?post=148773"}],"curies":[{"name":"wp","href":"https:\/\/api.w.org\/{rel}","templated":true}]}}