{"id":148774,"date":"2021-01-15T10:58:09","date_gmt":"2021-01-15T10:58:09","guid":{"rendered":"https:\/\/codengine3.ch\/?product=import-placeholder-for-202717"},"modified":"2023-05-11T16:10:51","modified_gmt":"2023-05-11T14:10:51","slug":"l-escalade-dans-les-alpes-maritimes-v3","status":"publish","type":"product","link":"https:\/\/pizbube.ch\/en\/shop\/l-escalade-dans-les-alpes-maritimes-v3\/","title":{"rendered":"L` escalade dans les Alpes Maritimes, V3"},"content":{"rendered":"<p>79 Gebiete n\u00f6rdlich von und um Nizza\/ Cannes an der C\u00f4te d`Azur sind<br \/>\nbeschrieben, mit mehr als 2840 Routen!<\/p>\n<p>Phototopoguidebook of the regions around Nice \/ monaco \/ Alpes Maritimes<\/p>\n<p>Nizza, Bas Vall\u00e9e du Var, Grasse, Vall\u00e9e du Loup, L` Esteron, La Bevera, La<br \/>\nRoya, La Vesubie, Haut Var, Tin\u00e9e, AIGLUN \/ SAINT- JEANNET.<\/p>\n<p>Version 3 du Topo, mise \u00e0 jour et complet\u00e9, 527 p. 2010<\/p>","protected":false},"excerpt":{"rendered":"<p>79 Gebiete n\u00f6rdlich von und um Nizza\/ Cannes an der C\u00f4te d`Azur sind beschrieben, mit mehr als 2840 Routen! Phototopoguidebook of the regions around Nice \/ monaco \/ Alpes Maritimes Nizza, Bas Vall\u00e9e du Var, Grasse, Vall\u00e9e du Loup, L` Esteron, La Bevera, La Roya, La Vesubie, Haut Var, Tin\u00e9e, AIGLUN \/ SAINT- JEANNET. Version [&#8230;]\n","protected":false},"featured_media":30155,"template":"","meta":[],"product_brand":[],"product_cat":[21539],"product_tag":[],"class_list":{"0":"post-148774","1":"product","2":"type-product","3":"status-publish","4":"has-post-thumbnail","6":"product_cat-fuehrerliteratur-sportklettern-bouldern","7":"pa_autor-raibaud","8":"pa_erscheinungsjahr-21830","9":"pa_region-frankreich","10":"pa_sprache-e","11":"pa_sprache-f","13":"first","14":"outofstock","15":"taxable","16":"shipping-taxable","17":"purchasable","18":"product-type-simple"},"_links":{"self":[{"href":"https:\/\/pizbube.ch\/en\/wp-json\/wp\/v2\/product\/148774","targetHints":{"allow":["GET"]}}],"collection":[{"href":"https:\/\/pizbube.ch\/en\/wp-json\/wp\/v2\/product"}],"about":[{"href":"https:\/\/pizbube.ch\/en\/wp-json\/wp\/v2\/types\/product"}],"wp:featuredmedia":[{"embeddable":true,"href":"https:\/\/pizbube.ch\/en\/wp-json\/wp\/v2\/media\/30155"}],"wp:attachment":[{"href":"https:\/\/pizbube.ch\/en\/wp-json\/wp\/v2\/media?parent=148774"}],"wp:term":[{"taxonomy":"product_brand","embeddable":true,"href":"https:\/\/pizbube.ch\/en\/wp-json\/wp\/v2\/product_brand?post=148774"},{"taxonomy":"product_cat","embeddable":true,"href":"https:\/\/pizbube.ch\/en\/wp-json\/wp\/v2\/product_cat?post=148774"},{"taxonomy":"product_tag","embeddable":true,"href":"https:\/\/pizbube.ch\/en\/wp-json\/wp\/v2\/product_tag?post=148774"}],"curies":[{"name":"wp","href":"https:\/\/api.w.org\/{rel}","templated":true}]}}