{"id":148777,"date":"2021-01-15T10:58:09","date_gmt":"2021-01-15T10:58:09","guid":{"rendered":"https:\/\/codengine3.ch\/?product=import-placeholder-for-204472"},"modified":"2025-09-30T15:04:42","modified_gmt":"2025-09-30T13:04:42","slug":"alpes-maritimes-100-circuits-vtt","status":"publish","type":"product","link":"https:\/\/pizbube.ch\/en\/shop\/alpes-maritimes-100-circuits-vtt\/","title":{"rendered":"Alpes-Maritimes &#8211; 100 circuits VTT"},"content":{"rendered":"<div class=\"product-block\">\n<div class=\"product-block product-block--sales-point\">\n<p><span class=\"icon-and-text\">Pays c\u00f4tier, Massif de l\u2019Est\u00e9rel, Pr\u00e9alpes d\u2019Azur, Collines ni\u00e7oises et Vall\u00e9es du Mercantour (Var, Cians, Tin\u00e9e, V\u00e9subie, B\u00e9v\u00e9ra, Roya) <\/span><\/p>\n<\/div>\n<\/div>\n<div class=\"product-block\">\n<p>Des sommets du Mercantour aux rivages de la M\u00e9diterran\u00e9e en passant par l\u2019incroyable diversit\u00e9 de terrains et de paysages des Alpes-Maritimes (alpages, for\u00eats, terres grises, cr\u00eates, roches rouges, massifs calcaires, pistes bucoliques, chemins f\u00e9riques, sentiers techniques, pistes de DH\u2026), cette 4\u00e8me \u00e9dition du VTOPO 06 compile 100 circuits fantastiques et vari\u00e9s pour permettre \u00e0 tous les amateurs de VTT et VTTAE, du d\u00e9butant \u00e0 l\u2019expert, de d\u00e9couvrir les plus beaux endroits et les meilleurs parcours de ce territoire exceptionnel, et de se r\u00e9galer tout au long de l\u2019ann\u00e9e.<\/p>\n<ul>\n<li>100 circuits d\u00e9taill\u00e9s avec cartes IGN<\/li>\n<li>Format pratique 14 x 23 cm et l\u00e9ger 400 g<\/li>\n<li>Traces GPS au format GPX compatibles App smartphones et GPS portables<\/li>\n<li>Des infos r\u00e9currentes tr\u00e8s utiles : variantes, r\u00e9gion, point de vue&#8230;<\/li>\n<li>Avec le syst\u00e8me de cotation technique VTOPO de V1 \u00e0 V6<\/li>\n<li>192 pages en couleur<\/li>\n<li>Photos<\/li>\n<li>Langue(s) : Fran\u00e7ais<\/li>\n<li>Auteur(s) : Greg Germain<\/li>\n<li>ISBN : 978-2-37571-081-4<\/li>\n<li>Date de parution : 27 mai 2025<\/li>\n<\/ul>\n<\/div>","protected":false},"excerpt":{"rendered":"<p>Pays c\u00f4tier, Massif de l\u2019Est\u00e9rel, Pr\u00e9alpes d\u2019Azur, Collines ni\u00e7oises et Vall\u00e9es du Mercantour (Var, Cians, Tin\u00e9e, V\u00e9subie, B\u00e9v\u00e9ra, Roya) Des sommets du Mercantour aux rivages de la M\u00e9diterran\u00e9e en passant par l\u2019incroyable diversit\u00e9 de terrains et de paysages des Alpes-Maritimes (alpages, for\u00eats, terres grises, cr\u00eates, roches rouges, massifs calcaires, pistes bucoliques, chemins f\u00e9riques, sentiers techniques, [&#8230;]\n","protected":false},"featured_media":181170,"template":"","meta":[],"product_brand":[],"product_cat":[21606],"product_tag":[],"class_list":{"0":"post-148777","1":"product","2":"type-product","3":"status-publish","4":"has-post-thumbnail","6":"product_cat-mountainbikefuehrer","7":"pa_autor-germain","8":"pa_erscheinungsjahr-27415","9":"pa_region-frankreich","10":"pa_sprache-fr","12":"first","13":"instock","14":"taxable","15":"shipping-taxable","16":"purchasable","17":"product-type-simple"},"_links":{"self":[{"href":"https:\/\/pizbube.ch\/en\/wp-json\/wp\/v2\/product\/148777","targetHints":{"allow":["GET"]}}],"collection":[{"href":"https:\/\/pizbube.ch\/en\/wp-json\/wp\/v2\/product"}],"about":[{"href":"https:\/\/pizbube.ch\/en\/wp-json\/wp\/v2\/types\/product"}],"wp:featuredmedia":[{"embeddable":true,"href":"https:\/\/pizbube.ch\/en\/wp-json\/wp\/v2\/media\/181170"}],"wp:attachment":[{"href":"https:\/\/pizbube.ch\/en\/wp-json\/wp\/v2\/media?parent=148777"}],"wp:term":[{"taxonomy":"product_brand","embeddable":true,"href":"https:\/\/pizbube.ch\/en\/wp-json\/wp\/v2\/product_brand?post=148777"},{"taxonomy":"product_cat","embeddable":true,"href":"https:\/\/pizbube.ch\/en\/wp-json\/wp\/v2\/product_cat?post=148777"},{"taxonomy":"product_tag","embeddable":true,"href":"https:\/\/pizbube.ch\/en\/wp-json\/wp\/v2\/product_tag?post=148777"}],"curies":[{"name":"wp","href":"https:\/\/api.w.org\/{rel}","templated":true}]}}