{"id":148778,"date":"2021-01-15T10:58:09","date_gmt":"2021-01-15T10:58:09","guid":{"rendered":"https:\/\/codengine3.ch\/?product=import-placeholder-for-203980"},"modified":"2023-08-16T10:07:06","modified_gmt":"2023-08-16T08:07:06","slug":"seealpen","status":"publish","type":"product","link":"https:\/\/pizbube.ch\/en\/shop\/seealpen\/","title":{"rendered":"Seealpen"},"content":{"rendered":"<p>Alpes-Maritimes: Mercantour &#8211; Merveilles.<\/p>\n<p>Wenn es denn ein Wanderparadies auf Erden gibt, dann geh\u00f6rt das D\u00e9partement<br \/>\nAlpes-Maritimes, die Region der franz\u00f6sischen Seealpen bei Nizza in der<br \/>\ns\u00fcd\u00f6stlichen Ecke Frankreichs, ganz sicher dazu. Die Landschaft zwischen Meer<br \/>\nund Dreitausendern ist ungemein abwechslungsreich und l\u00e4dt das ganze Jahr \u00fcber<br \/>\nzum Wandern ein. W\u00e4hrend sich der Strandurlauber sonnt, badet der Wanderer in<br \/>\nWohlger\u00fcchen von Rosmarin, Thymian, Ginster und Lavendel.<\/p>\n<p>Highlight ist der Parc National du Mercantour, der j\u00fcngste der sechs<br \/>\nfranz\u00f6sischen Nationalparks, der sich von Osten mit dem Vall\u00e9e des Merveilles<br \/>\nmit seinen zehntausenden von Felsgravuren bis ins D\u00e9partement Alpes-de-Haute-<br \/>\nProvence erstreckt.<\/p>\n<p>168 Seiten mit 87 Farbabbildungen;<br \/>\n49 H\u00f6henprofile, 49 Wanderk\u00e4rtchen im Ma\u00dfstab 1:25.000, 1:50.000 und 1:75.000,<br \/>\nzwei \u00dcbersichtskarten im Ma\u00dfstab 1:500.000 und 1:800.000<br \/>\n4. \u00fcberarbeitete Auflg. 2019<\/p>","protected":false},"excerpt":{"rendered":"<ul>\n<li><a href=\"https:\/\/pizbube.ch\/wp-content\/uploads\/attachments\/a_031\/F1740BEA96E56D5BA52920718AB6CB25.pdf\" target=\"_blank\" rel=\"noopener\">PDF: seealpen_inhalt.pdf<\/a><\/li>\n<\/ul>","protected":false},"featured_media":31706,"template":"","meta":[],"product_brand":[],"product_cat":[21605],"product_tag":[],"class_list":{"0":"post-148778","1":"product","2":"type-product","3":"status-publish","4":"has-post-thumbnail","6":"product_cat-wanderfuehrer-trekking","7":"pa_autor-scholl","8":"pa_erscheinungsjahr-21586","9":"pa_region-frankreich","10":"pa_sprache-de","12":"first","13":"instock","14":"taxable","15":"shipping-taxable","16":"purchasable","17":"product-type-simple"},"_links":{"self":[{"href":"https:\/\/pizbube.ch\/en\/wp-json\/wp\/v2\/product\/148778","targetHints":{"allow":["GET"]}}],"collection":[{"href":"https:\/\/pizbube.ch\/en\/wp-json\/wp\/v2\/product"}],"about":[{"href":"https:\/\/pizbube.ch\/en\/wp-json\/wp\/v2\/types\/product"}],"wp:featuredmedia":[{"embeddable":true,"href":"https:\/\/pizbube.ch\/en\/wp-json\/wp\/v2\/media\/31706"}],"wp:attachment":[{"href":"https:\/\/pizbube.ch\/en\/wp-json\/wp\/v2\/media?parent=148778"}],"wp:term":[{"taxonomy":"product_brand","embeddable":true,"href":"https:\/\/pizbube.ch\/en\/wp-json\/wp\/v2\/product_brand?post=148778"},{"taxonomy":"product_cat","embeddable":true,"href":"https:\/\/pizbube.ch\/en\/wp-json\/wp\/v2\/product_cat?post=148778"},{"taxonomy":"product_tag","embeddable":true,"href":"https:\/\/pizbube.ch\/en\/wp-json\/wp\/v2\/product_tag?post=148778"}],"curies":[{"name":"wp","href":"https:\/\/api.w.org\/{rel}","templated":true}]}}