{"id":148779,"date":"2021-01-15T10:58:09","date_gmt":"2021-01-15T10:58:09","guid":{"rendered":"https:\/\/codengine3.ch\/?product=import-placeholder-for-200500"},"modified":"2021-01-15T10:58:13","modified_gmt":"2021-01-15T10:58:13","slug":"wanderlust-eine-geschichte-des-gehens","status":"publish","type":"product","link":"https:\/\/pizbube.ch\/en\/shop\/wanderlust-eine-geschichte-des-gehens\/","title":{"rendered":"Wanderlust &#8211; Eine Geschichte des Gehens"},"content":{"rendered":"<p>\nDass wir gehen, scheint uns so selbstverst\u00e4ndlich, dass wir oft vergessen,<br \/>\nwelch kultureller Reichtum, wie viel zu bergendes Gl\u00fcck in unserer<br \/>\nallt\u00e4glichen Fortbewegungsart liegt. Mit ihrer ebenso leichtf\u00fc\u00dfigen wie<br \/>\nfesselnden kulturgeschichtlichen Expedition verfasst Rebecca Solnit eine Ode<br \/>\nan das Gehen und macht sich auf Weg, um auf Demonstrationen, Pilgerreisen,<br \/>\nBergwanderungen, Stadterkundungen und auf dem Laufband dem Geheimnis des<br \/>\naufrechten Ganges auf die Spur zu kommen.  <\/p>\n<p>Zu ihrer Reiselekt\u00fcre geh\u00f6ren dabei sowohl antike Philosophen und romantische<br \/>\nNaturschw\u00e4rmer als auch umherschweifende Surrealisten und Bergsteigerberichte.<br \/>\nBald euphorisch, bald nachdenklich sch\u00e4rft sie so unser Bewusstsein f\u00fcr den<br \/>\nmenschengerechten Rhythmus des Gehens, in dem K\u00f6rper und Geist mit der<br \/>\nAu\u00dfenwelt zusammenfinden.  <\/p>\n<p>Ein ebenso begl\u00fcckendes wie meditatives Buch, das in Zeiten allgegenw\u00e4rtiger<br \/>\nAnkunftsversessenheit und technischer Beschleunigung zur Rebellion aufruft und<br \/>\nl\u00e4ngst ein Klassiker der modernen englischsprachigen Literatur geworden ist.  <\/p>","protected":false},"excerpt":{"rendered":"<p>Dass wir gehen, scheint uns so selbstverst\u00e4ndlich, dass wir oft vergessen, welch kultureller Reichtum, wie viel zu bergendes Gl\u00fcck in unserer allt\u00e4glichen Fortbewegungsart liegt. Mit ihrer ebenso leichtf\u00fc\u00dfigen wie fesselnden kulturgeschichtlichen Expedition verfasst Rebecca Solnit eine Ode an das Gehen und macht sich auf Weg, um auf Demonstrationen, Pilgerreisen, Bergwanderungen, Stadterkundungen und auf dem Laufband [&#8230;]\n","protected":false},"featured_media":27088,"template":"","meta":[],"product_brand":[],"product_cat":[21542],"product_tag":[],"class_list":{"0":"post-148779","1":"product","2":"type-product","3":"status-publish","4":"has-post-thumbnail","6":"product_cat-sachbuecher-dokumentationen","7":"pa_autor-solnit","8":"pa_erscheinungsjahr-21586","9":"pa_region-deutschland","10":"pa_sprache-de","12":"first","13":"instock","14":"taxable","15":"shipping-taxable","16":"purchasable","17":"product-type-simple"},"_links":{"self":[{"href":"https:\/\/pizbube.ch\/en\/wp-json\/wp\/v2\/product\/148779","targetHints":{"allow":["GET"]}}],"collection":[{"href":"https:\/\/pizbube.ch\/en\/wp-json\/wp\/v2\/product"}],"about":[{"href":"https:\/\/pizbube.ch\/en\/wp-json\/wp\/v2\/types\/product"}],"wp:featuredmedia":[{"embeddable":true,"href":"https:\/\/pizbube.ch\/en\/wp-json\/wp\/v2\/media\/27088"}],"wp:attachment":[{"href":"https:\/\/pizbube.ch\/en\/wp-json\/wp\/v2\/media?parent=148779"}],"wp:term":[{"taxonomy":"product_brand","embeddable":true,"href":"https:\/\/pizbube.ch\/en\/wp-json\/wp\/v2\/product_brand?post=148779"},{"taxonomy":"product_cat","embeddable":true,"href":"https:\/\/pizbube.ch\/en\/wp-json\/wp\/v2\/product_cat?post=148779"},{"taxonomy":"product_tag","embeddable":true,"href":"https:\/\/pizbube.ch\/en\/wp-json\/wp\/v2\/product_tag?post=148779"}],"curies":[{"name":"wp","href":"https:\/\/api.w.org\/{rel}","templated":true}]}}