{"id":148780,"date":"2021-01-15T10:58:09","date_gmt":"2021-01-15T10:58:09","guid":{"rendered":"https:\/\/codengine3.ch\/?product=import-placeholder-for-207889"},"modified":"2023-04-01T12:44:28","modified_gmt":"2023-04-01T10:44:28","slug":"vom-glueck-des-wanderns-eine-philosophische-wegbegleitung","status":"publish","type":"product","link":"https:\/\/pizbube.ch\/en\/shop\/vom-glueck-des-wanderns-eine-philosophische-wegbegleitung\/","title":{"rendered":"Vom Gl\u00fcck des Wanderns &#8211; Eine philosophische Wegbegleitung"},"content":{"rendered":"<p>Wandern ist die beliebteste Freizeitaktivit\u00e4t in Deutschland, \u00d6sterreich und<br \/>\nder Schweiz &#8211; Deutschlands erfolgreichster Philosophie-Coach verkn\u00fcpft diese<br \/>\nLiebe zur Natur erstmals mit dem Trend-Thema Sinnsuche und Philosophie.<\/p>\n<p>Wandern bedeutet: dem Alltag entfliehen, Abstand gewinnen, Natur erleben,<br \/>\nSeele und K\u00f6rper st\u00e4rken und damit die Gesundheit f\u00f6rdern. Doch Wandern ist<br \/>\nmehr als das, sagt der Philosophie-Coach Albert Kitzler. Wandern ist ein<br \/>\nSpiegelbild des Lebens &#8211; es geht ums Aufbrechen und Loslassen, und Anstiege<br \/>\nund Abstiege, um Durststrecken und das erhebende Gef\u00fchl, ein Ziel zu<br \/>\nerreichen. Damit besitzt das Wandern eine nat\u00fcrliche Verbindung zur<br \/>\nPhilosophie.<\/p>\n<p>&#171;Wenn wir wandern und uns den eigenen Gedanken hingeben, beginnen wir, \u00fcber<br \/>\nuns selbst nachzudenken, \u00fcber unsere Lebenssituation, unser Verh\u00e4ltnis zu<br \/>\nanderen Menschen, \u00fcber Dinge, die uns belasten oder viel Freude bereiten. Das<br \/>\nist der Anfang aller Philosophie&#187;, sagt Albert Kitzler, der das Wandern jeder<br \/>\nanderen Freizeit-Besch\u00e4ftigung vorzieht.<\/p>\n<p>Albert Kitzler verbindet in diesem Sachbuch die Sehnsucht nach Natur mit der<br \/>\nSuche nach dem Sinn des Lebens ebenso unterhaltsam wie anregend. Er l\u00e4dt ein<br \/>\nzum Nachdenken \u00fcber das Wandern und das Leben und erschlie\u00dft dabei die stille<br \/>\nKraft, die beidem innewohnt &#8211; und nat\u00fcrlich kommen dabei jede Menge<br \/>\nPhilosophen aus allen Epochen der Geistesgeschichte zu Wort.Dr. Albert<br \/>\nKitzler, Philosoph und erfolgreicher Medienanwalt, gr\u00fcndete 2010 &#171;Ma\u00df und<br \/>\nMitte &#8211; Schule f\u00fcr antike Lebensweisheit&#187;, wo er Seminare, Matineen und<br \/>\nphilosophische Urlaube anbietet. Seine bisherigen B\u00fccher &#171;Wie lebe ich ein<br \/>\ngutes Leben?&#187;, &#171;Philosophie to go&#187; und &#171;Denken heilt!&#187; wurden von den<br \/>\nLesern mit Begeisterung aufgenommen.<\/p>\n<p><span class=\"value\">Kartonierter Einband<\/span>, Taschenbuch<\/p>","protected":false},"excerpt":{"rendered":"<p>Wandern ist die beliebteste Freizeitaktivit\u00e4t in Deutschland, \u00d6sterreich und der Schweiz &#8211; Deutschlands erfolgreichster Philosophie-Coach verkn\u00fcpft diese Liebe zur Natur erstmals mit dem Trend-Thema Sinnsuche und Philosophie. Wandern bedeutet: dem Alltag entfliehen, Abstand gewinnen, Natur erleben, Seele und K\u00f6rper st\u00e4rken und damit die Gesundheit f\u00f6rdern. Doch Wandern ist mehr als das, sagt der Philosophie-Coach Albert [&#8230;]\n","protected":false},"featured_media":38747,"template":"","meta":[],"product_brand":[],"product_cat":[21542],"product_tag":[],"class_list":{"0":"post-148780","1":"product","2":"type-product","3":"status-publish","4":"has-post-thumbnail","6":"product_cat-sachbuecher-dokumentationen","7":"pa_autor-kitzler","8":"pa_erscheinungsjahr-25440","9":"pa_region-deutschland","10":"pa_sprache-de","12":"first","13":"instock","14":"taxable","15":"shipping-taxable","16":"purchasable","17":"product-type-simple"},"_links":{"self":[{"href":"https:\/\/pizbube.ch\/en\/wp-json\/wp\/v2\/product\/148780","targetHints":{"allow":["GET"]}}],"collection":[{"href":"https:\/\/pizbube.ch\/en\/wp-json\/wp\/v2\/product"}],"about":[{"href":"https:\/\/pizbube.ch\/en\/wp-json\/wp\/v2\/types\/product"}],"wp:featuredmedia":[{"embeddable":true,"href":"https:\/\/pizbube.ch\/en\/wp-json\/wp\/v2\/media\/38747"}],"wp:attachment":[{"href":"https:\/\/pizbube.ch\/en\/wp-json\/wp\/v2\/media?parent=148780"}],"wp:term":[{"taxonomy":"product_brand","embeddable":true,"href":"https:\/\/pizbube.ch\/en\/wp-json\/wp\/v2\/product_brand?post=148780"},{"taxonomy":"product_cat","embeddable":true,"href":"https:\/\/pizbube.ch\/en\/wp-json\/wp\/v2\/product_cat?post=148780"},{"taxonomy":"product_tag","embeddable":true,"href":"https:\/\/pizbube.ch\/en\/wp-json\/wp\/v2\/product_tag?post=148780"}],"curies":[{"name":"wp","href":"https:\/\/api.w.org\/{rel}","templated":true}]}}