{"id":148782,"date":"2021-01-15T10:58:09","date_gmt":"2021-01-15T10:58:09","guid":{"rendered":"https:\/\/codengine3.ch\/?product=import-placeholder-for-208377"},"modified":"2021-01-15T17:53:17","modified_gmt":"2021-01-15T17:53:17","slug":"anleitung-zum-gehen","status":"publish","type":"product","link":"https:\/\/pizbube.ch\/en\/shop\/anleitung-zum-gehen\/","title":{"rendered":"Anleitung zum Gehen"},"content":{"rendered":"<p>Ein poetischer Ratgeber, der uns lehrt, was wir selbst und die Welt zum<br \/>\n\u00dcberleben brauchen<\/p>\n<p>\u00bbBeim Gehen werden wir die eigenen Schritte h\u00f6ren und auch den eigenen Atem<br \/>\nund das eigene Herz, und wenn wir uns vollst\u00e4ndig entspannen, werden wir auch<br \/>\nunsere eigenen Gedanken h\u00f6ren.\u00ab In seinem poetisch-philosophischen Essay<br \/>\n\u00bbAnleitung zum Gehen\u00ab versammelt Edo Popovic\u00b4 alles, was er in f\u00fcnfzig Jahren<br \/>\nan Weisheit \u00fcber die Menschheit und ihr oft selbstzerst\u00f6rerisches Wesen<br \/>\nzusammengetragen hat. \u00dcber uns, die wir uns benehmen wie Hamster im Laufrad.<br \/>\nDie wir rennen, so lange wir Kraft haben, um irgendwann einfach zu erl\u00f6schen.<br \/>\nWir sind in Eile. Und wir beschleunigen st\u00e4ndig. Wer nicht beschleunigt, ist<br \/>\nverd\u00e4chtig.<\/p>\n<p>Edo Popovic beschreibt diesen st\u00e4ndigen Drang zur Selbstoptimierung als einen<br \/>\nHunger, der uns verunstaltet, uns in Automaten zum Verdienen und Verbrauchen<br \/>\nverwandelt hat. Von diesem Hunger befreien seine klugen, erfahrungsreichen<br \/>\nTexte. Und sie lehren uns: Das, was wir tats\u00e4chlich brauchen, wird nicht<br \/>\nbeworben, es findet sich nicht in Schaufenstern und ist nicht mit Geld zu<br \/>\nkaufen.<\/p>","protected":false},"excerpt":{"rendered":"<p>Ein poetischer Ratgeber, der uns lehrt, was wir selbst und die Welt zum \u00dcberleben brauchen \u00bbBeim Gehen werden wir die eigenen Schritte h\u00f6ren und auch den eigenen Atem und das eigene Herz, und wenn wir uns vollst\u00e4ndig entspannen, werden wir auch unsere eigenen Gedanken h\u00f6ren.\u00ab In seinem poetisch-philosophischen Essay \u00bbAnleitung zum Gehen\u00ab versammelt Edo Popovic\u00b4 [&#8230;]\n","protected":false},"featured_media":41154,"template":"","meta":[],"product_brand":[],"product_cat":[21542],"product_tag":[],"class_list":{"0":"post-148782","1":"product","2":"type-product","3":"status-publish","4":"has-post-thumbnail","6":"product_cat-sachbuecher-dokumentationen","7":"pa_autor-popovic","8":"pa_erscheinungsjahr-21571","9":"pa_region-deutschland","10":"pa_sprache-de","12":"first","13":"instock","14":"taxable","15":"shipping-taxable","16":"purchasable","17":"product-type-simple"},"_links":{"self":[{"href":"https:\/\/pizbube.ch\/en\/wp-json\/wp\/v2\/product\/148782","targetHints":{"allow":["GET"]}}],"collection":[{"href":"https:\/\/pizbube.ch\/en\/wp-json\/wp\/v2\/product"}],"about":[{"href":"https:\/\/pizbube.ch\/en\/wp-json\/wp\/v2\/types\/product"}],"wp:featuredmedia":[{"embeddable":true,"href":"https:\/\/pizbube.ch\/en\/wp-json\/wp\/v2\/media\/41154"}],"wp:attachment":[{"href":"https:\/\/pizbube.ch\/en\/wp-json\/wp\/v2\/media?parent=148782"}],"wp:term":[{"taxonomy":"product_brand","embeddable":true,"href":"https:\/\/pizbube.ch\/en\/wp-json\/wp\/v2\/product_brand?post=148782"},{"taxonomy":"product_cat","embeddable":true,"href":"https:\/\/pizbube.ch\/en\/wp-json\/wp\/v2\/product_cat?post=148782"},{"taxonomy":"product_tag","embeddable":true,"href":"https:\/\/pizbube.ch\/en\/wp-json\/wp\/v2\/product_tag?post=148782"}],"curies":[{"name":"wp","href":"https:\/\/api.w.org\/{rel}","templated":true}]}}