{"id":148783,"date":"2021-01-15T10:58:09","date_gmt":"2021-01-15T10:58:09","guid":{"rendered":"https:\/\/codengine3.ch\/?product=import-placeholder-for-200588"},"modified":"2021-01-15T10:59:02","modified_gmt":"2021-01-15T10:59:02","slug":"zu-fuss-eine-geschichte-des-gehens","status":"publish","type":"product","link":"https:\/\/pizbube.ch\/en\/shop\/zu-fuss-eine-geschichte-des-gehens\/","title":{"rendered":"Zu Fuss &#8211; Eine Geschichte des Gehens"},"content":{"rendered":"<p>\nMillionen Jahre war der Mensch nur zu Fu\u00df unterwegs und 1900 Jahre fast nur zu<br \/>\nFu\u00df; heutzutage aber bewegt er sich kaum noch so fort &#8211; Zeit f\u00fcr eine<br \/>\nKulturgeschichte der Mobilit\u00e4t aus Fu\u00dfg\u00e4ngerperspektive. Johann-G\u00fcnther K\u00f6nig<br \/>\nzeichnet die Geschichte dieser Fortbewegungsart nach, beginnt mit dem<br \/>\naufrechten Gang, schreitet aus \u00fcber die V\u00f6lkerwanderungszeit und macht beim<br \/>\nSpazierengehen oder Wandern nicht halt. Immer geht es dabei auch um die Frage,<br \/>\nwelche Auswirkungen das Gehen auf den Alltag der Menschen hat. K\u00f6nig h\u00e4lt es<br \/>\ndabei f\u00fcr gut m\u00f6glich, dass die gro\u00dfe Zeit des homo sapiens als Fu\u00dfg\u00e4nger in<br \/>\nK\u00fcrze wiederkommt, denn das \u00d6l geht zur Neige &#8230;  <\/p>\n<p>Los geht&#8217;s<br \/>\n1. Festen Fu\u00df fassen Wie geht Zufu\u00dfgehen &#8211; Kein Mensch geht wie der andere<br \/>\nAuf die F\u00fc\u00dfe treten  <\/p>\n<p>2. Millionen Jahre nur zu Fu\u00df Die ersten Fu\u00dfg\u00e4nger Ein (r)evolution\u00e4res<br \/>\nSchl\u00fcsselereignis Wie weit die F\u00fc\u00dfe trugen Immer unterwegs Keinen Fu\u00df mehr vor<br \/>\ndie T\u00fcr  <\/p>\n<p>3. 1900 Jahre fast nur zu Fu\u00df Viele Wege f\u00fchrten nach Rom V\u00f6lker wandern. Wer<br \/>\nreiste nicht zu Fu\u00df. Notgedrungen per pedes Fu\u00dfg\u00e4nge der Landbev\u00f6lkerung<br \/>\nZwischen Alltag und Katastrophe Leben und \u00dcberleben auf der Stra\u00dfe Fu\u00dfreisen<br \/>\nzu Ausbildungszwecken und zu heiligen Zielen Gehen und Laufen in festen<br \/>\nDiensten Die St\u00e4dte &#8211; idyllische Fu\u00dfg\u00e4ngerzonen. Das B\u00fcrgertum geht spazieren<br \/>\nWandern: meine Lust. Nun geht das Wandern an &#8230; Im Massentritt Soldaten, die<br \/>\nmarschieren  <\/p>\n<p>4. Von den F\u00fc\u00dfen geholt Fort-Schritt ins Transportmittel Zu Fu\u00df gehende<br \/>\nVerkehrsteilnehmer Zeit der Flaneure, Hohezeit der Wandergruppen Kunden der<br \/>\nLandstra\u00dfe Der letzte Fu\u00dfg\u00e4nger.  <\/p>\n<p>You&#8217;ll Never Walk Alone In einer festgesessenen Zeit Quellen- und<br \/>\nLiteraturhinweise  <\/p>","protected":false},"excerpt":{"rendered":"<p>Millionen Jahre war der Mensch nur zu Fu\u00df unterwegs und 1900 Jahre fast nur zu Fu\u00df; heutzutage aber bewegt er sich kaum noch so fort &#8211; Zeit f\u00fcr eine Kulturgeschichte der Mobilit\u00e4t aus Fu\u00dfg\u00e4ngerperspektive. Johann-G\u00fcnther K\u00f6nig zeichnet die Geschichte dieser Fortbewegungsart nach, beginnt mit dem aufrechten Gang, schreitet aus \u00fcber die V\u00f6lkerwanderungszeit und macht beim [&#8230;]\n","protected":false},"featured_media":27434,"template":"","meta":[],"product_brand":[],"product_cat":[21580],"product_tag":[],"class_list":{"0":"post-148783","1":"product","2":"type-product","3":"status-publish","4":"has-post-thumbnail","6":"product_cat-kunst-kultur","7":"pa_autor-koenig","8":"pa_erscheinungsjahr-21568","9":"pa_region-deutschland","10":"pa_sprache-de","12":"first","13":"instock","14":"taxable","15":"shipping-taxable","16":"purchasable","17":"product-type-simple"},"_links":{"self":[{"href":"https:\/\/pizbube.ch\/en\/wp-json\/wp\/v2\/product\/148783","targetHints":{"allow":["GET"]}}],"collection":[{"href":"https:\/\/pizbube.ch\/en\/wp-json\/wp\/v2\/product"}],"about":[{"href":"https:\/\/pizbube.ch\/en\/wp-json\/wp\/v2\/types\/product"}],"wp:featuredmedia":[{"embeddable":true,"href":"https:\/\/pizbube.ch\/en\/wp-json\/wp\/v2\/media\/27434"}],"wp:attachment":[{"href":"https:\/\/pizbube.ch\/en\/wp-json\/wp\/v2\/media?parent=148783"}],"wp:term":[{"taxonomy":"product_brand","embeddable":true,"href":"https:\/\/pizbube.ch\/en\/wp-json\/wp\/v2\/product_brand?post=148783"},{"taxonomy":"product_cat","embeddable":true,"href":"https:\/\/pizbube.ch\/en\/wp-json\/wp\/v2\/product_cat?post=148783"},{"taxonomy":"product_tag","embeddable":true,"href":"https:\/\/pizbube.ch\/en\/wp-json\/wp\/v2\/product_tag?post=148783"}],"curies":[{"name":"wp","href":"https:\/\/api.w.org\/{rel}","templated":true}]}}