{"id":148785,"date":"2021-01-15T10:58:10","date_gmt":"2021-01-15T10:58:10","guid":{"rendered":"https:\/\/codengine3.ch\/?product=import-placeholder-for-207255"},"modified":"2021-01-15T16:01:15","modified_gmt":"2021-01-15T16:01:15","slug":"wanderlust-europa-die-schoensten-wanderwege-in-europa","status":"publish","type":"product","link":"https:\/\/pizbube.ch\/en\/shop\/wanderlust-europa-die-schoensten-wanderwege-in-europa\/","title":{"rendered":"Wanderlust Europa &#8211; Die sch\u00f6nsten Wanderwege in Europa"},"content":{"rendered":"<p>\nEuropa bietet eine Vielzahl von Wanderungen in verschiedenen Landschaften und<br \/>\nKulturen. Es gibt endlose M\u00f6glichkeiten von den Alpen und ihren Gipfeln \u00fcber<br \/>\ndie Wiesen in Deutschland, die unentdeckte Natur in Slowenien, die<br \/>\nUnebenheiten des schottischen Hochlands bis zu den sonnenverw\u00f6hnten H\u00fcgeln auf<br \/>\nden spanischen Inseln.<\/p>\n<p>Die Wanderungen reichen von Tagesausfl\u00fcgen \u00fcber Wochenenden bis hin zu<br \/>\nmehrw\u00f6chigen Wanderungen f\u00fcr Anf\u00e4nger oder erfahrene Wanderer.<\/p>\n<p>Mit spektakul\u00e4ren Panoramen und dem Gef\u00fchl von Freiheit im Gep\u00e4ck verr\u00e4t<br \/>\ndieser inspirierende Ratgeber Wandererbegeisterten aller Erfahrungsstufen<br \/>\nPfade zu den entlegensten Orten und imposantesten Ausblicken. Dieser Neuzugang<br \/>\nder Wanderlust-Reihe kombiniert Expertentipps mit informativen Karten und<br \/>\nfaszinierenden Bildern und ist eine Inspiration f\u00fcr alle, die neue Wege<br \/>\nerkunden m\u00f6chten.  <\/p>\n<p>Tipps aus erster Hand vom Wanderexperten Alex Roddie sowie informative Karten<br \/>\nund spektakul\u00e4re Fotografien machen Europas wilde Seite erlebbar. Ob<br \/>\nLangstrecken-Trekking, kurze Tagesausfl\u00fcge oder ausgedehnte Wochenenden,<br \/>\nWanderlust Europa bietet Inspiration f\u00fcr alle Wanderer, die neue Wege erkunden<br \/>\nm\u00f6chten.<\/p>\n<p>Gebunden, 328 Seiten, Breite 230 mm, H\u00f6he 295 mm, Dicke 35 mm<\/p>","protected":false},"excerpt":{"rendered":"<p>Europa bietet eine Vielzahl von Wanderungen in verschiedenen Landschaften und Kulturen. Es gibt endlose M\u00f6glichkeiten von den Alpen und ihren Gipfeln \u00fcber die Wiesen in Deutschland, die unentdeckte Natur in Slowenien, die Unebenheiten des schottischen Hochlands bis zu den sonnenverw\u00f6hnten H\u00fcgeln auf den spanischen Inseln. Die Wanderungen reichen von Tagesausfl\u00fcgen \u00fcber Wochenenden bis hin zu [&#8230;]\n","protected":false},"featured_media":36918,"template":"","meta":[],"product_brand":[],"product_cat":[21542],"product_tag":[],"class_list":{"0":"post-148785","1":"product","2":"type-product","3":"status-publish","4":"has-post-thumbnail","6":"product_cat-sachbuecher-dokumentationen","7":"pa_erscheinungsjahr-21558","8":"pa_region-deutschland","9":"pa_sprache-de","11":"first","12":"instock","13":"taxable","14":"shipping-taxable","15":"purchasable","16":"product-type-simple"},"_links":{"self":[{"href":"https:\/\/pizbube.ch\/en\/wp-json\/wp\/v2\/product\/148785","targetHints":{"allow":["GET"]}}],"collection":[{"href":"https:\/\/pizbube.ch\/en\/wp-json\/wp\/v2\/product"}],"about":[{"href":"https:\/\/pizbube.ch\/en\/wp-json\/wp\/v2\/types\/product"}],"wp:featuredmedia":[{"embeddable":true,"href":"https:\/\/pizbube.ch\/en\/wp-json\/wp\/v2\/media\/36918"}],"wp:attachment":[{"href":"https:\/\/pizbube.ch\/en\/wp-json\/wp\/v2\/media?parent=148785"}],"wp:term":[{"taxonomy":"product_brand","embeddable":true,"href":"https:\/\/pizbube.ch\/en\/wp-json\/wp\/v2\/product_brand?post=148785"},{"taxonomy":"product_cat","embeddable":true,"href":"https:\/\/pizbube.ch\/en\/wp-json\/wp\/v2\/product_cat?post=148785"},{"taxonomy":"product_tag","embeddable":true,"href":"https:\/\/pizbube.ch\/en\/wp-json\/wp\/v2\/product_tag?post=148785"}],"curies":[{"name":"wp","href":"https:\/\/api.w.org\/{rel}","templated":true}]}}