{"id":148786,"date":"2021-01-15T10:58:10","date_gmt":"2021-01-15T10:58:10","guid":{"rendered":"https:\/\/codengine3.ch\/?product=import-placeholder-for-207406"},"modified":"2025-12-18T17:39:13","modified_gmt":"2025-12-18T16:39:13","slug":"die-kunst-des-stilvollen-wanderns-ein-philosophischer-wegweiser","status":"publish","type":"product","link":"https:\/\/pizbube.ch\/en\/shop\/die-kunst-des-stilvollen-wanderns-ein-philosophischer-wegweiser\/","title":{"rendered":"Die Kunst des stilvollen Wanderns &#8211; Ein philosophischer Wegweiser"},"content":{"rendered":"<p>\u00bbWenn das Herz tr\u00fcb ist, liegt das oft nur an einer zu d\u00fcnnen Sohle.\u00ab Stephen<br \/>\nGraham<\/p>\n<p>Der schottische Schriftsteller Stephen Graham war einer der ersten, der dazu<br \/>\naufrief, die Welt zu Fu\u00df zu entdecken &#8211; und sich auf unbekannte Wege<br \/>\nvorzuwagen. Fernab der Stra\u00dfen, allein mit sich und der Natur. In seinem<br \/>\nWanderratgeber aus dem Jahr 1926 nimmt er uns mit in eine Zeit, in der viele<br \/>\ndie Folgen der Industrialisierung schon sp\u00fcrten, doch unsere High-Tech-Welt<br \/>\nnoch ferne Zukunft war.<\/p>\n<p>Seine tiefsinnigen Gedanken und zeitlosen Ausr\u00fcstungstipps haben ihn zum<br \/>\nKultautor gemacht &#8211; der uns nicht nur verr\u00e4t, wie wir den Boden unter den<br \/>\nF\u00fc\u00dfen wieder sp\u00fcren lernen k\u00f6nnen, sondern uns mit dem besten Proviantpaket<br \/>\ngegen den \u00dcberdruss unserer Zeit versorgt.<\/p>","protected":false},"excerpt":{"rendered":"<p>\u00bbWenn das Herz tr\u00fcb ist, liegt das oft nur an einer zu d\u00fcnnen Sohle.\u00ab Stephen Graham Der schottische Schriftsteller Stephen Graham war einer der ersten, der dazu aufrief, die Welt zu Fu\u00df zu entdecken &#8211; und sich auf unbekannte Wege vorzuwagen. Fernab der Stra\u00dfen, allein mit sich und der Natur. In seinem Wanderratgeber aus dem [&#8230;]\n","protected":false},"featured_media":37356,"template":"","meta":[],"product_brand":[],"product_cat":[21542],"product_tag":[],"class_list":{"0":"post-148786","1":"product","2":"type-product","3":"status-publish","4":"has-post-thumbnail","6":"product_cat-sachbuecher-dokumentationen","7":"pa_autor-graham","8":"pa_erscheinungsjahr-21558","9":"pa_region-deutschland","10":"pa_sprache-de","12":"first","13":"instock","14":"taxable","15":"shipping-taxable","16":"purchasable","17":"product-type-simple"},"_links":{"self":[{"href":"https:\/\/pizbube.ch\/en\/wp-json\/wp\/v2\/product\/148786","targetHints":{"allow":["GET"]}}],"collection":[{"href":"https:\/\/pizbube.ch\/en\/wp-json\/wp\/v2\/product"}],"about":[{"href":"https:\/\/pizbube.ch\/en\/wp-json\/wp\/v2\/types\/product"}],"wp:featuredmedia":[{"embeddable":true,"href":"https:\/\/pizbube.ch\/en\/wp-json\/wp\/v2\/media\/37356"}],"wp:attachment":[{"href":"https:\/\/pizbube.ch\/en\/wp-json\/wp\/v2\/media?parent=148786"}],"wp:term":[{"taxonomy":"product_brand","embeddable":true,"href":"https:\/\/pizbube.ch\/en\/wp-json\/wp\/v2\/product_brand?post=148786"},{"taxonomy":"product_cat","embeddable":true,"href":"https:\/\/pizbube.ch\/en\/wp-json\/wp\/v2\/product_cat?post=148786"},{"taxonomy":"product_tag","embeddable":true,"href":"https:\/\/pizbube.ch\/en\/wp-json\/wp\/v2\/product_tag?post=148786"}],"curies":[{"name":"wp","href":"https:\/\/api.w.org\/{rel}","templated":true}]}}