{"id":148788,"date":"2021-01-15T10:58:10","date_gmt":"2021-01-15T10:58:10","guid":{"rendered":"https:\/\/codengine3.ch\/?product=import-placeholder-for-208582"},"modified":"2025-10-25T13:44:15","modified_gmt":"2025-10-25T11:44:15","slug":"gehen-ohne-je-den-gipfel-zu-besteigen","status":"publish","type":"product","link":"https:\/\/pizbube.ch\/en\/shop\/gehen-ohne-je-den-gipfel-zu-besteigen\/","title":{"rendered":"Gehen, ohne je den Gipfel zu besteigen"},"content":{"rendered":"<p>Auf der Suche nach Ruhe und Kraft &#8211; eine Reise durch die einsame Bergwelt des<br \/>\nHimalaja<\/p>\n<p>Paolo Cognetti nimmt uns mit auf eine atemberaubende Reise in die Ferne, die<br \/>\nuns zu uns selbst zur\u00fcckf\u00fchrt. Schon als Junge tr\u00e4umte er von den kargen<br \/>\nBergen Nepals, nun endlich macht er sich mit seinen zwei engsten Freunden auf<br \/>\nden Weg. Sie \u00fcberqueren 5000er P\u00e4sse, kommen an Herden von Blauschafen vorbei,<br \/>\nan buddhistischen Kl\u00f6stern, dem einsamen Hochland immer weiter entgegen.<\/p>\n<p>Doch nicht die entlegene Himalaja-Region Dolpo ist Cognettis eigentliches<br \/>\nZiel, auch der Gipfel des Kristallbergs nicht, sondern das Gehen ist seine<br \/>\nMission, sein Zeit- und Raumma\u00df, seine Art zu denken. Mit jedem Schritt, mit<br \/>\njedem Atemzug sch\u00e4rft sich die Wahrnehmung f\u00fcr das Hier und Jetzt, f\u00fcr das,<br \/>\nwas wesentlich ist: Verbundenheit, Mitgef\u00fchl und Verantwortung.<\/p>\n<p>128 Seiten, Mit 12 s\/w-Illustrationen des Autors im Innenteil.<\/p>","protected":false},"excerpt":{"rendered":"<p>Auf der Suche nach Ruhe und Kraft &#8211; eine Reise durch die einsame Bergwelt des Himalaja Paolo Cognetti nimmt uns mit auf eine atemberaubende Reise in die Ferne, die uns zu uns selbst zur\u00fcckf\u00fchrt. Schon als Junge tr\u00e4umte er von den kargen Bergen Nepals, nun endlich macht er sich mit seinen zwei engsten Freunden auf [&#8230;]\n","protected":false},"featured_media":40621,"template":"","meta":[],"product_brand":[],"product_cat":[21629],"product_tag":[],"class_list":{"0":"post-148788","1":"product","2":"type-product","3":"status-publish","4":"has-post-thumbnail","6":"product_cat-belletristik","7":"pa_autor-cognetti","8":"pa_erscheinungsjahr-21586","9":"pa_region-italien","10":"pa_sprache-de","12":"first","13":"instock","14":"taxable","15":"shipping-taxable","16":"purchasable","17":"product-type-simple"},"_links":{"self":[{"href":"https:\/\/pizbube.ch\/en\/wp-json\/wp\/v2\/product\/148788","targetHints":{"allow":["GET"]}}],"collection":[{"href":"https:\/\/pizbube.ch\/en\/wp-json\/wp\/v2\/product"}],"about":[{"href":"https:\/\/pizbube.ch\/en\/wp-json\/wp\/v2\/types\/product"}],"wp:featuredmedia":[{"embeddable":true,"href":"https:\/\/pizbube.ch\/en\/wp-json\/wp\/v2\/media\/40621"}],"wp:attachment":[{"href":"https:\/\/pizbube.ch\/en\/wp-json\/wp\/v2\/media?parent=148788"}],"wp:term":[{"taxonomy":"product_brand","embeddable":true,"href":"https:\/\/pizbube.ch\/en\/wp-json\/wp\/v2\/product_brand?post=148788"},{"taxonomy":"product_cat","embeddable":true,"href":"https:\/\/pizbube.ch\/en\/wp-json\/wp\/v2\/product_cat?post=148788"},{"taxonomy":"product_tag","embeddable":true,"href":"https:\/\/pizbube.ch\/en\/wp-json\/wp\/v2\/product_tag?post=148788"}],"curies":[{"name":"wp","href":"https:\/\/api.w.org\/{rel}","templated":true}]}}