{"id":148789,"date":"2021-01-15T10:58:10","date_gmt":"2021-01-15T10:58:10","guid":{"rendered":"https:\/\/codengine3.ch\/?product=import-placeholder-for-200501"},"modified":"2023-06-02T12:13:47","modified_gmt":"2023-06-02T10:13:47","slug":"couennes-en-ubaye","status":"publish","type":"product","link":"https:\/\/pizbube.ch\/en\/shop\/couennes-en-ubaye\/","title":{"rendered":"Couennes en Ubaye"},"content":{"rendered":"<p>Le TOPO des nouvelles voies \u00e9coles de la vall\u00e9e de l&#8217;ubaye, des sites<br \/>\nnouveaux, des falaises tr\u00e8s bien \u00e9quip\u00e9es.<\/p>\n<p>10 site(s) de grimpe pr\u00e9sent\u00e9(s) dans ce topo guide d&#8217;escalade :<br \/>\nLa Mandeysse<br \/>\nLa Roche (bas)<br \/>\nLa Roche (haut)<\/p>\n<p>Le Pont Vo\u00fbt\u00e9<br \/>\nLe Seuil<br \/>\nLes Herbez<br \/>\nLes Pinettes<\/p>\n<p>M\u00e9olans<br \/>\nRestefond<br \/>\nChambeyron<br \/>\nLe Pont vout\u00e9<br \/>\nLe Morgonnet<\/p>","protected":false},"excerpt":{"rendered":"<p>Le TOPO des nouvelles voies \u00e9coles de la vall\u00e9e de l&#8217;ubaye, des sites nouveaux, des falaises tr\u00e8s bien \u00e9quip\u00e9es. 10 site(s) de grimpe pr\u00e9sent\u00e9(s) dans ce topo guide d&#8217;escalade : La Mandeysse La Roche (bas) La Roche (haut) Le Pont Vo\u00fbt\u00e9 Le Seuil Les Herbez Les Pinettes M\u00e9olans Restefond Chambeyron Le Pont vout\u00e9 Le Morgonnet<\/p>","protected":false},"featured_media":27107,"template":"","meta":[],"product_brand":[],"product_cat":[21539],"product_tag":[],"class_list":{"0":"post-148789","1":"product","2":"type-product","3":"status-publish","4":"has-post-thumbnail","6":"product_cat-fuehrerliteratur-sportklettern-bouldern","7":"pa_autor-aue","8":"pa_erscheinungsjahr-21571","9":"pa_region-frankreich","10":"pa_sprache-fr","12":"first","13":"onbackorder","14":"taxable","15":"shipping-taxable","16":"purchasable","17":"product-type-simple"},"_links":{"self":[{"href":"https:\/\/pizbube.ch\/en\/wp-json\/wp\/v2\/product\/148789","targetHints":{"allow":["GET"]}}],"collection":[{"href":"https:\/\/pizbube.ch\/en\/wp-json\/wp\/v2\/product"}],"about":[{"href":"https:\/\/pizbube.ch\/en\/wp-json\/wp\/v2\/types\/product"}],"wp:featuredmedia":[{"embeddable":true,"href":"https:\/\/pizbube.ch\/en\/wp-json\/wp\/v2\/media\/27107"}],"wp:attachment":[{"href":"https:\/\/pizbube.ch\/en\/wp-json\/wp\/v2\/media?parent=148789"}],"wp:term":[{"taxonomy":"product_brand","embeddable":true,"href":"https:\/\/pizbube.ch\/en\/wp-json\/wp\/v2\/product_brand?post=148789"},{"taxonomy":"product_cat","embeddable":true,"href":"https:\/\/pizbube.ch\/en\/wp-json\/wp\/v2\/product_cat?post=148789"},{"taxonomy":"product_tag","embeddable":true,"href":"https:\/\/pizbube.ch\/en\/wp-json\/wp\/v2\/product_tag?post=148789"}],"curies":[{"name":"wp","href":"https:\/\/api.w.org\/{rel}","templated":true}]}}