{"id":148792,"date":"2021-01-15T10:58:10","date_gmt":"2021-01-15T10:58:10","guid":{"rendered":"https:\/\/codengine3.ch\/?product=import-placeholder-for-207635"},"modified":"2024-07-26T10:39:11","modified_gmt":"2024-07-26T08:39:11","slug":"ubaye-alpinisme-escalade-via-ferrata","status":"publish","type":"product","link":"https:\/\/pizbube.ch\/en\/shop\/ubaye-alpinisme-escalade-via-ferrata\/","title":{"rendered":"UBAYE &#8211; Alpinisme, Escalade, Via Ferrata"},"content":{"rendered":"<p>UBAYE : Alpinisme, Escalade &amp; Via Ferrata<\/p>\n<p>Le nouveau topo montagne quasi exhaustif sur les massifs de la vall\u00e9e de<br \/>\nl&#8217;Ubaye de Colin MICHEL est (enfin) sorti! Il comporte 250 pages et d\u00e9crit sur<br \/>\n9 secteurs, tous les itin\u00e9raires connus \u00e0 ce jour:<\/p>\n<p>&#8211; 1 &#8211; Au d\u00e9part de Maljasset (Contrefort du P\u00e9ouvou, Pic de Pelvat, Pointe<br \/>\nhaute de Mary, Aig Pierre Andr\u00e9, G\u00e9linasse, Peigne, Aig Large, Aig du<br \/>\nChambeyron face nord, groupe du brec de l&#8217;Homme face nord)<br \/>\n&#8211; 2 &#8211; Entre la Barge &amp; le Pont Vo\u00fbt\u00e9 (T\u00eate du sanglier, Cosmic D\u00e9bris, Sommet<br \/>\nRouge, Pic des Houerts, Grd Bec de la Blachi\u00e8re, Tour de Chillol, T\u00eate du<br \/>\nMarcassin, Aig de Chillol)<br \/>\n&#8211; 3 &#8211; Entre le Pont Vo\u00fbt\u00e9 et Serenne (Pte George Debray, Aig du Chambeyron<br \/>\nface nord-ouest, Aig Grande, Pointe d&#8217;Aval, P\u00e9ouvou de Serenne, Lauze Roberte,<br \/>\nBarre de la Mortice)<br \/>\n&#8211; 4 &#8211; Au d\u00e9part de Fouillouse (Aig du Chambeyron face sud, Caire Violet, Brec<br \/>\ndu Chambeyron, Cha\u00eenon sud du brec, Conbtreforts du Massour)<br \/>\n&#8211; 5 &#8211; Vallon de L&#8217;Ubayette \/ Larche (Gendarmes de St Ours, Rocher Piroulire,<br \/>\nT\u00eate des Br\u00e9quets, La Meyna, Aig du Vallonnet, Aig du Vallonasso, Aig de<br \/>\nl&#8217;Oronaye, T\u00eate de Mo\u00efse, Aig de l&#8217;Enchiausa, T\u00eate des Lacs Froids)<\/p>\n<p>&#8211; 6 &#8211; Entre Jausiers et Barcelonnette (Gr\u00e9ponnet, Empeloutier, Queiron, Pain<br \/>\nde Sucre face nord-est)<br \/>\n&#8211; 7 &#8211; Vallon du Bachelard ( Pain de Sucre face sud &amp; ouest, Chapeau de<br \/>\nGendarme, Ventebrun)<\/p>\n<p>&#8211; 8 &#8211; Vallon du Laverq ( Petite S\u00e9olane, Grd S\u00e9olane, Neill\u00e8re)<br \/>\n&#8211; 9 &#8211; Au d\u00e9part de la Fresqui\u00e8re (Silhourais, Auta, Lauza Plana, Montagnette,<br \/>\nCaire de Louios XVI, Le Poivre, M\u00e9olans, S\u00e9olane des Besses, Ailette)<\/p>","protected":false},"excerpt":{"rendered":"<p>UBAYE : Alpinisme, Escalade &amp; Via Ferrata Le nouveau topo montagne quasi exhaustif sur les massifs de la vall\u00e9e de l&#8217;Ubaye de Colin MICHEL est (enfin) sorti! Il comporte 250 pages et d\u00e9crit sur 9 secteurs, tous les itin\u00e9raires connus \u00e0 ce jour: &#8211; 1 &#8211; Au d\u00e9part de Maljasset (Contrefort du P\u00e9ouvou, Pic de [&#8230;]\n","protected":false},"featured_media":38008,"template":"","meta":[],"product_brand":[],"product_cat":[21539],"product_tag":[],"class_list":{"0":"post-148792","1":"product","2":"type-product","3":"status-publish","4":"has-post-thumbnail","6":"product_cat-fuehrerliteratur-sportklettern-bouldern","7":"pa_autor-michel","8":"pa_erscheinungsjahr-21621","9":"pa_region-frankreich","10":"pa_sprache-fr","12":"first","13":"outofstock","14":"taxable","15":"shipping-taxable","16":"purchasable","17":"product-type-simple"},"_links":{"self":[{"href":"https:\/\/pizbube.ch\/en\/wp-json\/wp\/v2\/product\/148792","targetHints":{"allow":["GET"]}}],"collection":[{"href":"https:\/\/pizbube.ch\/en\/wp-json\/wp\/v2\/product"}],"about":[{"href":"https:\/\/pizbube.ch\/en\/wp-json\/wp\/v2\/types\/product"}],"wp:featuredmedia":[{"embeddable":true,"href":"https:\/\/pizbube.ch\/en\/wp-json\/wp\/v2\/media\/38008"}],"wp:attachment":[{"href":"https:\/\/pizbube.ch\/en\/wp-json\/wp\/v2\/media?parent=148792"}],"wp:term":[{"taxonomy":"product_brand","embeddable":true,"href":"https:\/\/pizbube.ch\/en\/wp-json\/wp\/v2\/product_brand?post=148792"},{"taxonomy":"product_cat","embeddable":true,"href":"https:\/\/pizbube.ch\/en\/wp-json\/wp\/v2\/product_cat?post=148792"},{"taxonomy":"product_tag","embeddable":true,"href":"https:\/\/pizbube.ch\/en\/wp-json\/wp\/v2\/product_tag?post=148792"}],"curies":[{"name":"wp","href":"https:\/\/api.w.org\/{rel}","templated":true}]}}