{"id":148794,"date":"2021-01-15T10:58:10","date_gmt":"2021-01-15T10:58:10","guid":{"rendered":"https:\/\/codengine3.ch\/?product=import-placeholder-for-205292"},"modified":"2021-01-15T14:40:08","modified_gmt":"2021-01-15T14:40:08","slug":"kanada-tageswanderungen-in-den-rocky-mountains-outdoorhandbuch-band-50","status":"publish","type":"product","link":"https:\/\/pizbube.ch\/en\/shop\/kanada-tageswanderungen-in-den-rocky-mountains-outdoorhandbuch-band-50\/","title":{"rendered":"Kanada: Tageswanderungen in den Rocky Mountains (OutdoorHandbuch Band 50)"},"content":{"rendered":"<p>Wer die Rocky Mountains intensiv erleben m\u00f6chte, muss sie erwandern. Die<br \/>\nkanadischen Nationalparks Banff und Yoho sind ein grandioses Wanderparadies<br \/>\nund bieten Routen in allen Schwierigkeitsgraden. Sowohl Anf\u00e4nger als auch<br \/>\nambitioniertere Wanderenthusiasten finden hier ihr Gl\u00fcck. Von leichten<br \/>\nAusfl\u00fcgen bis hin zu anstrengenden Aufstiegen mit bis zu 900 m<br \/>\nH\u00f6henunterschied pr\u00e4sentiert das OutdoorHandbuch eine Auswahl der<br \/>\ninteressantesten Wanderwege rund um Banff, Lake Louise und in der N\u00e4he des<br \/>\nColumbia Icefields sowie am Lake O&#8217;Hara und im Gebiet des Yoho Valley\/Emerald<br \/>\nLake.<\/p>\n<p>Westkanada-Reisende erhalten eine schnelle \u00dcbersicht \u00fcber lohnende<br \/>\nTageswanderungen und k\u00f6nnen anhand von Fotos und detaillierten Zeit- und<br \/>\nEntfernungsangaben zwischen spektakul\u00e4ren Ausblicken auf Gletscher und<br \/>\nBergmassive, idyllischen Bergwiesen, tiefblauen Seen und glasklaren Fl\u00fcssen<br \/>\nausw\u00e4hlen oder eine aufgegebene Minenstadt erkunden. Zahlreiche Karten<br \/>\nerleichtern die Orientierung. Informationen und Tipps speziell f\u00fcr Wanderer &#8211;<br \/>\netwa im Falle einer B\u00e4renbegegnung &#8211; sorgen f\u00fcr Sicherheit auf allen Wegen.<\/p>","protected":false},"excerpt":{"rendered":"<p>Wer die Rocky Mountains intensiv erleben m\u00f6chte, muss sie erwandern. Die kanadischen Nationalparks Banff und Yoho sind ein grandioses Wanderparadies und bieten Routen in allen Schwierigkeitsgraden. Sowohl Anf\u00e4nger als auch ambitioniertere Wanderenthusiasten finden hier ihr Gl\u00fcck. Von leichten Ausfl\u00fcgen bis hin zu anstrengenden Aufstiegen mit bis zu 900 m H\u00f6henunterschied pr\u00e4sentiert das OutdoorHandbuch eine Auswahl [&#8230;]\n","protected":false},"featured_media":38226,"template":"","meta":[],"product_brand":[],"product_cat":[21605],"product_tag":[],"class_list":{"0":"post-148794","1":"product","2":"type-product","3":"status-publish","4":"has-post-thumbnail","6":"product_cat-wanderfuehrer-trekking","7":"pa_autor-malinowski","8":"pa_erscheinungsjahr-21568","9":"pa_region-amerika-nord","10":"pa_sprache-de","12":"first","13":"instock","14":"taxable","15":"shipping-taxable","16":"purchasable","17":"product-type-simple"},"_links":{"self":[{"href":"https:\/\/pizbube.ch\/en\/wp-json\/wp\/v2\/product\/148794","targetHints":{"allow":["GET"]}}],"collection":[{"href":"https:\/\/pizbube.ch\/en\/wp-json\/wp\/v2\/product"}],"about":[{"href":"https:\/\/pizbube.ch\/en\/wp-json\/wp\/v2\/types\/product"}],"wp:featuredmedia":[{"embeddable":true,"href":"https:\/\/pizbube.ch\/en\/wp-json\/wp\/v2\/media\/38226"}],"wp:attachment":[{"href":"https:\/\/pizbube.ch\/en\/wp-json\/wp\/v2\/media?parent=148794"}],"wp:term":[{"taxonomy":"product_brand","embeddable":true,"href":"https:\/\/pizbube.ch\/en\/wp-json\/wp\/v2\/product_brand?post=148794"},{"taxonomy":"product_cat","embeddable":true,"href":"https:\/\/pizbube.ch\/en\/wp-json\/wp\/v2\/product_cat?post=148794"},{"taxonomy":"product_tag","embeddable":true,"href":"https:\/\/pizbube.ch\/en\/wp-json\/wp\/v2\/product_tag?post=148794"}],"curies":[{"name":"wp","href":"https:\/\/api.w.org\/{rel}","templated":true}]}}