{"id":148802,"date":"2021-01-15T10:58:10","date_gmt":"2021-01-15T10:58:10","guid":{"rendered":"https:\/\/codengine3.ch\/?product=import-placeholder-for-203389"},"modified":"2021-01-15T14:22:47","modified_gmt":"2021-01-15T14:22:47","slug":"denti-della-vecchia-guida-d-arrampicata-kletterfuehrer-climbing-guide","status":"publish","type":"product","link":"https:\/\/pizbube.ch\/en\/shop\/denti-della-vecchia-guida-d-arrampicata-kletterfuehrer-climbing-guide\/","title":{"rendered":"Denti della Vecchia Guida d&#8216; arrampicata Kletterf\u00fchrer Climbing guide"},"content":{"rendered":"<p>Zu ihrem 40 j\u00e4hrigen Jubil\u00e4um haben die Scoiattoli, die Eichh\u00f6rnchen der Denti<br \/>\ndella Vecchia, diesen Kletterf\u00fchrer herausgegeben: Auf 257 Seiten werden alle<br \/>\n24 Sektoren mit Topos beschrieben. Mit Erschliessungsgeschichte und vielen<br \/>\nFarbfotos DIE Bibel f\u00fcr das Gebiet!<br \/>\nTopoguidebook of the Denti della Vecchia, a mayor limestone rockclimbing area<br \/>\nin Ticino.<br \/>\nGuida d&#8216; arrampicata Kletterf\u00fchrer, Denti della Vecchia<\/p>","protected":false},"excerpt":{"rendered":"<p>Zu ihrem 40 j\u00e4hrigen Jubil\u00e4um haben die Scoiattoli, die Eichh\u00f6rnchen der Denti della Vecchia, diesen Kletterf\u00fchrer herausgegeben: Auf 257 Seiten werden alle 24 Sektoren mit Topos beschrieben. Mit Erschliessungsgeschichte und vielen Farbfotos DIE Bibel f\u00fcr das Gebiet! Topoguidebook of the Denti della Vecchia, a mayor limestone rockclimbing area in Ticino. Guida d&#8216; arrampicata Kletterf\u00fchrer, Denti [&#8230;]\n","protected":false},"featured_media":30989,"template":"","meta":[],"product_brand":[],"product_cat":[21539],"product_tag":[],"class_list":{"0":"post-148802","1":"product","2":"type-product","3":"status-publish","4":"has-post-thumbnail","6":"product_cat-fuehrerliteratur-sportklettern-bouldern","7":"pa_autor-gruppo-scoiattoli","8":"pa_erscheinungsjahr-21920","9":"pa_region-schweiz","10":"pa_sprache-d","11":"pa_sprache-e","12":"pa_sprache-i","14":"first","15":"outofstock","16":"taxable","17":"shipping-taxable","18":"purchasable","19":"product-type-simple"},"_links":{"self":[{"href":"https:\/\/pizbube.ch\/en\/wp-json\/wp\/v2\/product\/148802","targetHints":{"allow":["GET"]}}],"collection":[{"href":"https:\/\/pizbube.ch\/en\/wp-json\/wp\/v2\/product"}],"about":[{"href":"https:\/\/pizbube.ch\/en\/wp-json\/wp\/v2\/types\/product"}],"wp:featuredmedia":[{"embeddable":true,"href":"https:\/\/pizbube.ch\/en\/wp-json\/wp\/v2\/media\/30989"}],"wp:attachment":[{"href":"https:\/\/pizbube.ch\/en\/wp-json\/wp\/v2\/media?parent=148802"}],"wp:term":[{"taxonomy":"product_brand","embeddable":true,"href":"https:\/\/pizbube.ch\/en\/wp-json\/wp\/v2\/product_brand?post=148802"},{"taxonomy":"product_cat","embeddable":true,"href":"https:\/\/pizbube.ch\/en\/wp-json\/wp\/v2\/product_cat?post=148802"},{"taxonomy":"product_tag","embeddable":true,"href":"https:\/\/pizbube.ch\/en\/wp-json\/wp\/v2\/product_tag?post=148802"}],"curies":[{"name":"wp","href":"https:\/\/api.w.org\/{rel}","templated":true}]}}