{"id":148803,"date":"2021-01-15T10:58:10","date_gmt":"2021-01-15T10:58:10","guid":{"rendered":"https:\/\/codengine3.ch\/?product=import-placeholder-for-207142"},"modified":"2021-03-13T10:13:28","modified_gmt":"2021-03-13T09:13:28","slug":"vallemaggia-wandern-in-einem-spektakulaeren-tessiner-tal","status":"publish","type":"product","link":"https:\/\/pizbube.ch\/en\/shop\/vallemaggia-wandern-in-einem-spektakulaeren-tessiner-tal\/","title":{"rendered":"Vallemaggia &#8211; Wandern in einem spektakul\u00e4ren Tessiner Tal"},"content":{"rendered":"<p>Unten die betriebsamen D\u00f6rfer, oben die verl\u00e4ssliche Ruhe, unten die Zukunft,<br \/>\noben die Vergangenheit. Dazwischen liegt die Gegenwart dieses gro\u00dfen Tessiner<br \/>\nTals.<\/p>\n<p>Oben die Ruhe:<br \/>\nVer\u00e4stelt, verzweigt, verwinkelt \u2013 Vallemaggia, Val Bavona, Val Lavizzara,<br \/>\nValle di Peccia, Val hier Valle dort, das Maggiatal im Kanton Tessin will<br \/>\nentdeckt sein. Zur Vielfalt der T\u00e4ler kommt das Unten und das Oben:<\/p>\n<p>unten die betriebsamen D\u00f6rfer, oben die verl\u00e4ssliche Ruhe, unten die Zukunft,<br \/>\noben die Vergangenheit. Dazwischen liegt die Gegenwart. Genau dahin f\u00fchren die<br \/>\n40 Wandertage dieses Buches, manchmal flach, dann wieder hinauf \u00fcber<br \/>\ntausendundeine Treppenstufe und durch Kastanienw\u00e4lder hinab. Der Streifzug<br \/>\ndurch die Gegenwart zeigt einerseits die Spuren der Vergangenheit,<br \/>\nandererseits auch verschiedene Projekte der Zukunft: Nationalpark,<br \/>\ninternationale Kunstschule, professionelles Tourismusmarketing.<\/p>\n<p>Das Maggiatal ist steil. Das macht das Wandern nicht immer gem\u00e4chlich, aber<br \/>\nstets spannend. Die Wege sind oft spektakul\u00e4r angelegt und gut unterhalten.<br \/>\nDie Wanderungen sind von unterschiedlicher L\u00e4nge, von verschiedener<br \/>\nSchwierigkeit und sie verlaufen in unterschiedlichen H\u00f6hen. Praktische<br \/>\nInformationen zu Verkehrsmitteln, Unterk\u00fcnften, Restaurants und zu<br \/>\nSehenswertem am Wegrand erg\u00e4nzen die Wandervorschl\u00e4ge.<\/p>\n<p>272 Seiten, 19.0 \u00d7 12.0 cm, Klappenbroschur<\/p>\n<p>Aktualisierte 3. Auflage 2021<br \/>\nMit Farbfotos, Routenskizzen und Serviceteil<br \/>\nMit GPS-Daten<\/p>","protected":false},"excerpt":{"rendered":"<p>Unten die betriebsamen D\u00f6rfer, oben die verl\u00e4ssliche Ruhe, unten die Zukunft, oben die Vergangenheit. Dazwischen liegt die Gegenwart dieses gro\u00dfen Tessiner Tals. Oben die Ruhe: Ver\u00e4stelt, verzweigt, verwinkelt \u2013 Vallemaggia, Val Bavona, Val Lavizzara, Valle di Peccia, Val hier Valle dort, das Maggiatal im Kanton Tessin will entdeckt sein. Zur Vielfalt der T\u00e4ler kommt das [&#8230;]\n","protected":false},"featured_media":156387,"template":"","meta":[],"product_brand":[],"product_cat":[21605],"product_tag":[],"class_list":{"0":"post-148803","1":"product","2":"type-product","3":"status-publish","4":"has-post-thumbnail","6":"product_cat-wanderfuehrer-trekking","7":"pa_autor-bachmann","8":"pa_erscheinungsjahr-25440","9":"pa_region-schweiz","10":"pa_sprache-de","12":"first","13":"instock","14":"taxable","15":"shipping-taxable","16":"purchasable","17":"product-type-simple"},"_links":{"self":[{"href":"https:\/\/pizbube.ch\/en\/wp-json\/wp\/v2\/product\/148803","targetHints":{"allow":["GET"]}}],"collection":[{"href":"https:\/\/pizbube.ch\/en\/wp-json\/wp\/v2\/product"}],"about":[{"href":"https:\/\/pizbube.ch\/en\/wp-json\/wp\/v2\/types\/product"}],"wp:featuredmedia":[{"embeddable":true,"href":"https:\/\/pizbube.ch\/en\/wp-json\/wp\/v2\/media\/156387"}],"wp:attachment":[{"href":"https:\/\/pizbube.ch\/en\/wp-json\/wp\/v2\/media?parent=148803"}],"wp:term":[{"taxonomy":"product_brand","embeddable":true,"href":"https:\/\/pizbube.ch\/en\/wp-json\/wp\/v2\/product_brand?post=148803"},{"taxonomy":"product_cat","embeddable":true,"href":"https:\/\/pizbube.ch\/en\/wp-json\/wp\/v2\/product_cat?post=148803"},{"taxonomy":"product_tag","embeddable":true,"href":"https:\/\/pizbube.ch\/en\/wp-json\/wp\/v2\/product_tag?post=148803"}],"curies":[{"name":"wp","href":"https:\/\/api.w.org\/{rel}","templated":true}]}}