{"id":148805,"date":"2021-01-15T10:58:10","date_gmt":"2021-01-15T10:58:10","guid":{"rendered":"https:\/\/codengine3.ch\/?product=import-placeholder-for-208021"},"modified":"2026-03-05T10:19:12","modified_gmt":"2026-03-05T09:19:12","slug":"verzasca-boulder","status":"publish","type":"product","link":"https:\/\/pizbube.ch\/en\/shop\/verzasca-boulder\/","title":{"rendered":"Verzasca Boulder"},"content":{"rendered":"<p>+ Brione<br \/>\n+ Lavertezzo<\/p>\n<p>In einem Tal, das weitgehend aus Fels besteht, ist auch das Angebot an<br \/>\nBoulderpassagen gross. In Brione Verzasca gibt es sie f\u00fcr jeden Geschmack und<br \/>\njedes Kletterniveau. Am Flussufer, in den W\u00e4ldern und selbst auf den Wiesen.<br \/>\nSie sind wundersch\u00f6n! Die Geschichte von VerzascaBoulder begann 1999 mit den<br \/>\nersten Besuchen von Bernd Zangerl und Freunden.<\/p>\n<p>Das Medien-Tamtam machte die Region dann zu einer Art Pilgerst\u00e4tte f\u00fcr<br \/>\nKletterer aus aller Welt. Heute m\u00f6chten wir diese Schatztruhe \u00f6ffnen und eines<br \/>\nder allersch\u00f6nsten Bouldergebiete vorstellen. Sie kommt zu den vielen anderen<br \/>\nber\u00fchmten und vielger\u00fchmten Kletterspots des Tessins hinzu.<\/p>\n<p>160 Seiten<br \/>\n19 Sektoren<br \/>\n&gt; 550 passaggi<\/p>","protected":false},"excerpt":{"rendered":"<p>+ Brione + Lavertezzo In einem Tal, das weitgehend aus Fels besteht, ist auch das Angebot an Boulderpassagen gross. In Brione Verzasca gibt es sie f\u00fcr jeden Geschmack und jedes Kletterniveau. Am Flussufer, in den W\u00e4ldern und selbst auf den Wiesen. Sie sind wundersch\u00f6n! Die Geschichte von VerzascaBoulder begann 1999 mit den ersten Besuchen von [&#8230;]\n","protected":false},"featured_media":156338,"template":"","meta":[],"product_brand":[],"product_cat":[21539],"product_tag":[27696],"class_list":{"0":"post-148805","1":"product","2":"type-product","3":"status-publish","4":"has-post-thumbnail","6":"product_cat-fuehrerliteratur-sportklettern-bouldern","7":"product_tag-ticino","8":"pa_autor-cameroni-grizzi-lodi","9":"pa_erscheinungsjahr-21586","10":"pa_region-schweiz","11":"pa_sprache-de-it-en","13":"first","14":"instock","15":"taxable","16":"shipping-taxable","17":"purchasable","18":"product-type-simple"},"_links":{"self":[{"href":"https:\/\/pizbube.ch\/en\/wp-json\/wp\/v2\/product\/148805","targetHints":{"allow":["GET"]}}],"collection":[{"href":"https:\/\/pizbube.ch\/en\/wp-json\/wp\/v2\/product"}],"about":[{"href":"https:\/\/pizbube.ch\/en\/wp-json\/wp\/v2\/types\/product"}],"wp:featuredmedia":[{"embeddable":true,"href":"https:\/\/pizbube.ch\/en\/wp-json\/wp\/v2\/media\/156338"}],"wp:attachment":[{"href":"https:\/\/pizbube.ch\/en\/wp-json\/wp\/v2\/media?parent=148805"}],"wp:term":[{"taxonomy":"product_brand","embeddable":true,"href":"https:\/\/pizbube.ch\/en\/wp-json\/wp\/v2\/product_brand?post=148805"},{"taxonomy":"product_cat","embeddable":true,"href":"https:\/\/pizbube.ch\/en\/wp-json\/wp\/v2\/product_cat?post=148805"},{"taxonomy":"product_tag","embeddable":true,"href":"https:\/\/pizbube.ch\/en\/wp-json\/wp\/v2\/product_tag?post=148805"}],"curies":[{"name":"wp","href":"https:\/\/api.w.org\/{rel}","templated":true}]}}