{"id":148808,"date":"2021-01-15T10:58:11","date_gmt":"2021-01-15T10:58:11","guid":{"rendered":"https:\/\/codengine3.ch\/?product=import-placeholder-for-206780"},"modified":"2021-01-15T14:51:53","modified_gmt":"2021-01-15T14:51:53","slug":"alpenmedizin","status":"publish","type":"product","link":"https:\/\/pizbube.ch\/en\/shop\/alpenmedizin\/","title":{"rendered":"Alpenmedizin"},"content":{"rendered":"<p>\nSteigern Sie Ihr Wohlbefinden mit der altbew\u00e4hrten Heilkunst aus den Bergen.  <\/p>\n<p>Kr\u00e4uter, Wasseranwendungen, aber auch Bewegung, Ern\u00e4hrung und soziale Kontakte<br \/>\ntragen zu einem gesunden Leben bei.  <\/p>\n<p>Apotheker Arnold Achm\u00fcller besch\u00e4ftigt sich seit Jahren mit der traditionellen<br \/>\nAlpenmedizin und \u00fcbertr\u00e4gt sie in das Heute &#8211; damit dieses Heilwissen nicht<br \/>\nverloren geht.- Welche alpinen Hausmittel helfen wirklich?- Wie k\u00f6nnen Worte<br \/>\nund Rituale heilen?- Wie gesund sind Beeren, Wurzeln und R\u00fcben?- Warum tut<br \/>\nH\u00f6henluft so gut?- Mit Leseband  <\/p>\n<p>Mehr als 60 Rezepte f\u00fcr Salben, Badezus\u00e4tze, Wickel und mehr.  <\/p>\n<p>Fester Einband, 272 Seiten  <\/p>","protected":false},"excerpt":{"rendered":"<p>Steigern Sie Ihr Wohlbefinden mit der altbew\u00e4hrten Heilkunst aus den Bergen. Kr\u00e4uter, Wasseranwendungen, aber auch Bewegung, Ern\u00e4hrung und soziale Kontakte tragen zu einem gesunden Leben bei. Apotheker Arnold Achm\u00fcller besch\u00e4ftigt sich seit Jahren mit der traditionellen Alpenmedizin und \u00fcbertr\u00e4gt sie in das Heute &#8211; damit dieses Heilwissen nicht verloren geht.- Welche alpinen Hausmittel helfen wirklich?- [&#8230;]\n","protected":false},"featured_media":36108,"template":"","meta":[],"product_brand":[],"product_cat":[21542],"product_tag":[],"class_list":{"0":"post-148808","1":"product","2":"type-product","3":"status-publish","4":"has-post-thumbnail","6":"product_cat-sachbuecher-dokumentationen","7":"pa_autor-achmueller","8":"pa_erscheinungsjahr-21546","9":"pa_region-italien","10":"pa_sprache-de","12":"first","13":"instock","14":"taxable","15":"shipping-taxable","16":"purchasable","17":"product-type-simple"},"_links":{"self":[{"href":"https:\/\/pizbube.ch\/en\/wp-json\/wp\/v2\/product\/148808","targetHints":{"allow":["GET"]}}],"collection":[{"href":"https:\/\/pizbube.ch\/en\/wp-json\/wp\/v2\/product"}],"about":[{"href":"https:\/\/pizbube.ch\/en\/wp-json\/wp\/v2\/types\/product"}],"wp:featuredmedia":[{"embeddable":true,"href":"https:\/\/pizbube.ch\/en\/wp-json\/wp\/v2\/media\/36108"}],"wp:attachment":[{"href":"https:\/\/pizbube.ch\/en\/wp-json\/wp\/v2\/media?parent=148808"}],"wp:term":[{"taxonomy":"product_brand","embeddable":true,"href":"https:\/\/pizbube.ch\/en\/wp-json\/wp\/v2\/product_brand?post=148808"},{"taxonomy":"product_cat","embeddable":true,"href":"https:\/\/pizbube.ch\/en\/wp-json\/wp\/v2\/product_cat?post=148808"},{"taxonomy":"product_tag","embeddable":true,"href":"https:\/\/pizbube.ch\/en\/wp-json\/wp\/v2\/product_tag?post=148808"}],"curies":[{"name":"wp","href":"https:\/\/api.w.org\/{rel}","templated":true}]}}