{"id":148809,"date":"2021-01-15T10:58:11","date_gmt":"2021-01-15T10:58:11","guid":{"rendered":"https:\/\/codengine3.ch\/?product=import-placeholder-for-200507"},"modified":"2022-08-25T09:00:14","modified_gmt":"2022-08-25T07:00:14","slug":"botanische-wanderungen-in-der-unesco-biosphaere-entlebuch","status":"publish","type":"product","link":"https:\/\/pizbube.ch\/en\/shop\/botanische-wanderungen-in-der-unesco-biosphaere-entlebuch\/","title":{"rendered":"Botanische Wanderungen in der UNESCO Biosph\u00e4re Entlebuch"},"content":{"rendered":"<p>Der Botanik-Wanderf\u00fchrer zur UNESCO Biosph\u00e4re Entlebuch<br \/>\nDer handliche Wanderf\u00fchrer vom ausgewiesenen Spezialisten der Entlebucher<br \/>\nFlora<\/p>\n<p>Das Entlebuch ist ein Paradies f\u00fcr Natur- und Wanderfreunde: Unterschiedliche<br \/>\nLandschaftstypen wie Moore, Auen, Magerwiesen, Laubmischw\u00e4lder oder<br \/>\nKalkschuttfluren wechseln sich auf kleinem Raum ab. Dieser Wanderf\u00fchrer l\u00e4dt<br \/>\ndazu ein, diese reiche voralpine Pflanzenwelt zu entdecken.<\/p>\n<p>Dabei werden die gesamte UNESCO Biosph\u00e4re Entlebuch sowie angrenzende Gebiete<br \/>\nin den Kantonen Obwalden und Bern durchwandert. Neben konkreten<br \/>\nWandervorschl\u00e4gen enth\u00e4lt der Band auch mehrere Hundert Fotos, um botanisch<br \/>\nnoch nicht so versierte LeserInnen mit den verschiedenen Pflanzen vertraut zu<br \/>\nmachen.<\/p>\n<p>1. Auflage 2020<br \/>\n224 Seiten, rund 880 Fotos, 20 Karten<br \/>\nFlexobroschur, 15,5 x 22,5 cm<\/p>","protected":false},"excerpt":{"rendered":"<p>Der Botanik-Wanderf\u00fchrer zur UNESCO Biosph\u00e4re Entlebuch Der handliche Wanderf\u00fchrer vom ausgewiesenen Spezialisten der Entlebucher Flora Das Entlebuch ist ein Paradies f\u00fcr Natur- und Wanderfreunde: Unterschiedliche Landschaftstypen wie Moore, Auen, Magerwiesen, Laubmischw\u00e4lder oder Kalkschuttfluren wechseln sich auf kleinem Raum ab. Dieser Wanderf\u00fchrer l\u00e4dt dazu ein, diese reiche voralpine Pflanzenwelt zu entdecken. Dabei werden die gesamte UNESCO [&#8230;]\n","protected":false},"featured_media":27115,"template":"","meta":[],"product_brand":[],"product_cat":[21605],"product_tag":[],"class_list":{"0":"post-148809","1":"product","2":"type-product","3":"status-publish","4":"has-post-thumbnail","6":"product_cat-wanderfuehrer-trekking","7":"pa_autor-portmann","8":"pa_erscheinungsjahr-21558","9":"pa_region-schweiz","10":"pa_sprache-de","12":"first","13":"onbackorder","14":"taxable","15":"shipping-taxable","16":"purchasable","17":"product-type-simple"},"_links":{"self":[{"href":"https:\/\/pizbube.ch\/en\/wp-json\/wp\/v2\/product\/148809","targetHints":{"allow":["GET"]}}],"collection":[{"href":"https:\/\/pizbube.ch\/en\/wp-json\/wp\/v2\/product"}],"about":[{"href":"https:\/\/pizbube.ch\/en\/wp-json\/wp\/v2\/types\/product"}],"wp:featuredmedia":[{"embeddable":true,"href":"https:\/\/pizbube.ch\/en\/wp-json\/wp\/v2\/media\/27115"}],"wp:attachment":[{"href":"https:\/\/pizbube.ch\/en\/wp-json\/wp\/v2\/media?parent=148809"}],"wp:term":[{"taxonomy":"product_brand","embeddable":true,"href":"https:\/\/pizbube.ch\/en\/wp-json\/wp\/v2\/product_brand?post=148809"},{"taxonomy":"product_cat","embeddable":true,"href":"https:\/\/pizbube.ch\/en\/wp-json\/wp\/v2\/product_cat?post=148809"},{"taxonomy":"product_tag","embeddable":true,"href":"https:\/\/pizbube.ch\/en\/wp-json\/wp\/v2\/product_tag?post=148809"}],"curies":[{"name":"wp","href":"https:\/\/api.w.org\/{rel}","templated":true}]}}