{"id":148810,"date":"2021-01-15T10:58:11","date_gmt":"2021-01-15T10:58:11","guid":{"rendered":"https:\/\/codengine3.ch\/?product=import-placeholder-for-205317"},"modified":"2021-04-13T11:27:26","modified_gmt":"2021-04-13T09:27:26","slug":"bluetenwanderungen-in-der-schweiz","status":"publish","type":"product","link":"https:\/\/pizbube.ch\/en\/shop\/bluetenwanderungen-in-der-schweiz\/","title":{"rendered":"Bl\u00fctenwanderungen in der Schweiz"},"content":{"rendered":"<p>Die sch\u00f6nsten Streifz\u00fcge zu besonderen Pflanzen<\/p>\n<p>Pflanzenbestimmungsb\u00fccher gibt es viele, doch wer wei\u00df schon,wann und wo eine<br \/>\nbestimmte Art besonders \u00fcppig und zuverl\u00e4ssig bl\u00fcht? Zum Beispiel der<br \/>\nHimmelsherold im Oberengadin oder die Wei\u00dfe Berg-Narzisse am Genfersee.<br \/>\nDieses Wanderbuch f\u00fchrt, dem Kalender der Bl\u00fchtermine folgend, in 30<br \/>\nWanderungen zu besonders eindr\u00fccklichen Standorten der sch\u00f6nsten und<br \/>\nspektakul\u00e4rsten Bl\u00fctenpflanzen der Schweiz.<\/p>\n<p>Die Auswahl reicht von leichten<br \/>\nAusfl\u00fcgen im Flachland und Jura bis zu anspruchsvolleren Touren im Gebirge.<br \/>\nErg\u00e4nzt werden die Wanderungen durch fundierte Informationen zu Lebensraum,<br \/>\nBesonderheiten, \u00d6kologie und Gef\u00e4hrdung der verschiedenen Pflanzenarten, und<br \/>\nbegleitet werden sie durch stimmungsvolle Fotos der Landschaften und der<br \/>\nPflanzen. Interessant sowohl f\u00fcr Einsteiger wie auch f\u00fcr Kenner der Pflanzen.<\/p>\n<p>Ein besonderes Wanderbuch f\u00fcr alle Natur- und Pflanzenliebhaber und<br \/>\n-liebhaberinnen und ein F\u00fchrer zu versteckten, unbekannten Pflanzenstandorten<br \/>\nin der Schweiz.<\/p>","protected":false},"excerpt":{"rendered":"<p>Die sch\u00f6nsten Streifz\u00fcge zu besonderen Pflanzen Pflanzenbestimmungsb\u00fccher gibt es viele, doch wer wei\u00df schon,wann und wo eine bestimmte Art besonders \u00fcppig und zuverl\u00e4ssig bl\u00fcht? Zum Beispiel der Himmelsherold im Oberengadin oder die Wei\u00dfe Berg-Narzisse am Genfersee. Dieses Wanderbuch f\u00fchrt, dem Kalender der Bl\u00fchtermine folgend, in 30 Wanderungen zu besonders eindr\u00fccklichen Standorten der sch\u00f6nsten und spektakul\u00e4rsten [&#8230;]\n","protected":false},"featured_media":33989,"template":"","meta":[],"product_brand":[],"product_cat":[21605],"product_tag":[],"class_list":{"0":"post-148810","1":"product","2":"type-product","3":"status-publish","4":"has-post-thumbnail","6":"product_cat-wanderfuehrer-trekking","7":"pa_autor-joss","8":"pa_erscheinungsjahr-21591","9":"pa_region-schweiz","10":"pa_sprache-de","12":"first","13":"outofstock","14":"taxable","15":"shipping-taxable","16":"purchasable","17":"product-type-simple"},"_links":{"self":[{"href":"https:\/\/pizbube.ch\/en\/wp-json\/wp\/v2\/product\/148810","targetHints":{"allow":["GET"]}}],"collection":[{"href":"https:\/\/pizbube.ch\/en\/wp-json\/wp\/v2\/product"}],"about":[{"href":"https:\/\/pizbube.ch\/en\/wp-json\/wp\/v2\/types\/product"}],"wp:featuredmedia":[{"embeddable":true,"href":"https:\/\/pizbube.ch\/en\/wp-json\/wp\/v2\/media\/33989"}],"wp:attachment":[{"href":"https:\/\/pizbube.ch\/en\/wp-json\/wp\/v2\/media?parent=148810"}],"wp:term":[{"taxonomy":"product_brand","embeddable":true,"href":"https:\/\/pizbube.ch\/en\/wp-json\/wp\/v2\/product_brand?post=148810"},{"taxonomy":"product_cat","embeddable":true,"href":"https:\/\/pizbube.ch\/en\/wp-json\/wp\/v2\/product_cat?post=148810"},{"taxonomy":"product_tag","embeddable":true,"href":"https:\/\/pizbube.ch\/en\/wp-json\/wp\/v2\/product_tag?post=148810"}],"curies":[{"name":"wp","href":"https:\/\/api.w.org\/{rel}","templated":true}]}}