{"id":148811,"date":"2021-01-15T10:58:11","date_gmt":"2021-01-15T10:58:11","guid":{"rendered":"https:\/\/codengine3.ch\/?product=import-placeholder-for-200579"},"modified":"2021-01-15T10:58:59","modified_gmt":"2021-01-15T10:58:59","slug":"unsere-alpenflora","status":"publish","type":"product","link":"https:\/\/pizbube.ch\/en\/shop\/unsere-alpenflora\/","title":{"rendered":"Unsere Alpenflora"},"content":{"rendered":"<p>Ein Pflanzenf\u00fchrer f\u00fcr Wanderer und Bergsteiger<\/p>\n<p>Jeder Wanderer, jeder Bergsteiger freut sich, wenn er im Sommer an einer<br \/>\nfarbigen Wiese vorbeikommt. Wer hat nicht schon gestaunt, wie aus einer<br \/>\nkleinen Felsenritze eine Blume ihren Kopf der Sonne entgegenstreckt? Aber &#8211;<br \/>\nHand aufs Herz &#8211; wer kann ihr sofort auswendig den Namen geben? Wer weiss,<br \/>\nwelche Gr\u00e4ser im rauen Klima \u00fcber 3000 m \u00fcberleben k\u00f6nnen? Und dass es in den<br \/>\nAlpen ungef\u00e4hr 25 Arten von Weidenstr\u00e4uchern gibt?  <\/p>\n<p>Welches sind die giftigen Pflanzen? Das Lehrbuch &#171;Unsere Alpenflora&#187; gibt<br \/>\nAntworten auf diese Fragen. Es l\u00e4sst uns die Vielfalt der Pflanzenwelt in den<br \/>\nBergen entdecken. Es erkl\u00e4rt, wie sich die verschiedenen Arten an die<br \/>\nBedingungen angepasst haben und auf welch vielf\u00e4ltige Art die Fortpflanzung<br \/>\ngesichert ist. &#171;Unsere Alpenflora&#187; ist eine kompakte Publikation, die in<br \/>\njedem Rucksack Platz findet.<\/p>\n<p>9. Auflage<\/p>","protected":false},"excerpt":{"rendered":"<p>Ein Pflanzenf\u00fchrer f\u00fcr Wanderer und Bergsteiger Jeder Wanderer, jeder Bergsteiger freut sich, wenn er im Sommer an einer farbigen Wiese vorbeikommt. Wer hat nicht schon gestaunt, wie aus einer kleinen Felsenritze eine Blume ihren Kopf der Sonne entgegenstreckt? Aber &#8211; Hand aufs Herz &#8211; wer kann ihr sofort auswendig den Namen geben? Wer weiss, welche [&#8230;]\n","protected":false},"featured_media":27343,"template":"","meta":[],"product_brand":[],"product_cat":[21538],"product_tag":[],"class_list":{"0":"post-148811","1":"product","2":"type-product","3":"status-publish","4":"has-post-thumbnail","6":"product_cat-lehrbuecher","7":"pa_autor-landolt","8":"pa_erscheinungsjahr-21597","9":"pa_region-fauna-flora-geologie-glaziologie","10":"pa_sprache-de","12":"first","13":"instock","14":"taxable","15":"shipping-taxable","16":"purchasable","17":"product-type-simple"},"_links":{"self":[{"href":"https:\/\/pizbube.ch\/en\/wp-json\/wp\/v2\/product\/148811","targetHints":{"allow":["GET"]}}],"collection":[{"href":"https:\/\/pizbube.ch\/en\/wp-json\/wp\/v2\/product"}],"about":[{"href":"https:\/\/pizbube.ch\/en\/wp-json\/wp\/v2\/types\/product"}],"wp:featuredmedia":[{"embeddable":true,"href":"https:\/\/pizbube.ch\/en\/wp-json\/wp\/v2\/media\/27343"}],"wp:attachment":[{"href":"https:\/\/pizbube.ch\/en\/wp-json\/wp\/v2\/media?parent=148811"}],"wp:term":[{"taxonomy":"product_brand","embeddable":true,"href":"https:\/\/pizbube.ch\/en\/wp-json\/wp\/v2\/product_brand?post=148811"},{"taxonomy":"product_cat","embeddable":true,"href":"https:\/\/pizbube.ch\/en\/wp-json\/wp\/v2\/product_cat?post=148811"},{"taxonomy":"product_tag","embeddable":true,"href":"https:\/\/pizbube.ch\/en\/wp-json\/wp\/v2\/product_tag?post=148811"}],"curies":[{"name":"wp","href":"https:\/\/api.w.org\/{rel}","templated":true}]}}