{"id":148814,"date":"2021-01-15T10:58:11","date_gmt":"2021-01-15T10:58:11","guid":{"rendered":"https:\/\/codengine3.ch\/?product=import-placeholder-for-204382"},"modified":"2021-01-15T14:32:35","modified_gmt":"2021-01-15T14:32:35","slug":"schneespiele","status":"publish","type":"product","link":"https:\/\/pizbube.ch\/en\/shop\/schneespiele\/","title":{"rendered":"Schneespiele"},"content":{"rendered":"<p>Die Autoren haben sich in diesem Buch zum Ziel gesetzt eine fundierte<br \/>\nGrundlage f\u00fcr das Spielen im Schnee zu schaffen. P\u00e4dagogische Anregungen f\u00fcr<br \/>\nSpiele die zum Weiterdenken und Ausprobieren im Schnee anregen. Schnee als<br \/>\nBaumaterial oder als Unterlage f\u00fcr verschiedene Rutschversuche, Experimente,<br \/>\nKinder f\u00fchrt er in die Welt des Spielens ein. Ein wunderbares Buch f\u00fcr Kinder<br \/>\nwie Erwachsene bestens geeignet.<\/p>","protected":false},"excerpt":{"rendered":"<p>Die Autoren haben sich in diesem Buch zum Ziel gesetzt eine fundierte Grundlage f\u00fcr das Spielen im Schnee zu schaffen. P\u00e4dagogische Anregungen f\u00fcr Spiele die zum Weiterdenken und Ausprobieren im Schnee anregen. Schnee als Baumaterial oder als Unterlage f\u00fcr verschiedene Rutschversuche, Experimente, Kinder f\u00fchrt er in die Welt des Spielens ein. Ein wunderbares Buch f\u00fcr [&#8230;]\n","protected":false},"featured_media":32235,"template":"","meta":[],"product_brand":[],"product_cat":[21538],"product_tag":[],"class_list":{"0":"post-148814","1":"product","2":"type-product","3":"status-publish","4":"has-post-thumbnail","6":"product_cat-lehrbuecher","7":"pa_autor-felder-frischmann","8":"pa_erscheinungsjahr-22060","9":"pa_region-alpin-winter","10":"pa_sprache-de","12":"first","13":"instock","14":"taxable","15":"shipping-taxable","16":"purchasable","17":"product-type-simple"},"_links":{"self":[{"href":"https:\/\/pizbube.ch\/en\/wp-json\/wp\/v2\/product\/148814","targetHints":{"allow":["GET"]}}],"collection":[{"href":"https:\/\/pizbube.ch\/en\/wp-json\/wp\/v2\/product"}],"about":[{"href":"https:\/\/pizbube.ch\/en\/wp-json\/wp\/v2\/types\/product"}],"wp:featuredmedia":[{"embeddable":true,"href":"https:\/\/pizbube.ch\/en\/wp-json\/wp\/v2\/media\/32235"}],"wp:attachment":[{"href":"https:\/\/pizbube.ch\/en\/wp-json\/wp\/v2\/media?parent=148814"}],"wp:term":[{"taxonomy":"product_brand","embeddable":true,"href":"https:\/\/pizbube.ch\/en\/wp-json\/wp\/v2\/product_brand?post=148814"},{"taxonomy":"product_cat","embeddable":true,"href":"https:\/\/pizbube.ch\/en\/wp-json\/wp\/v2\/product_cat?post=148814"},{"taxonomy":"product_tag","embeddable":true,"href":"https:\/\/pizbube.ch\/en\/wp-json\/wp\/v2\/product_tag?post=148814"}],"curies":[{"name":"wp","href":"https:\/\/api.w.org\/{rel}","templated":true}]}}