{"id":148815,"date":"2021-01-15T10:58:11","date_gmt":"2021-01-15T10:58:11","guid":{"rendered":"https:\/\/codengine3.ch\/?product=import-placeholder-for-205525"},"modified":"2021-01-15T14:41:57","modified_gmt":"2021-01-15T14:41:57","slug":"pfade-in-weiss","status":"publish","type":"product","link":"https:\/\/pizbube.ch\/en\/shop\/pfade-in-weiss\/","title":{"rendered":"Pfade in Weiss"},"content":{"rendered":"<p>Winterwandern, Schlitteln, Schneeschuhlaufen in den Schweizer Bergen  <\/p>\n<p>Schneeschuhwanderungen liegen im Trend. Markierte Trails bieten Einsteigern<br \/>\nneben Freude an der Natur auch Sicherheit &#8211; sie k\u00f6nnen so sportliches<br \/>\nFreizeitvergn\u00fcgen und unterhaltsamer Familienplausch sein. Dieses Buch nimmt<br \/>\nden Leser mit auf markierte Winterwanderungen, ausgeschilderte<br \/>\nSchneeschuhtrails und rasante Schlittelbahnen.  <\/p>\n<p>22 Touren in den verschiedenen Regionen der Schweiz laden ein, das Knirschen<br \/>\nunter den Wanderschuhen zu h\u00f6ren, auf Schneeschuhen durchs tiefe Weiss zu<br \/>\nwaten oder eine abenteuerliche Schlittenfahrt zu erleben.  <\/p>\n<p>Alle Tourenbeschreibungen werden erg\u00e4nzt durch einen sorgf\u00e4ltig recherchierten<br \/>\nServiceteil und viele Extratipps. Zahlreiche Farbfotos machen Lust und Laune,<br \/>\nin die verschneite Winterlandschaft hinauszuwandern. Im Jura streift man \u00fcber<br \/>\nsanfte H\u00fcgelz\u00fcge und durch m\u00e4rchenhaft verschneite W\u00e4lder. Man ist in alpinen<br \/>\nH\u00f6hen unterwegs, erlebt auf der Winterwanderung zur Britanniah\u00fctte den 4000er-<br \/>\nGipfelkranz rund um Saas-Fee und geniesst in Zermatt auf der Schneeschuhtour<br \/>\nvom Gornergrat zum Riffelberg einen traumhaften Matterhornblick.  <\/p>\n<p>2. aktualisierte Auflage 2010<br \/>\n160 Seiten, 12,5 x 18 cm, broschiert Softcover<br \/>\nMit 122 Abbildungen  <\/p>","protected":false},"excerpt":{"rendered":"<p>Winterwandern, Schlitteln, Schneeschuhlaufen in den Schweizer Bergen Schneeschuhwanderungen liegen im Trend. Markierte Trails bieten Einsteigern neben Freude an der Natur auch Sicherheit &#8211; sie k\u00f6nnen so sportliches Freizeitvergn\u00fcgen und unterhaltsamer Familienplausch sein. Dieses Buch nimmt den Leser mit auf markierte Winterwanderungen, ausgeschilderte Schneeschuhtrails und rasante Schlittelbahnen. 22 Touren in den verschiedenen Regionen der Schweiz laden [&#8230;]\n","protected":false},"featured_media":34256,"template":"","meta":[],"product_brand":[],"product_cat":[21605],"product_tag":[],"class_list":{"0":"post-148815","1":"product","2":"type-product","3":"status-publish","4":"has-post-thumbnail","6":"product_cat-wanderfuehrer-trekking","7":"pa_autor-ihle","8":"pa_erscheinungsjahr-21830","9":"pa_region-schweiz","10":"pa_sprache-de","12":"first","13":"instock","14":"taxable","15":"shipping-taxable","16":"purchasable","17":"product-type-simple"},"_links":{"self":[{"href":"https:\/\/pizbube.ch\/en\/wp-json\/wp\/v2\/product\/148815","targetHints":{"allow":["GET"]}}],"collection":[{"href":"https:\/\/pizbube.ch\/en\/wp-json\/wp\/v2\/product"}],"about":[{"href":"https:\/\/pizbube.ch\/en\/wp-json\/wp\/v2\/types\/product"}],"wp:featuredmedia":[{"embeddable":true,"href":"https:\/\/pizbube.ch\/en\/wp-json\/wp\/v2\/media\/34256"}],"wp:attachment":[{"href":"https:\/\/pizbube.ch\/en\/wp-json\/wp\/v2\/media?parent=148815"}],"wp:term":[{"taxonomy":"product_brand","embeddable":true,"href":"https:\/\/pizbube.ch\/en\/wp-json\/wp\/v2\/product_brand?post=148815"},{"taxonomy":"product_cat","embeddable":true,"href":"https:\/\/pizbube.ch\/en\/wp-json\/wp\/v2\/product_cat?post=148815"},{"taxonomy":"product_tag","embeddable":true,"href":"https:\/\/pizbube.ch\/en\/wp-json\/wp\/v2\/product_tag?post=148815"}],"curies":[{"name":"wp","href":"https:\/\/api.w.org\/{rel}","templated":true}]}}