{"id":148824,"date":"2021-01-15T10:58:11","date_gmt":"2021-01-15T10:58:11","guid":{"rendered":"https:\/\/codengine3.ch\/?product=import-placeholder-for-200510"},"modified":"2025-07-17T14:11:53","modified_gmt":"2025-07-17T12:11:53","slug":"sasso-remenno-climbing-map","status":"publish","type":"product","link":"https:\/\/pizbube.ch\/en\/shop\/sasso-remenno-climbing-map\/","title":{"rendered":"SASSO REMENNO CLIMBING MAP"},"content":{"rendered":"<p>Der Sasso Remenno ist ein riesiger und kompakter Granitblock, der vor<br \/>\nJahrhunderten oder noch fr\u00fcher von den Bergen \u00fcber dem Val Masino bis ins Tal<br \/>\ngefallen ist und der als der gr\u00f6\u00dfte Findling Europas gilt. Seine Oberseite<br \/>\nbesteht aus einer bequemen, grasigen Ebene, die man \u00fcber verschiedene<br \/>\nKletterrouten, die ab den 20er Jahren hier eingerichtet wurden, erreicht.<\/p>\n<p>Heute gibt es auf dem Sasso und den umliegenden Bl\u00f6cken mehr als 250 Routen<br \/>\nmit verschiedenen Schwierigkeitsgraden. Wegen seiner bequemen Lage und<br \/>\nangehnehmen Ausrichtung ist er unbestritten der am meisten frequentierte<br \/>\nKlettergarten in der ganzen Lombardei.<\/p>\n<p>Diese g\u00fcnstige und detaillierte Karte zeigt, auf der Grundlage von Fotos, die<br \/>\neinzelnen Routen dieser kleinen, aber wichtigen Ecke des Valtellina und<br \/>\nenth\u00e4lt auch bisher unver\u00f6ffentlichte Kletterg\u00e4rten.<\/p>\n<p>Sasso Remenno is a huge and compact boulder that fell in Val Masino from the<br \/>\nmountain above centuries ago, and it is considered the largest boulder in<br \/>\nEurope. Its summit is a comfortable plateau covered with grass and dotted by<br \/>\nbirches and can be reached through different climbing routes, discovered in<br \/>\nthe course of several years starting from the Twenties.<br \/>\nToday Sasso Remenno and its satellites feature more than 250 climbing routes<br \/>\nof varying difficulty, and for its comfort and exposure is for sure one of the<br \/>\nmost popular crags in Lombardy.<\/p>\n<p>This map is an economical and detailed picture guide of this small but<br \/>\nimportant corner of Valtellina, and includes new and unpublished crags.<\/p>","protected":false},"excerpt":{"rendered":"<p>Der Sasso Remenno ist ein riesiger und kompakter Granitblock, der vor Jahrhunderten oder noch fr\u00fcher von den Bergen \u00fcber dem Val Masino bis ins Tal gefallen ist und der als der gr\u00f6\u00dfte Findling Europas gilt. Seine Oberseite besteht aus einer bequemen, grasigen Ebene, die man \u00fcber verschiedene Kletterrouten, die ab den 20er Jahren hier eingerichtet [&#8230;]\n","protected":false},"featured_media":173994,"template":"","meta":[],"product_brand":[],"product_cat":[21539,21543],"product_tag":[26794],"class_list":{"0":"post-148824","1":"product","2":"type-product","3":"status-publish","4":"has-post-thumbnail","6":"product_cat-fuehrerliteratur-sportklettern-bouldern","7":"product_cat-landkarten","8":"product_tag-veltlin","9":"pa_erscheinungsjahr-21621","10":"pa_region-italien","11":"pa_sprache-en","13":"first","14":"instock","15":"taxable","16":"shipping-taxable","17":"purchasable","18":"product-type-simple"},"_links":{"self":[{"href":"https:\/\/pizbube.ch\/en\/wp-json\/wp\/v2\/product\/148824","targetHints":{"allow":["GET"]}}],"collection":[{"href":"https:\/\/pizbube.ch\/en\/wp-json\/wp\/v2\/product"}],"about":[{"href":"https:\/\/pizbube.ch\/en\/wp-json\/wp\/v2\/types\/product"}],"wp:featuredmedia":[{"embeddable":true,"href":"https:\/\/pizbube.ch\/en\/wp-json\/wp\/v2\/media\/173994"}],"wp:attachment":[{"href":"https:\/\/pizbube.ch\/en\/wp-json\/wp\/v2\/media?parent=148824"}],"wp:term":[{"taxonomy":"product_brand","embeddable":true,"href":"https:\/\/pizbube.ch\/en\/wp-json\/wp\/v2\/product_brand?post=148824"},{"taxonomy":"product_cat","embeddable":true,"href":"https:\/\/pizbube.ch\/en\/wp-json\/wp\/v2\/product_cat?post=148824"},{"taxonomy":"product_tag","embeddable":true,"href":"https:\/\/pizbube.ch\/en\/wp-json\/wp\/v2\/product_tag?post=148824"}],"curies":[{"name":"wp","href":"https:\/\/api.w.org\/{rel}","templated":true}]}}