{"id":148826,"date":"2021-01-15T10:58:11","date_gmt":"2021-01-15T10:58:11","guid":{"rendered":"https:\/\/codengine3.ch\/?product=import-placeholder-for-204560"},"modified":"2023-11-23T11:41:59","modified_gmt":"2023-11-23T10:41:59","slug":"valchiavenna-rock-71-klettergaerten-valchiavenna-valle-spluga-bergell-und-engadin","status":"publish","type":"product","link":"https:\/\/pizbube.ch\/en\/shop\/valchiavenna-rock-71-klettergaerten-valchiavenna-valle-spluga-bergell-und-engadin\/","title":{"rendered":"VALCHIAVENNA rock &#8211; 71 KLETTERG\u00c4RTEN: Valchiavenna, Valle Spluga, Bergell und Engadin"},"content":{"rendered":"<p>Valchiavenna, Valle Spluga, Bergell und Engadin<\/p>\n<p>Alle Kletterg\u00e4rten vom Valchiavenna bis ins Engadin. Mit mehr als siebzig<br \/>\nVorschl\u00e4gen deckt dieser F\u00fchrer ein weitl\u00e4ufiges Gebiet mit immensen<br \/>\nKletterm\u00f6glichkeiten ab, f\u00fcr jeden Geschmack, Schwierigkeitsgrad und jede<br \/>\nSaison.<\/p>\n<p>Nach einer l\u00e4ngeren Zeit des Stillstands gab es in den letzten 15 Jahren einen<br \/>\nregelrechten Boom und zahlreiche neue Kletterg\u00e4rten und Multipitch-Routen in<br \/>\nhohen und mittleren Lagen wurden erschlossen und eingerichtet. Hier stechen<br \/>\nbesonders der Klettergarten von Uschione mit seiner beachtlichen<br \/>\nWeiterentwicklung und die sonnige Wand von Strem im Val Bodengo hervor, wo<br \/>\nneben einer historischen Route der Seilschaft Paolo Cogliati und Nicola No\u00e8 in<br \/>\nden 2000ern viele weitere neue Routen erschlossen worden sind.<\/p>\n<p>Diese Gegend, geschichtstr\u00e4chtig und ber\u00fchmt f\u00fcr ihre Naturlandschaften, mit<br \/>\nden zwei gro\u00dfen Alpenp\u00e4ssen Maloja und Spl\u00fcgen und unz\u00e4hligen M\u00f6glichkeiten<br \/>\nf\u00fcr Outdoor-Sport ist mit Sicherheit ein ideales Ziel f\u00fcr alle Kletterer,<br \/>\nSportund Naturliebhaber.<\/p>","protected":false},"excerpt":{"rendered":"<p>Valchiavenna, Valle Spluga, Bergell und Engadin Alle Kletterg\u00e4rten vom Valchiavenna bis ins Engadin. Mit mehr als siebzig Vorschl\u00e4gen deckt dieser F\u00fchrer ein weitl\u00e4ufiges Gebiet mit immensen Kletterm\u00f6glichkeiten ab, f\u00fcr jeden Geschmack, Schwierigkeitsgrad und jede Saison. Nach einer l\u00e4ngeren Zeit des Stillstands gab es in den letzten 15 Jahren einen regelrechten Boom und zahlreiche neue Kletterg\u00e4rten [&#8230;]\n","protected":false},"featured_media":157877,"template":"","meta":[],"product_brand":[],"product_cat":[21539],"product_tag":[27373],"class_list":{"0":"post-148826","1":"product","2":"type-product","3":"status-publish","4":"has-post-thumbnail","6":"product_cat-fuehrerliteratur-sportklettern-bouldern","7":"product_tag-val-chiavenna-rock","8":"pa_autor-manzi","9":"pa_erscheinungsjahr-21546","10":"pa_region-schweiz","11":"pa_sprache-de","13":"first","14":"instock","15":"taxable","16":"shipping-taxable","17":"purchasable","18":"product-type-simple"},"_links":{"self":[{"href":"https:\/\/pizbube.ch\/en\/wp-json\/wp\/v2\/product\/148826","targetHints":{"allow":["GET"]}}],"collection":[{"href":"https:\/\/pizbube.ch\/en\/wp-json\/wp\/v2\/product"}],"about":[{"href":"https:\/\/pizbube.ch\/en\/wp-json\/wp\/v2\/types\/product"}],"wp:featuredmedia":[{"embeddable":true,"href":"https:\/\/pizbube.ch\/en\/wp-json\/wp\/v2\/media\/157877"}],"wp:attachment":[{"href":"https:\/\/pizbube.ch\/en\/wp-json\/wp\/v2\/media?parent=148826"}],"wp:term":[{"taxonomy":"product_brand","embeddable":true,"href":"https:\/\/pizbube.ch\/en\/wp-json\/wp\/v2\/product_brand?post=148826"},{"taxonomy":"product_cat","embeddable":true,"href":"https:\/\/pizbube.ch\/en\/wp-json\/wp\/v2\/product_cat?post=148826"},{"taxonomy":"product_tag","embeddable":true,"href":"https:\/\/pizbube.ch\/en\/wp-json\/wp\/v2\/product_tag?post=148826"}],"curies":[{"name":"wp","href":"https:\/\/api.w.org\/{rel}","templated":true}]}}