{"id":148830,"date":"2021-01-15T10:58:12","date_gmt":"2021-01-15T10:58:12","guid":{"rendered":"https:\/\/codengine3.ch\/?product=import-placeholder-for-204496"},"modified":"2021-03-09T16:00:23","modified_gmt":"2021-03-09T15:00:23","slug":"plaisir-sud-band-2","status":"publish","type":"product","link":"https:\/\/pizbube.ch\/en\/shop\/plaisir-sud-band-2\/","title":{"rendered":"plaisir SUD (Band 2)"},"content":{"rendered":"<p>Die komplett \u00fcberarbeitete und erweiterte Ausgabe des beliebten Kletterf\u00fchrers<br \/>\nf\u00fcr die Alpens\u00fcdseite.<\/p>\n<p>Band zwei startet im Aostatal, f\u00fchrt dich nach Turin und \u00fcber den Col de<br \/>\nMontgen\u00e9vre ins traumhafte Val Durance bis nach La B\u00e9rarde.<\/p>\n<p>Jede Region hat ihren eigenen Charme und fantastische Klettereien zu bieten.<br \/>\nAusserdem findest du Kletterziele f\u00fcr jede Jahreszeit und jedes Niveau. Viele<br \/>\nGebiete sind zudem perfekt geeignet f\u00fcr Familien.<\/p>\n<p>Le deuxi\u00e9me tome commence dans la Vall\u00e9e d\u2019Aoste, poursuit avec Turin, passe<br \/>\nle col de Montgen\u00e9vre pour arriver dans le pittoresque Val Durance et, pour<br \/>\nfinir, \u00e0 La B\u00e9rarde. Chaque r\u00e9gion poss\u00e9de son propre charme et vous propose<br \/>\nde merveilleuses voies. Dans les deux tomes se trouvent des sites convenant \u00e0<br \/>\nchaque saison et tous les niveaux. De plus, de nombreux sites sont<br \/>\nparfaitement adapt\u00e9s aux familles.<\/p>\n<p>Il secondo volume parte in Val d&#8217;Aosta, passa da Torino, supera il Colle del<br \/>\nMonginevro per arrivare nella bellissima Val Durance e fino a La B\u00e9rarde.<br \/>\nOgnuna di queste regioni ha le proprie caratteristiche a renderla speciale, ma<br \/>\nci sono sempre arrampicate bellissime. Inoltre, in ognuno dei due volumi<br \/>\ntroverete arrampicate di tutti i livelli e adatte ad ogni stagione; e molte<br \/>\ndelle zone descritte sono ottimamente adatte alle famiglie.<\/p>\n<p>App Guide inside<br \/>\nGratis zum F\u00fchrer erh\u00e4ltst du einen Downloadcode f\u00fcr eine kostenlose Anwendung<br \/>\nauf iOS und Android f\u00fcr 3 Jahre. Einfach die Vertical-Life App herunterladen,<br \/>\nCode im F\u00fchrer aufrubbeln und eingeben und schon hast du den \u00abplaisir SUD Band<br \/>\n2\u00bb auf deinem Mobilger\u00e4t f\u00fcr unterwegs.<\/p>\n<p>4-farbig, 216 Seiten, 38 Gebiete<br \/>\nFormat: 12.0 x 18.5 cm<\/p>","protected":false},"excerpt":{"rendered":"<ul>\n<li><a href=\"https:\/\/pizbube.ch\/wp-content\/uploads\/attachments\/a_014\/4D21C347F0A186E195764EECF9C0B8E6.pdf\" target=\"_blank\" rel=\"noopener\">PDF: Leseprobe_plaisir_sud_band_2<\/a><\/li>\n<\/ul>","protected":false},"featured_media":156237,"template":"","meta":[],"product_brand":[],"product_cat":[21539],"product_tag":[26797,26798],"class_list":{"0":"post-148830","1":"product","2":"type-product","3":"status-publish","4":"has-post-thumbnail","6":"product_cat-fuehrerliteratur-sportklettern-bouldern","7":"product_tag-plaisir-sued-2","8":"product_tag-schweiz-plaisir","9":"pa_autor-von-kaenel","10":"pa_erscheinungsjahr-21558","11":"pa_region-italien","12":"pa_sprache-de-fr-it","14":"first","15":"instock","16":"taxable","17":"shipping-taxable","18":"purchasable","19":"product-type-simple"},"_links":{"self":[{"href":"https:\/\/pizbube.ch\/en\/wp-json\/wp\/v2\/product\/148830","targetHints":{"allow":["GET"]}}],"collection":[{"href":"https:\/\/pizbube.ch\/en\/wp-json\/wp\/v2\/product"}],"about":[{"href":"https:\/\/pizbube.ch\/en\/wp-json\/wp\/v2\/types\/product"}],"wp:featuredmedia":[{"embeddable":true,"href":"https:\/\/pizbube.ch\/en\/wp-json\/wp\/v2\/media\/156237"}],"wp:attachment":[{"href":"https:\/\/pizbube.ch\/en\/wp-json\/wp\/v2\/media?parent=148830"}],"wp:term":[{"taxonomy":"product_brand","embeddable":true,"href":"https:\/\/pizbube.ch\/en\/wp-json\/wp\/v2\/product_brand?post=148830"},{"taxonomy":"product_cat","embeddable":true,"href":"https:\/\/pizbube.ch\/en\/wp-json\/wp\/v2\/product_cat?post=148830"},{"taxonomy":"product_tag","embeddable":true,"href":"https:\/\/pizbube.ch\/en\/wp-json\/wp\/v2\/product_tag?post=148830"}],"curies":[{"name":"wp","href":"https:\/\/api.w.org\/{rel}","templated":true}]}}