{"id":148831,"date":"2021-01-15T10:58:12","date_gmt":"2021-01-15T10:58:12","guid":{"rendered":"https:\/\/codengine3.ch\/?product=import-placeholder-for-204493"},"modified":"2021-03-09T15:47:04","modified_gmt":"2021-03-09T14:47:04","slug":"plaisir-sud-band-1","status":"publish","type":"product","link":"https:\/\/pizbube.ch\/en\/shop\/plaisir-sud-band-1\/","title":{"rendered":"plaisir SUD (Band 1)"},"content":{"rendered":"<p>Die komplett \u00fcberarbeitete und erweiterte Ausgabe des beliebten Kletterf\u00fchrers<br \/>\nf\u00fcr die Alpens\u00fcdseite.<\/p>\n<p>Der erste Band beschreibt die sch\u00f6nsten Klettergebiete Ossolas, das Plaisir-<br \/>\nMekka Tessin, weiter nach Lecco und Chiavenna bis zu den Traumtouren im<br \/>\nBergell.<\/p>\n<p>Jede Region hat ihren eigenen Charme und fantastische Klettereien zu bieten.<br \/>\nAusserdem findest du Kletterziele f\u00fcr jede Jahreszeit und jedes Niveau. Viele<br \/>\nGebiete sind zudem perfekt geeignet f\u00fcr Familien.<\/p>\n<p>Le premier tome d\u00e9crit les plus beaux sites d\u2019Ossola, le Tessin &#8211; la Mecque du<br \/>\nplaisir \u2013 avant de continuer avec Lecco et Chiavenna pour clore le tome par<br \/>\nles voies de r\u00eave du Val Bregaglia. Chaque r\u00e9gion poss\u00e9de son propre charme et<br \/>\nvous propose de merveilleuses voies. Des sites convenant \u00e0 chaque saison et<br \/>\ntous les niveaux. De plus, de nombreux sites sont parfaitement adapt\u00e9s aux<br \/>\nfamilles.<\/p>\n<p>Il primo volume descrive le zone pi\u00f9 belle nelle valli dell&#8217;Ossola, la mecca<br \/>\ndel plaisir, ossia il Ticino, la zona di Lecco, Chiavenna e le vie da sogno<br \/>\ndella Val Bregaglia. Molte delle zone descritte sono ottimamente adatte alle<br \/>\nfamiglie.<\/p>\n<p>App Guide inside<br \/>\nGratis zum F\u00fchrer erh\u00e4ltst du einen Downloadcode f\u00fcr eine kostenlose Anwendung<br \/>\nauf iOS und Android f\u00fcr 3 Jahre. Einfach die Vertical-Life App herunterladen,<br \/>\nCode im F\u00fchrer aufrubbeln und eingeben und schon hast du den \u00abplaisir SUD Band<br \/>\n1\u00bb auf deinem Mobilger\u00e4t f\u00fcr unterwegs<\/p>\n<p>4-farbig, 264 Seiten, 46 Gebiete<br \/>\nFormat: 12.0 x 18.5 cm<\/p>","protected":false},"excerpt":{"rendered":"<ul>\n<li><a href=\"https:\/\/pizbube.ch\/wp-content\/uploads\/attachments\/a_014\/4CE56EB4B603A0ED3102B3917F161099.pdf\" target=\"_blank\" rel=\"noopener\">PDF: Leseprobe_plaisir_sud_band1<\/a><\/li>\n<\/ul>","protected":false},"featured_media":156233,"template":"","meta":[],"product_brand":[],"product_cat":[21539],"product_tag":[26795,26796],"class_list":{"0":"post-148831","1":"product","2":"type-product","3":"status-publish","4":"has-post-thumbnail","6":"product_cat-fuehrerliteratur-sportklettern-bouldern","7":"product_tag-plaisir-sued-1","8":"product_tag-schweiz-plaisir-sued","9":"pa_autor-von-kaenel","10":"pa_erscheinungsjahr-21558","11":"pa_region-schweiz","12":"pa_sprache-de-fr-it","14":"first","15":"instock","16":"taxable","17":"shipping-taxable","18":"purchasable","19":"product-type-simple"},"_links":{"self":[{"href":"https:\/\/pizbube.ch\/en\/wp-json\/wp\/v2\/product\/148831","targetHints":{"allow":["GET"]}}],"collection":[{"href":"https:\/\/pizbube.ch\/en\/wp-json\/wp\/v2\/product"}],"about":[{"href":"https:\/\/pizbube.ch\/en\/wp-json\/wp\/v2\/types\/product"}],"wp:featuredmedia":[{"embeddable":true,"href":"https:\/\/pizbube.ch\/en\/wp-json\/wp\/v2\/media\/156233"}],"wp:attachment":[{"href":"https:\/\/pizbube.ch\/en\/wp-json\/wp\/v2\/media?parent=148831"}],"wp:term":[{"taxonomy":"product_brand","embeddable":true,"href":"https:\/\/pizbube.ch\/en\/wp-json\/wp\/v2\/product_brand?post=148831"},{"taxonomy":"product_cat","embeddable":true,"href":"https:\/\/pizbube.ch\/en\/wp-json\/wp\/v2\/product_cat?post=148831"},{"taxonomy":"product_tag","embeddable":true,"href":"https:\/\/pizbube.ch\/en\/wp-json\/wp\/v2\/product_tag?post=148831"}],"curies":[{"name":"wp","href":"https:\/\/api.w.org\/{rel}","templated":true}]}}