{"id":148835,"date":"2021-01-15T10:58:12","date_gmt":"2021-01-15T10:58:12","guid":{"rendered":"https:\/\/codengine3.ch\/?product=import-placeholder-for-208727"},"modified":"2025-05-27T15:32:04","modified_gmt":"2025-05-27T13:32:04","slug":"istra-and-kvarner","status":"publish","type":"product","link":"https:\/\/pizbube.ch\/en\/shop\/istra-and-kvarner\/","title":{"rendered":"Istra and Kvarner"},"content":{"rendered":"<p>2019 erschien eine neue Ausgabe des Kletterf\u00fchrers f\u00fcr Istrien und Kvarner.<br \/>\nDieser F\u00fchrer ist noch gr\u00f6\u00dfer und reicher, mit zus\u00e4tzlichen Gebieten von<br \/>\nGorski Kotar und Inseln: Vela Pe\u0161a, Golubinjak, Vrbovsko, Antovo,<br \/>\nPortafortuna, Belove stene, Ba\u0161ka, mit Zeichnungen f\u00fcr Lubenice, Babina,<br \/>\nOsor\u0161\u0107ica und Lukovo. Wie immer versuchen wir, jede Ausgabe besser und<br \/>\nn\u00fctzlicher zu machen.<\/p>\n<p>Der neue F\u00fchrer umfasst nun 36 Kletterg\u00e4rten und \u00fcber 2000 Routen. Alle<br \/>\nanderen Kletterg\u00e4rten wurden aktualisiert, frisch fotografiert und \u00fcberpr\u00fcft:<br \/>\nKompanj, Krku\u017e &amp; Balkon, \u010cirite\u017e, HC, Nugla, Raspadalica, Pandora, Buzetski<br \/>\nkanjon, Kamena vrata, Istarske toplice, \u010cepi\u0107, Ponte Porton, Pazin, Dvigrad,<br \/>\nLimski kanal, Rovinj, Vinkuran, Rabac, Brse\u010d, Mo\u0161\u010deni\u0107ka draga, Medveja, Vela<br \/>\ndraga, Kanjon Rje\u010dine, Veli vrh und Kamenjak.<\/p>\n<p>Der F\u00fchrer hat jetzt einen haltbareren Umschlag mit praktischem Band, das<br \/>\nn\u00fctzlich sein wird, da das Buch auf 464 Seiten gewachsen ist. Jeder, der das<br \/>\nGef\u00fchl hat, dass das Buch zu schwer ist, um es unter den Fels zu tragen, wird<br \/>\nes sicher zu sch\u00e4tzen wissen, dass der Preis eine kostenlose Vertical Life App<br \/>\nbeinhaltet, mit der Sie alle Felsw\u00e4nde des Buches auf Ihr Handy bekommen.<\/p>\n<p>Wie Sie es in unseren Publikationen bereits gewohnt sind, deckt der<br \/>\nReisef\u00fchrer pr\u00e4zise, informativ und mit einer Prise Humor alle Felsen der<br \/>\nRegion ab, mit aktualisierten Graden und Routenlinien, von denen jeder auf dem<br \/>\nFototopo markiert ist, oft aus mehreren Blickwinkeln. Der Reisef\u00fchrer<br \/>\nkombiniert Panoramadrohnenaufnahmen aus der Ferne mit super praktischen DOFAP-<br \/>\nFotos unter der Wand, welche das Bild ist, das Sie als Kletterer sehen werden,<br \/>\nwenn Sie ihre Route suchen.<\/p>\n<p>Das Buch enth\u00e4lt auch viele informative Texte \u00fcber Geschichte, Gastronomie und<br \/>\nNatur, sowie Klettertipps, Interviews mit prominenten Kletterern und lustige<br \/>\nGeschichten zum Zeitvertreib. Abgerundet wird das Ganze durch viele tolle<br \/>\nFotos und Ticklisten von Routen am Ende. Und vergessen wir nicht den Ruhetag<br \/>\nmit Tipps, was Sie sehen und erleben sollten, wenn Sie nicht klettern.<\/p>\n<p>&nbsp;<\/p>\n<p>In October 2019, a new edition of the Istria and Kvarner guidebook was<br \/>\npublished. It is much expanded with the additional areas of Gorski Kotar and<br \/>\nislands: Vela Pesa, Golubinjak, Vrbovsko, Antovo, Portafortuna, Belove stene,<br \/>\nand Baska added. The new guidebook now has 36 crags and over 2000 routes. All<br \/>\nthe crags have been updated with new photo-topos included.<\/p>\n<p><span class=\"entry--content\"> 2. Auflage 2019<br \/>\n<\/span>Sprache\/n: <span class=\"entry--content\"> Slowenisch, Englisch und Kroatisch (Kurzbeschreibungen in Deutsch, Italienisch und Franz\u00f6sisch)<br \/>\n<\/span>Seitenzahl: <span class=\"entry--content\"> 464<br \/>\n<\/span>Format: <span class=\"entry--content\"> A5, Soft cover<br \/>\ninkl. <\/span>App: <span class=\"entry--content\"> Vertical-Life\/Free download <\/span><\/p>","protected":false},"excerpt":{"rendered":"<p>2019 erschien eine neue Ausgabe des Kletterf\u00fchrers f\u00fcr Istrien und Kvarner. Dieser F\u00fchrer ist noch gr\u00f6\u00dfer und reicher, mit zus\u00e4tzlichen Gebieten von Gorski Kotar und Inseln: Vela Pe\u0161a, Golubinjak, Vrbovsko, Antovo, Portafortuna, Belove stene, Ba\u0161ka, mit Zeichnungen f\u00fcr Lubenice, Babina, Osor\u0161\u0107ica und Lukovo. Wie immer versuchen wir, jede Ausgabe besser und n\u00fctzlicher zu machen. Der [&#8230;]\n","protected":false},"featured_media":158774,"template":"","meta":[],"product_brand":[],"product_cat":[21539],"product_tag":[26953,26914,27264],"class_list":{"0":"post-148835","1":"product","2":"type-product","3":"status-publish","4":"has-post-thumbnail","6":"product_cat-fuehrerliteratur-sportklettern-bouldern","7":"product_tag-istria","8":"product_tag-istria-and-the-coastal-part-of-kvarner","9":"product_tag-istrien","10":"pa_autor-ravnik","11":"pa_erscheinungsjahr-21586","12":"pa_region-osteuropa","13":"pa_sprache-en-slow","15":"first","16":"outofstock","17":"taxable","18":"shipping-taxable","19":"purchasable","20":"product-type-simple"},"_links":{"self":[{"href":"https:\/\/pizbube.ch\/en\/wp-json\/wp\/v2\/product\/148835","targetHints":{"allow":["GET"]}}],"collection":[{"href":"https:\/\/pizbube.ch\/en\/wp-json\/wp\/v2\/product"}],"about":[{"href":"https:\/\/pizbube.ch\/en\/wp-json\/wp\/v2\/types\/product"}],"wp:featuredmedia":[{"embeddable":true,"href":"https:\/\/pizbube.ch\/en\/wp-json\/wp\/v2\/media\/158774"}],"wp:attachment":[{"href":"https:\/\/pizbube.ch\/en\/wp-json\/wp\/v2\/media?parent=148835"}],"wp:term":[{"taxonomy":"product_brand","embeddable":true,"href":"https:\/\/pizbube.ch\/en\/wp-json\/wp\/v2\/product_brand?post=148835"},{"taxonomy":"product_cat","embeddable":true,"href":"https:\/\/pizbube.ch\/en\/wp-json\/wp\/v2\/product_cat?post=148835"},{"taxonomy":"product_tag","embeddable":true,"href":"https:\/\/pizbube.ch\/en\/wp-json\/wp\/v2\/product_tag?post=148835"}],"curies":[{"name":"wp","href":"https:\/\/api.w.org\/{rel}","templated":true}]}}