{"id":148837,"date":"2021-01-15T10:58:18","date_gmt":"2021-01-15T10:58:18","guid":{"rendered":"https:\/\/codengine3.ch\/?product=import-placeholder-for-204868"},"modified":"2024-06-03T12:43:26","modified_gmt":"2024-06-03T10:43:26","slug":"dolomiten-routen-und-erlebnisse","status":"publish","type":"product","link":"https:\/\/pizbube.ch\/en\/shop\/dolomiten-routen-und-erlebnisse\/","title":{"rendered":"Dolomiten: Routen und Erlebnisse"},"content":{"rendered":"<p>50 ausgew\u00e4hlte Routen, repr\u00e4sentativ f\u00fcr die Vielfalt der Dolomiten, aus<br \/>\nklettertechnischer und historischer Sicht minuti\u00f6s dokumentiert, mit Skizzen,<br \/>\nBildern und den neuesten Informationen.<\/p>\n<p>Die gro\u00dfen Klassiker fehlen nat\u00fcrlich nicht. Neuentdeckungen von zu Unrecht<br \/>\nvernachl\u00e4ssigten Routen wurden ebenso wie g\u00e4nzlich unbekannte Wege<br \/>\naufgenommen. Alle k\u00f6nnen s\u00e4mtliche Modeerscheinungen \u00fcberdauern und sind<br \/>\nlohnende Ziele f\u00fcr gut vorbereitete und anspruchsvolle Alpinisten.<\/p>\n<p>Jede Route wird von einer Erz\u00e4hlung begleitet, denn wie ein Kunstwerk bedarf<br \/>\nauch ein klassischer Kletterweg einer Interpretation. Eine Route lebt nicht<br \/>\nzuletzt durch die Ereignisse, die mit ihr verbunden sind, und sie wird dadurch<br \/>\neinzigartig.<\/p>\n<p>Beim Wettbewerb &#8218;Leggimontagna&#8216; als bester Kletterf\u00fchrer des Jahres<br \/>\nausgezeichnet.<\/p>\n<p>Folgende Gebiete werden beschrieben:<br \/>\nODLE &#8211; PUEZ (6)<br \/>\nSELLA &#8211; SASSOLUNGO (7)<br \/>\nCATINACCIO &#8211; SCILIAR &#8211; MARMOLADA (10)<br \/>\nDOLOMITI AMPEZZANE &#8211; TRE CIME DI LAVAREDO (10)<br \/>\nPALE DI SAN MARTINO (4)<br \/>\nCIVETTA &#8211; MOIAZZA &#8211; DOLOMITI DI ZOLDO (8)<br \/>\nDOLOMITI DI BRENTA (5)<\/p>","protected":false},"excerpt":{"rendered":"<p>50 ausgew\u00e4hlte Routen, repr\u00e4sentativ f\u00fcr die Vielfalt der Dolomiten, aus klettertechnischer und historischer Sicht minuti\u00f6s dokumentiert, mit Skizzen, Bildern und den neuesten Informationen. Die gro\u00dfen Klassiker fehlen nat\u00fcrlich nicht. Neuentdeckungen von zu Unrecht vernachl\u00e4ssigten Routen wurden ebenso wie g\u00e4nzlich unbekannte Wege aufgenommen. Alle k\u00f6nnen s\u00e4mtliche Modeerscheinungen \u00fcberdauern und sind lohnende Ziele f\u00fcr gut vorbereitete und [&#8230;]\n","protected":false},"featured_media":173224,"template":"","meta":[],"product_brand":[],"product_cat":[21539],"product_tag":[],"class_list":{"0":"post-148837","1":"product","2":"type-product","3":"status-publish","4":"has-post-thumbnail","6":"product_cat-fuehrerliteratur-sportklettern-bouldern","7":"pa_autor-rabanser-bonaldo","8":"pa_erscheinungsjahr-21842","9":"pa_region-italien","10":"pa_sprache-de","12":"first","13":"instock","14":"taxable","15":"shipping-taxable","16":"purchasable","17":"product-type-simple"},"_links":{"self":[{"href":"https:\/\/pizbube.ch\/en\/wp-json\/wp\/v2\/product\/148837","targetHints":{"allow":["GET"]}}],"collection":[{"href":"https:\/\/pizbube.ch\/en\/wp-json\/wp\/v2\/product"}],"about":[{"href":"https:\/\/pizbube.ch\/en\/wp-json\/wp\/v2\/types\/product"}],"wp:featuredmedia":[{"embeddable":true,"href":"https:\/\/pizbube.ch\/en\/wp-json\/wp\/v2\/media\/173224"}],"wp:attachment":[{"href":"https:\/\/pizbube.ch\/en\/wp-json\/wp\/v2\/media?parent=148837"}],"wp:term":[{"taxonomy":"product_brand","embeddable":true,"href":"https:\/\/pizbube.ch\/en\/wp-json\/wp\/v2\/product_brand?post=148837"},{"taxonomy":"product_cat","embeddable":true,"href":"https:\/\/pizbube.ch\/en\/wp-json\/wp\/v2\/product_cat?post=148837"},{"taxonomy":"product_tag","embeddable":true,"href":"https:\/\/pizbube.ch\/en\/wp-json\/wp\/v2\/product_tag?post=148837"}],"curies":[{"name":"wp","href":"https:\/\/api.w.org\/{rel}","templated":true}]}}