{"id":148842,"date":"2021-01-15T10:58:19","date_gmt":"2021-01-15T10:58:19","guid":{"rendered":"https:\/\/codengine3.ch\/?product=import-placeholder-for-203895"},"modified":"2021-06-05T09:24:42","modified_gmt":"2021-06-05T07:24:42","slug":"everest-imax-film-gipfel-ohne-gnade-dvd","status":"publish","type":"product","link":"https:\/\/pizbube.ch\/en\/shop\/everest-imax-film-gipfel-ohne-gnade-dvd\/","title":{"rendered":"Everest Imax Film Gipfel ohne Gnade DVD"},"content":{"rendered":"<p>Der IMAX Film brilliert mit atemberaubenden, spektakul\u00e4ren Aufnahmen der<br \/>\nunber\u00fchrten und h\u00f6chst gef\u00e4hrlichen Bergwelt des Himalaya. Everest zeigt die<br \/>\nmagische Anziehungsrkaft des Bergsteigens in grossen H\u00f6hen.<\/p>\n<p>In diesem Film<br \/>\nerleben die Zuschauer hautnah, welche k\u00f6rperlichen und geistigen<br \/>\nH\u00f6chstleistungen von den Gipfelst\u00fcrmern gefordert werden &#8211; in einer H\u00f6he, in<br \/>\nder der Sauerstoffgehalt der Luft gerademal ein Drittel der normalen<br \/>\nSauerstoffmenge ausmacht.<\/p>\n<p>Mit 35 min. making of. Laufzeit ca. 45 Minuten, DVD<\/p>","protected":false},"excerpt":{"rendered":"<p>Der IMAX Film brilliert mit atemberaubenden, spektakul\u00e4ren Aufnahmen der unber\u00fchrten und h\u00f6chst gef\u00e4hrlichen Bergwelt des Himalaya. Everest zeigt die magische Anziehungsrkaft des Bergsteigens in grossen H\u00f6hen. In diesem Film erleben die Zuschauer hautnah, welche k\u00f6rperlichen und geistigen H\u00f6chstleistungen von den Gipfelst\u00fcrmern gefordert werden &#8211; in einer H\u00f6he, in der der Sauerstoffgehalt der Luft gerademal ein [&#8230;]\n","protected":false},"featured_media":31604,"template":"","meta":[],"product_brand":[],"product_cat":[21628],"product_tag":[],"class_list":{"0":"post-148842","1":"product","2":"type-product","3":"status-publish","4":"has-post-thumbnail","6":"product_cat-video-dvd-multimedia","7":"pa_autor-breashers","8":"pa_erscheinungsjahr-21776","9":"pa_region-asien","10":"pa_sprache-d","11":"pa_sprache-e","13":"first","14":"outofstock","15":"taxable","16":"shipping-taxable","17":"purchasable","18":"product-type-simple"},"_links":{"self":[{"href":"https:\/\/pizbube.ch\/en\/wp-json\/wp\/v2\/product\/148842","targetHints":{"allow":["GET"]}}],"collection":[{"href":"https:\/\/pizbube.ch\/en\/wp-json\/wp\/v2\/product"}],"about":[{"href":"https:\/\/pizbube.ch\/en\/wp-json\/wp\/v2\/types\/product"}],"wp:featuredmedia":[{"embeddable":true,"href":"https:\/\/pizbube.ch\/en\/wp-json\/wp\/v2\/media\/31604"}],"wp:attachment":[{"href":"https:\/\/pizbube.ch\/en\/wp-json\/wp\/v2\/media?parent=148842"}],"wp:term":[{"taxonomy":"product_brand","embeddable":true,"href":"https:\/\/pizbube.ch\/en\/wp-json\/wp\/v2\/product_brand?post=148842"},{"taxonomy":"product_cat","embeddable":true,"href":"https:\/\/pizbube.ch\/en\/wp-json\/wp\/v2\/product_cat?post=148842"},{"taxonomy":"product_tag","embeddable":true,"href":"https:\/\/pizbube.ch\/en\/wp-json\/wp\/v2\/product_tag?post=148842"}],"curies":[{"name":"wp","href":"https:\/\/api.w.org\/{rel}","templated":true}]}}