{"id":148843,"date":"2021-01-15T10:58:19","date_gmt":"2021-01-15T10:58:19","guid":{"rendered":"https:\/\/codengine3.ch\/?product=import-placeholder-for-205107"},"modified":"2021-01-15T14:38:46","modified_gmt":"2021-01-15T14:38:46","slug":"everest-die-komplette-serie-dvd","status":"publish","type":"product","link":"https:\/\/pizbube.ch\/en\/shop\/everest-die-komplette-serie-dvd\/","title":{"rendered":"Everest &#8211; Die komplette Serie (DVD)"},"content":{"rendered":"<p>\n&#171;Everest&#187; f\u00fchrt Sie auf den h\u00f6chsten Gipfel der Welt. Die spannende,<br \/>\nemotionsgeladene Dokumentation begleitet sechs Bergsteiger unter der F\u00fchrung<br \/>\ndes erfahrenen Expeditionsleiters Russell Brice bei ihrem Aufstieg vom<br \/>\nBasislager zum 8.850 Meter hohen Gipfel. In der mit modernster Technik<br \/>\ngefilmten sechsteiligen Serie sprechen die einzelnen Teilnehmer offen \u00fcber<br \/>\nihre \u00c4ngste und Hoffnungen.<\/p>\n<p>Alle 19 Folgen der Staffeln 1 bis 3 komplett auf 6 DVDs:<br \/>\nEVEREST 1 &#8211; Spiel mit dem Tod (2 DVDs)<br \/>\nEVEREST 2 &#8211; R\u00fcckkehr in eisige H\u00f6hen (2 DVDs)<br \/>\nEVEREST 3 &#8211; Berg ohne Gnade (2 DVDs)  <\/p>\n<p>Total 950 min.  <\/p>","protected":false},"excerpt":{"rendered":"<p>&#171;Everest&#187; f\u00fchrt Sie auf den h\u00f6chsten Gipfel der Welt. Die spannende, emotionsgeladene Dokumentation begleitet sechs Bergsteiger unter der F\u00fchrung des erfahrenen Expeditionsleiters Russell Brice bei ihrem Aufstieg vom Basislager zum 8.850 Meter hohen Gipfel. In der mit modernster Technik gefilmten sechsteiligen Serie sprechen die einzelnen Teilnehmer offen \u00fcber ihre \u00c4ngste und Hoffnungen. Alle 19 Folgen [&#8230;]\n","protected":false},"featured_media":40707,"template":"","meta":[],"product_brand":[],"product_cat":[21628],"product_tag":[],"class_list":{"0":"post-148843","1":"product","2":"type-product","3":"status-publish","4":"has-post-thumbnail","6":"product_cat-video-dvd-multimedia","7":"pa_autor-discovery-channel","8":"pa_erscheinungsjahr-21546","9":"pa_region-asien","10":"pa_sprache-de","12":"first","13":"outofstock","14":"taxable","15":"shipping-taxable","16":"purchasable","17":"product-type-simple"},"_links":{"self":[{"href":"https:\/\/pizbube.ch\/en\/wp-json\/wp\/v2\/product\/148843","targetHints":{"allow":["GET"]}}],"collection":[{"href":"https:\/\/pizbube.ch\/en\/wp-json\/wp\/v2\/product"}],"about":[{"href":"https:\/\/pizbube.ch\/en\/wp-json\/wp\/v2\/types\/product"}],"wp:featuredmedia":[{"embeddable":true,"href":"https:\/\/pizbube.ch\/en\/wp-json\/wp\/v2\/media\/40707"}],"wp:attachment":[{"href":"https:\/\/pizbube.ch\/en\/wp-json\/wp\/v2\/media?parent=148843"}],"wp:term":[{"taxonomy":"product_brand","embeddable":true,"href":"https:\/\/pizbube.ch\/en\/wp-json\/wp\/v2\/product_brand?post=148843"},{"taxonomy":"product_cat","embeddable":true,"href":"https:\/\/pizbube.ch\/en\/wp-json\/wp\/v2\/product_cat?post=148843"},{"taxonomy":"product_tag","embeddable":true,"href":"https:\/\/pizbube.ch\/en\/wp-json\/wp\/v2\/product_tag?post=148843"}],"curies":[{"name":"wp","href":"https:\/\/api.w.org\/{rel}","templated":true}]}}